{"id":359559,"date":"2026-02-28T07:46:27","date_gmt":"2026-02-28T04:46:27","guid":{"rendered":"https:\/\/ecoshop.ee\/maaratlemata\/peotelgi-kulgseinad-2-tk-valge-ja-must-vork\/"},"modified":"2026-05-15T04:16:03","modified_gmt":"2026-05-15T01:16:03","slug":"marquee-walls-2-pcs-white-and-black-mesh","status":"publish","type":"product","link":"https:\/\/ecoshop.ee\/en\/aiapaviljonid\/peotelgi-kulgseinad-2-tk-valge-ja-must-vork\/","title":{"rendered":"Marquee Sidewalls 2 Pieces, White And Black Mesh"},"content":{"rendered":"<p>Marquee side walls are the perfect addition to any marquee.<\/p>\n<\/p>\n<p>The garden tent wall is made of mesh and therefore provides effective protection against mosquitoes. The included hook and loop fasteners make the tent walls easy to install and ensure a stable attachment. The package includes two mesh tent panels.<\/p>\n<ul>\n<li>Color: white and black<\/li>\n<li>Net material: PE (polyethylene)<\/li>\n<li>Dimensions: 300 x 195 cm (L x H)<\/li>\n<li>With Velcro strips<\/li>\n<li>The set includes 2 items.<\/li>\n<\/ul>","protected":false},"excerpt":{"rendered":"<p>Peotelgi k\u00fclgseinad on ideaalne t\u00e4iendus igale peotelgile. Aiatelgi sein on valmistatud v\u00f5rgust ja t\u00e4nu sellele kaitseb t\u00f5husalt s\u00e4\u00e4skede eest. Komplektis olevate konksude&hellip;<\/p>","protected":false},"featured_media":359554,"comment_status":"open","ping_status":"closed","template":"","meta":{"wprm-recipe-roundup-name":"","wprm-recipe-roundup-description":""},"product_brand":[],"product_cat":[7038],"product_tag":[2127,7051,536,4867,540,7052,539],"class_list":{"0":"post-359559","1":"product","2":"type-product","3":"status-publish","4":"has-post-thumbnail","6":"product_cat-aiapaviljonid","7":"product_tag-aed-ja-muru","8":"product_tag-aiakujundus","9":"product_tag-kodu-ja-aed","10":"product_tag-ouetegevused","11":"product_tag-parcel","12":"product_tag-varjualaused","13":"product_tag-voodilinad","14":"pa_brand-vidaxl","16":"first","17":"instock","18":"taxable","19":"shipping-taxable","20":"purchasable","21":"product-type-simple"},"supplier_id":null,"supplier_sku":"","barcode":null,"atum_controlled":false,"out_stock_date":null,"out_stock_threshold":null,"inheritable":false,"inbound_stock":null,"stock_on_hold":null,"sold_today":null,"sales_last_days":null,"reserved_stock":null,"customer_returns":null,"warehouse_damage":null,"lost_in_post":null,"other_logs":null,"out_stock_days":null,"lost_sales":null,"has_location":null,"update_date":"2026-05-15T01:16:04","atum_locations":[],"atum_stock_status":"instock","restock_status":false,"low_stock_amount":"","sales_update_date":null,"calc_backorders":null,"aioseo_notices":[],"_links":{"self":[{"href":"https:\/\/ecoshop.ee\/en\/wp-json\/wp\/v2\/product\/359559","targetHints":{"allow":["GET"]}}],"collection":[{"href":"https:\/\/ecoshop.ee\/en\/wp-json\/wp\/v2\/product"}],"about":[{"href":"https:\/\/ecoshop.ee\/en\/wp-json\/wp\/v2\/types\/product"}],"replies":[{"embeddable":true,"href":"https:\/\/ecoshop.ee\/en\/wp-json\/wp\/v2\/comments?post=359559"}],"version-history":[{"count":0,"href":"https:\/\/ecoshop.ee\/en\/wp-json\/wp\/v2\/product\/359559\/revisions"}],"wp:featuredmedia":[{"embeddable":true,"href":"https:\/\/ecoshop.ee\/en\/wp-json\/wp\/v2\/media\/359554"}],"wp:attachment":[{"href":"https:\/\/ecoshop.ee\/en\/wp-json\/wp\/v2\/media?parent=359559"}],"wp:term":[{"taxonomy":"product_brand","embeddable":true,"href":"https:\/\/ecoshop.ee\/en\/wp-json\/wp\/v2\/product_brand?post=359559"},{"taxonomy":"product_cat","embeddable":true,"href":"https:\/\/ecoshop.ee\/en\/wp-json\/wp\/v2\/product_cat?post=359559"},{"taxonomy":"product_tag","embeddable":true,"href":"https:\/\/ecoshop.ee\/en\/wp-json\/wp\/v2\/product_tag?post=359559"}],"curies":[{"name":"wp","href":"https:\/\/api.w.org\/{rel}","templated":true}]}}