{"id":359893,"date":"2026-02-28T07:56:02","date_gmt":"2026-02-28T04:56:02","guid":{"rendered":"https:\/\/ecoshop.ee\/maaratlemata\/grilli-varikatus-koos-kuljeriiulitega-antratsiithall-teras\/"},"modified":"2026-05-02T16:46:30","modified_gmt":"2026-05-02T13:46:30","slug":"barbecue-canopy-with-carrying-shelves-anthracite-grey-steel","status":"publish","type":"product","link":"https:\/\/ecoshop.ee\/en\/aiapaviljonid\/grilli-varikatus-koos-kuljeriiulitega-antratsiithall-teras\/","title":{"rendered":"Barbecue Canopy with Side Shelves, Anthracite Grey, Steel"},"content":{"rendered":"<p>Do you want to enjoy a nice barbecue with family and friends on a hot summer day or a rainy day? This barbecue canopy is just what you need!<\/p>\n<\/p>\n<ul>\n<li> Stable frame: Steel is an exceptionally hard and strong material. It offers durability and stability.<\/li>\n<li>Durable roof: The PC board roof has thermal insulation and rain resistance, making the outdoor grill canopy suitable for outdoor use. <\/li>\n<li>Convenient design: The grill shelter has 2 side shelves that provide space for food and drinks, and the hanging bar can be used to hang grill accessories.<\/li>\n<\/ul>\n<p>Good to know:<\/p>\n<ul>\n<li>To make assembly as easy as possible, each product comes with an instruction manual. <\/li>\n<\/ul>\n<ul>\n<li>Color: anthracite gray<\/li>\n<li>Material: steel, PC board<\/li>\n<li>Overall dimensions: 220 x 115 x 230 cm (L x W x H)<\/li>\n<li>Side shelves size: 105 x 20 cm (L x W)<\/li>\n<\/ul>","protected":false},"excerpt":{"rendered":"<p>Kas soovite nautida m\u00f5nusat grilli koos pere ja s\u00f5pradega kuumal suvep\u00e4eval v\u00f5i vihmasel p\u00e4eval? See grilli varikatus on just see, mida vajate!&hellip;<\/p>","protected":false},"featured_media":359886,"comment_status":"open","ping_status":"closed","template":"","meta":{"wprm-recipe-roundup-name":"","wprm-recipe-roundup-description":""},"product_brand":[],"product_cat":[7038],"product_tag":[2127,7051,561,536,4867,540,7052],"class_list":{"0":"post-359893","1":"product","2":"type-product","3":"status-publish","4":"has-post-thumbnail","6":"product_cat-aiapaviljonid","7":"product_tag-aed-ja-muru","8":"product_tag-aiakujundus","9":"product_tag-antratsiithall","10":"product_tag-kodu-ja-aed","11":"product_tag-ouetegevused","12":"product_tag-parcel","13":"product_tag-varjualaused","14":"pa_brand-vidaxl","16":"first","17":"instock","18":"taxable","19":"shipping-taxable","20":"purchasable","21":"product-type-simple"},"supplier_id":null,"supplier_sku":"","barcode":null,"atum_controlled":false,"out_stock_date":null,"out_stock_threshold":null,"inheritable":false,"inbound_stock":null,"stock_on_hold":null,"sold_today":null,"sales_last_days":null,"reserved_stock":null,"customer_returns":null,"warehouse_damage":null,"lost_in_post":null,"other_logs":null,"out_stock_days":null,"lost_sales":null,"has_location":null,"update_date":"2026-05-02T13:46:31","atum_locations":[],"atum_stock_status":"instock","restock_status":false,"low_stock_amount":"","sales_update_date":null,"calc_backorders":null,"aioseo_notices":[],"_links":{"self":[{"href":"https:\/\/ecoshop.ee\/en\/wp-json\/wp\/v2\/product\/359893","targetHints":{"allow":["GET"]}}],"collection":[{"href":"https:\/\/ecoshop.ee\/en\/wp-json\/wp\/v2\/product"}],"about":[{"href":"https:\/\/ecoshop.ee\/en\/wp-json\/wp\/v2\/types\/product"}],"replies":[{"embeddable":true,"href":"https:\/\/ecoshop.ee\/en\/wp-json\/wp\/v2\/comments?post=359893"}],"version-history":[{"count":0,"href":"https:\/\/ecoshop.ee\/en\/wp-json\/wp\/v2\/product\/359893\/revisions"}],"wp:featuredmedia":[{"embeddable":true,"href":"https:\/\/ecoshop.ee\/en\/wp-json\/wp\/v2\/media\/359886"}],"wp:attachment":[{"href":"https:\/\/ecoshop.ee\/en\/wp-json\/wp\/v2\/media?parent=359893"}],"wp:term":[{"taxonomy":"product_brand","embeddable":true,"href":"https:\/\/ecoshop.ee\/en\/wp-json\/wp\/v2\/product_brand?post=359893"},{"taxonomy":"product_cat","embeddable":true,"href":"https:\/\/ecoshop.ee\/en\/wp-json\/wp\/v2\/product_cat?post=359893"},{"taxonomy":"product_tag","embeddable":true,"href":"https:\/\/ecoshop.ee\/en\/wp-json\/wp\/v2\/product_tag?post=359893"}],"curies":[{"name":"wp","href":"https:\/\/api.w.org\/{rel}","templated":true}]}}