{"id":360381,"date":"2026-02-28T08:11:04","date_gmt":"2026-02-28T05:11:04","guid":{"rendered":"https:\/\/ecoshop.ee\/maaratlemata\/varikatus-kardinatega-600-x-298-x-270-cm-valge-180-g-m%c2%b2\/"},"modified":"2026-05-13T09:27:55","modified_gmt":"2026-05-13T06:27:55","slug":"awning-with-curtains-600-x-298-x-270-cm-white-180-g-m%c2%b2","status":"publish","type":"product","link":"https:\/\/ecoshop.ee\/en\/aiapaviljonid\/varikatus-kardinatega-600-x-298-x-270-cm-valge-180-g-m%c2%b2\/","title":{"rendered":"Awning with Curtains, 600 x 298 x 270 Cm, White, 180 G\/M\u00b2"},"content":{"rendered":"<p>The gazebo is perfect for outdoor events such as performances, weddings, barbecues, hiking, etc. You can also install it in your backyard as a sunshade to spend time with guests and family.<\/p>\n<\/p>\n<p>The practical party tent is strong and durable thanks to its tubular steel frame. The protective top and removable curtains are both made of high-quality PA-coated polyester fabric, which is UV-resistant and therefore very suitable for outdoor use! The side panels allow you to enjoy a peaceful evening in privacy without being disturbed by insects. In addition, the beautiful canopy can be set up quickly and easily.<\/p>\n<\/p>\n<p>NOTE: The product should NEVER be used in bad weather, such as strong winds, heavy rain, snow, storms, etc.<\/p>\n<ul>\n<li>Colour: white<\/li>\n<li>Material: steel tubes, fabric (100% polyester)<\/li>\n<li>Dimensions: 600 x 298 x 270 cm (L x W x H)<\/li>\n<li>Eaves height: 200 cm<\/li>\n<li>With side curtains<\/li>\n<li>Water and dirt resistant, UV resistant<\/li>\n<li>Assembly required: yes<\/li>\n<\/ul>","protected":false},"excerpt":{"rendered":"<p>Lehtla sobib t\u00e4iuslikult \u00f5ues\u00fcndmusteks, nagu etendused, pulmad, grillpeod, matkamistel jne. Saate selle paigaldada ka tagaaeda p\u00e4ikesevarjuks, kus k\u00fclaliste ja perega aega veeta.&hellip;<\/p>","protected":false},"featured_media":360373,"comment_status":"open","ping_status":"closed","template":"","meta":{"wprm-recipe-roundup-name":"","wprm-recipe-roundup-description":""},"product_brand":[],"product_cat":[7038],"product_tag":[2127,7051,536,4867,540,7052,539],"class_list":{"0":"post-360381","1":"product","2":"type-product","3":"status-publish","4":"has-post-thumbnail","6":"product_cat-aiapaviljonid","7":"product_tag-aed-ja-muru","8":"product_tag-aiakujundus","9":"product_tag-kodu-ja-aed","10":"product_tag-ouetegevused","11":"product_tag-parcel","12":"product_tag-varjualaused","13":"product_tag-voodilinad","14":"pa_brand-vidaxl","16":"first","17":"instock","18":"taxable","19":"shipping-taxable","20":"purchasable","21":"product-type-simple"},"supplier_id":null,"supplier_sku":"","barcode":null,"atum_controlled":false,"out_stock_date":null,"out_stock_threshold":null,"inheritable":false,"inbound_stock":null,"stock_on_hold":null,"sold_today":null,"sales_last_days":null,"reserved_stock":null,"customer_returns":null,"warehouse_damage":null,"lost_in_post":null,"other_logs":null,"out_stock_days":null,"lost_sales":null,"has_location":null,"update_date":"2026-05-13T06:27:56","atum_locations":[],"atum_stock_status":"instock","restock_status":false,"low_stock_amount":"","sales_update_date":null,"calc_backorders":null,"aioseo_notices":[],"_links":{"self":[{"href":"https:\/\/ecoshop.ee\/en\/wp-json\/wp\/v2\/product\/360381","targetHints":{"allow":["GET"]}}],"collection":[{"href":"https:\/\/ecoshop.ee\/en\/wp-json\/wp\/v2\/product"}],"about":[{"href":"https:\/\/ecoshop.ee\/en\/wp-json\/wp\/v2\/types\/product"}],"replies":[{"embeddable":true,"href":"https:\/\/ecoshop.ee\/en\/wp-json\/wp\/v2\/comments?post=360381"}],"version-history":[{"count":0,"href":"https:\/\/ecoshop.ee\/en\/wp-json\/wp\/v2\/product\/360381\/revisions"}],"wp:featuredmedia":[{"embeddable":true,"href":"https:\/\/ecoshop.ee\/en\/wp-json\/wp\/v2\/media\/360373"}],"wp:attachment":[{"href":"https:\/\/ecoshop.ee\/en\/wp-json\/wp\/v2\/media?parent=360381"}],"wp:term":[{"taxonomy":"product_brand","embeddable":true,"href":"https:\/\/ecoshop.ee\/en\/wp-json\/wp\/v2\/product_brand?post=360381"},{"taxonomy":"product_cat","embeddable":true,"href":"https:\/\/ecoshop.ee\/en\/wp-json\/wp\/v2\/product_cat?post=360381"},{"taxonomy":"product_tag","embeddable":true,"href":"https:\/\/ecoshop.ee\/en\/wp-json\/wp\/v2\/product_tag?post=360381"}],"curies":[{"name":"wp","href":"https:\/\/api.w.org\/{rel}","templated":true}]}}