{"id":360419,"date":"2026-02-28T08:12:17","date_gmt":"2026-02-28T05:12:17","guid":{"rendered":"https:\/\/ecoshop.ee\/maaratlemata\/varikatus-kardinatega-4-x-3-m-valge\/"},"modified":"2026-04-07T09:48:52","modified_gmt":"2026-04-07T06:48:52","slug":"awning-with-curtains-4-x-3-m-white","status":"publish","type":"product","link":"https:\/\/ecoshop.ee\/en\/aiapaviljonid\/varikatus-kardinatega-4-x-3-m-valge\/","title":{"rendered":"Awning with curtains 4 x 3 M, White"},"content":{"rendered":"<p>The garden gazebo is ideal for outdoor celebrations such as small gatherings, weddings, barbecues, camping trips, etc. You can also install it in your backyard as a sunshade where you can spend time with your guests and family.<\/p>\n<\/p>\n<p>The gazebo has a stylish design with a ventilated roof, which ensures better air circulation and comfort. The strong and durable canopy has a powder-coated steel frame. The protective top with elegant adjustable curtains is made of high-quality polyester fabric, which is UV-resistant and waterproof, making it suitable for outdoor use! The fully closable curtains allow you to enjoy a peaceful evening without insects.<\/p>\n<\/p>\n<p>Installation is easy; no special tools are required.<\/p>\n<\/p>\n<p>NOTE: The product should NEVER be used in bad weather, such as strong winds, heavy rain, snow, storms, etc.<\/p>\n<ul>\n<li>Colour: white<\/li>\n<li>Frame material: powder-coated steel<\/li>\n<li>Roof material: polyamide coated fabric<\/li>\n<li>Curtain material: fabric<\/li>\n<li>Dimensions: 4 x 3 x 2.7 m (L x W x H)<\/li>\n<li>Roof height: 2 m<\/li>\n<li>Fabric: Polyester: 100%<\/li>\n<\/ul>","protected":false},"excerpt":{"rendered":"<p>Aialehtla on ideaalne \u00f5uepidustusteks nagu v\u00e4ikesed kokkusaamised, pulmad, grillpeod, matkamistel jne. Te saate selle paigaldada ka oma tagaaeda p\u00e4ikesevarjuks, kus oma k\u00fclaliste&hellip;<\/p>","protected":false},"featured_media":360411,"comment_status":"open","ping_status":"closed","template":"","meta":{"wprm-recipe-roundup-name":"","wprm-recipe-roundup-description":""},"product_brand":[],"product_cat":[7038],"product_tag":[2127,7051,536,4867,540,7052,539],"class_list":{"0":"post-360419","1":"product","2":"type-product","3":"status-publish","4":"has-post-thumbnail","6":"product_cat-aiapaviljonid","7":"product_tag-aed-ja-muru","8":"product_tag-aiakujundus","9":"product_tag-kodu-ja-aed","10":"product_tag-ouetegevused","11":"product_tag-parcel","12":"product_tag-varjualaused","13":"product_tag-voodilinad","14":"pa_brand-vidaxl","16":"first","17":"instock","18":"taxable","19":"shipping-taxable","20":"purchasable","21":"product-type-simple"},"supplier_id":null,"supplier_sku":"","barcode":null,"atum_controlled":false,"out_stock_date":null,"out_stock_threshold":null,"inheritable":false,"inbound_stock":null,"stock_on_hold":null,"sold_today":null,"sales_last_days":null,"reserved_stock":null,"customer_returns":null,"warehouse_damage":null,"lost_in_post":null,"other_logs":null,"out_stock_days":null,"lost_sales":null,"has_location":null,"update_date":"2026-04-07T06:48:52","atum_locations":[],"atum_stock_status":"instock","restock_status":false,"low_stock_amount":"","sales_update_date":null,"calc_backorders":null,"aioseo_notices":[],"_links":{"self":[{"href":"https:\/\/ecoshop.ee\/en\/wp-json\/wp\/v2\/product\/360419","targetHints":{"allow":["GET"]}}],"collection":[{"href":"https:\/\/ecoshop.ee\/en\/wp-json\/wp\/v2\/product"}],"about":[{"href":"https:\/\/ecoshop.ee\/en\/wp-json\/wp\/v2\/types\/product"}],"replies":[{"embeddable":true,"href":"https:\/\/ecoshop.ee\/en\/wp-json\/wp\/v2\/comments?post=360419"}],"version-history":[{"count":0,"href":"https:\/\/ecoshop.ee\/en\/wp-json\/wp\/v2\/product\/360419\/revisions"}],"wp:featuredmedia":[{"embeddable":true,"href":"https:\/\/ecoshop.ee\/en\/wp-json\/wp\/v2\/media\/360411"}],"wp:attachment":[{"href":"https:\/\/ecoshop.ee\/en\/wp-json\/wp\/v2\/media?parent=360419"}],"wp:term":[{"taxonomy":"product_brand","embeddable":true,"href":"https:\/\/ecoshop.ee\/en\/wp-json\/wp\/v2\/product_brand?post=360419"},{"taxonomy":"product_cat","embeddable":true,"href":"https:\/\/ecoshop.ee\/en\/wp-json\/wp\/v2\/product_cat?post=360419"},{"taxonomy":"product_tag","embeddable":true,"href":"https:\/\/ecoshop.ee\/en\/wp-json\/wp\/v2\/product_tag?post=360419"}],"curies":[{"name":"wp","href":"https:\/\/api.w.org\/{rel}","templated":true}]}}