{"id":360463,"date":"2026-02-28T08:13:08","date_gmt":"2026-02-28T05:13:08","guid":{"rendered":"https:\/\/ecoshop.ee\/maaratlemata\/loomatelk-pvc-37-x-37-m-roheline\/"},"modified":"2026-05-02T16:46:35","modified_gmt":"2026-05-02T13:46:35","slug":"animal-tent-pvc-37-x-37-m-green","status":"publish","type":"product","link":"https:\/\/ecoshop.ee\/en\/aiapaviljonid\/loomatelk-pvc-37-x-37-m-roheline\/","title":{"rendered":"Animal Tent, Pvc, 3.7 x 3.7 M, Green"},"content":{"rendered":"<p>A livestock tent is designed to house larger livestock such as horses, sheep and cows. It is well suited for protecting livestock from adverse weather conditions.<\/p>\n<\/p>\n<p>The cover of the animal tent is made of 100% PVC material, which is UV and water resistant. The frame is made of rust-proof steel. Therefore, it is very durable. The animal tent is easy to assemble. The package includes a canopy top, a steel frame and all other necessary accessories for setting up the tent.<\/p>\n<\/p>\n<p>NOTE: The product should NEVER be used in bad weather, such as strong winds, heavy rain, snow, storms, etc.<\/p>\n<\/p>\n<p><strong>Note<\/strong>: lower support frame not included<\/p>\n<ul>\n<li>Color: dark green<\/li>\n<li>Material: fabric (100% PVC), powder-coated steel<\/li>\n<li>Size: 3.7 x 3.7 m (W x L)<\/li>\n<li>Height: 1.6 m<\/li>\n<li>Roof: 500 g\/m\u00b2<\/li>\n<li>Pipe diameter: 38 mm<\/li>\n<li>Waterproof<\/li>\n<li>Assembly required: yes<\/li>\n<\/ul>","protected":false},"excerpt":{"rendered":"<p>Loomatelk on m\u00f5eldud suuremate kariloomade, n\u00e4iteks hobuste, lammaste ja lehmade hoidmiseks. See sobib h\u00e4sti kariloomade kaitsmiseks ebasoodsate ilmastikutingimuste eest. Loomatelgi kate on&hellip;<\/p>","protected":false},"featured_media":360455,"comment_status":"open","ping_status":"closed","template":"","meta":{"wprm-recipe-roundup-name":"","wprm-recipe-roundup-description":""},"product_brand":[],"product_cat":[7038],"product_tag":[2127,7051,536,4867,540,879,7052],"class_list":{"0":"post-360463","1":"product","2":"type-product","3":"status-publish","4":"has-post-thumbnail","6":"product_cat-aiapaviljonid","7":"product_tag-aed-ja-muru","8":"product_tag-aiakujundus","9":"product_tag-kodu-ja-aed","10":"product_tag-ouetegevused","11":"product_tag-parcel","12":"product_tag-roheline","13":"product_tag-varjualaused","14":"pa_brand-vidaxl","16":"first","17":"instock","18":"taxable","19":"shipping-taxable","20":"purchasable","21":"product-type-simple"},"supplier_id":null,"supplier_sku":"","barcode":null,"atum_controlled":false,"out_stock_date":null,"out_stock_threshold":null,"inheritable":false,"inbound_stock":null,"stock_on_hold":null,"sold_today":null,"sales_last_days":null,"reserved_stock":null,"customer_returns":null,"warehouse_damage":null,"lost_in_post":null,"other_logs":null,"out_stock_days":null,"lost_sales":null,"has_location":null,"update_date":"2026-05-02T13:46:35","atum_locations":[],"atum_stock_status":"instock","restock_status":false,"low_stock_amount":"","sales_update_date":null,"calc_backorders":null,"aioseo_notices":[],"_links":{"self":[{"href":"https:\/\/ecoshop.ee\/en\/wp-json\/wp\/v2\/product\/360463","targetHints":{"allow":["GET"]}}],"collection":[{"href":"https:\/\/ecoshop.ee\/en\/wp-json\/wp\/v2\/product"}],"about":[{"href":"https:\/\/ecoshop.ee\/en\/wp-json\/wp\/v2\/types\/product"}],"replies":[{"embeddable":true,"href":"https:\/\/ecoshop.ee\/en\/wp-json\/wp\/v2\/comments?post=360463"}],"version-history":[{"count":0,"href":"https:\/\/ecoshop.ee\/en\/wp-json\/wp\/v2\/product\/360463\/revisions"}],"wp:featuredmedia":[{"embeddable":true,"href":"https:\/\/ecoshop.ee\/en\/wp-json\/wp\/v2\/media\/360455"}],"wp:attachment":[{"href":"https:\/\/ecoshop.ee\/en\/wp-json\/wp\/v2\/media?parent=360463"}],"wp:term":[{"taxonomy":"product_brand","embeddable":true,"href":"https:\/\/ecoshop.ee\/en\/wp-json\/wp\/v2\/product_brand?post=360463"},{"taxonomy":"product_cat","embeddable":true,"href":"https:\/\/ecoshop.ee\/en\/wp-json\/wp\/v2\/product_cat?post=360463"},{"taxonomy":"product_tag","embeddable":true,"href":"https:\/\/ecoshop.ee\/en\/wp-json\/wp\/v2\/product_tag?post=360463"}],"curies":[{"name":"wp","href":"https:\/\/api.w.org\/{rel}","templated":true}]}}