{"id":360603,"date":"2026-02-28T08:16:28","date_gmt":"2026-02-28T05:16:28","guid":{"rendered":"https:\/\/ecoshop.ee\/maaratlemata\/kokkupandav-peotelk-3-x-45-m-valge\/"},"modified":"2026-04-25T16:57:24","modified_gmt":"2026-04-25T13:57:24","slug":"foldable-party-tent-3-x-45-m-white","status":"publish","type":"product","link":"https:\/\/ecoshop.ee\/en\/aiapaviljonid\/kokkupandav-peotelk-3-x-45-m-valge\/","title":{"rendered":"Folding Party Tent 3 x 4.5 M, White"},"content":{"rendered":"<p>This foldable tent is ideal for various outdoor events such as performances, weddings, parties, barbecues, festivals, etc. You can also set it up in your backyard as a large sunshade for your family and friends.<\/p>\n<\/p>\n<p>This foldable party tent is made of durable powder-coated steel and is extremely durable. The roof cover is made of PVC-coated Oxford fabric and is 100% waterproof and UV-resistant. The tent is foldable for easy storage and transport.<\/p>\n<\/p>\n<p>Installation accessories, such as ropes and ground stakes, are included in the delivery. The gazebo is easy to assemble.<\/p>\n<\/p>\n<\/p>\n<p>NOTE: This product should NEVER be used in bad weather conditions such as high winds, heavy rain, snow, storms, etc.<\/p>\n<p>Note: This product is not suitable for use as a carport.<\/p>\n<ul>\n<li>Colour: white<\/li>\n<li>Roof material: PVC coated 600D oxford fabric (waterproof)<\/li>\n<li>Frame material: powder-coated steel<\/li>\n<li>Dimensions: 300 x 450 x 315 cm (L x W x H)<\/li>\n<li>Eaves height from the ground: 2.35 m<\/li>\n<li>UV-resistant and waterproof<\/li>\n<li>The package includes 8 stakes and 4 ropes.<\/li>\n<li>Fabric: Polyester: 100%<\/li>\n<\/ul>","protected":false},"excerpt":{"rendered":"<p>See kokkupandav telk sobib ideaalselt mitmesugusteks v\u00e4li\u00fcritusteks, nagu etendused, pulmad, peod, grillimised, festivalid jne. Saate selle paigaldada ka oma tagaaeda suure p\u00e4ikesevarjuna&hellip;<\/p>","protected":false},"featured_media":360598,"comment_status":"open","ping_status":"closed","template":"","meta":{"wprm-recipe-roundup-name":"","wprm-recipe-roundup-description":""},"product_brand":[],"product_cat":[7038],"product_tag":[2127,7051,536,4867,540,7052,539],"class_list":{"0":"post-360603","1":"product","2":"type-product","3":"status-publish","4":"has-post-thumbnail","6":"product_cat-aiapaviljonid","7":"product_tag-aed-ja-muru","8":"product_tag-aiakujundus","9":"product_tag-kodu-ja-aed","10":"product_tag-ouetegevused","11":"product_tag-parcel","12":"product_tag-varjualaused","13":"product_tag-voodilinad","14":"pa_brand-vidaxl","16":"first","17":"instock","18":"taxable","19":"shipping-taxable","20":"purchasable","21":"product-type-simple"},"supplier_id":null,"supplier_sku":"","barcode":null,"atum_controlled":false,"out_stock_date":null,"out_stock_threshold":null,"inheritable":false,"inbound_stock":null,"stock_on_hold":null,"sold_today":null,"sales_last_days":null,"reserved_stock":null,"customer_returns":null,"warehouse_damage":null,"lost_in_post":null,"other_logs":null,"out_stock_days":null,"lost_sales":null,"has_location":null,"update_date":"2026-04-25T13:57:24","atum_locations":[],"atum_stock_status":"instock","restock_status":false,"low_stock_amount":"","sales_update_date":null,"calc_backorders":null,"aioseo_notices":[],"_links":{"self":[{"href":"https:\/\/ecoshop.ee\/en\/wp-json\/wp\/v2\/product\/360603","targetHints":{"allow":["GET"]}}],"collection":[{"href":"https:\/\/ecoshop.ee\/en\/wp-json\/wp\/v2\/product"}],"about":[{"href":"https:\/\/ecoshop.ee\/en\/wp-json\/wp\/v2\/types\/product"}],"replies":[{"embeddable":true,"href":"https:\/\/ecoshop.ee\/en\/wp-json\/wp\/v2\/comments?post=360603"}],"version-history":[{"count":0,"href":"https:\/\/ecoshop.ee\/en\/wp-json\/wp\/v2\/product\/360603\/revisions"}],"wp:featuredmedia":[{"embeddable":true,"href":"https:\/\/ecoshop.ee\/en\/wp-json\/wp\/v2\/media\/360598"}],"wp:attachment":[{"href":"https:\/\/ecoshop.ee\/en\/wp-json\/wp\/v2\/media?parent=360603"}],"wp:term":[{"taxonomy":"product_brand","embeddable":true,"href":"https:\/\/ecoshop.ee\/en\/wp-json\/wp\/v2\/product_brand?post=360603"},{"taxonomy":"product_cat","embeddable":true,"href":"https:\/\/ecoshop.ee\/en\/wp-json\/wp\/v2\/product_cat?post=360603"},{"taxonomy":"product_tag","embeddable":true,"href":"https:\/\/ecoshop.ee\/en\/wp-json\/wp\/v2\/product_tag?post=360603"}],"curies":[{"name":"wp","href":"https:\/\/api.w.org\/{rel}","templated":true}]}}