{"id":381250,"date":"2026-02-28T20:56:07","date_gmt":"2026-02-28T17:56:07","guid":{"rendered":"https:\/\/ecoshop.ee\/maaratlemata\/sahtlitega-paevavoodi-ilma-madratsita-90x200-cm-mannipuit\/"},"modified":"2026-05-15T21:38:53","modified_gmt":"2026-05-15T18:38:53","slug":"daybed-with-drawers-without-mattress-90x200-cm-mannipuit","status":"publish","type":"product","link":"https:\/\/ecoshop.ee\/en\/voodid-ja-voodiraamid\/sahtlitega-paevavoodi-ilma-madratsita-90x200-cm-mannipuit\/","title":{"rendered":"Daybed with Drawers, Without Mattress, 90 x 200 Cm, Pine Wood"},"content":{"rendered":"<p>The 2-in-1 daybed with a pull-out section functions as both a sofa and a bed, making it a practical and eye-catching addition to your living room or bedroom.<\/p>\n<\/p>\n<ul>\n<li>Stable and long-lasting frame: Pine wood is known for its strength and durability. The straight grain and characteristic knots give it a rustic charm.<\/li>\n<li>Versatile sofa bed: The sofa bed functions as a sofa during the day and easily transforms into a bed at night by pulling out the bottom section, providing a convenient solution for accommodating guests and maximizing space.<\/li>\n<li>Slats for optimal support: The sofa bed frame is equipped with slats to provide the necessary support and breathability for your mattress.<\/li>\n<li>Spacious storage space: The guest bed has two drawers with enough space to store clothes, socks, toys, pillows, etc.<\/li>\n<\/ul>\n<p>Good to know:<\/p>\n<ul>\n<li>Mattresses are not included with the bed. We offer a wide range of mattresses. You can also find a suitable mattress in our store.<\/li>\n<\/ul>\n<ul>\n<li>Colour: white<\/li>\n<li>Material: solid pine wood<\/li>\n<li>Dimensions (extended): 203.5 x 184 x 56.5 cm (L x W x H)<\/li>\n<li>Dimensions (unextended): 203.5 x 97.5 x 56.5 cm (L x W x H)<\/li>\n<li>Sleeping area height from the ground: 21 cm<\/li>\n<li>Suitable mattress size: 90 x 200 cm (W x L)<\/li>\n<li>2 x mattresses required (not included)<\/li>\n<li>Bed drawer dimensions (each): 95 x 55 x 17 cm (W x D x H)<\/li>\n<li>Internal dimensions: 86.5 x 52.5 x 10 cm (W x D x H)<\/li>\n<li>Max load capacity (each): 20 kg<\/li>\n<li>Four wheels<\/li>\n<li><strong>The package includes:<\/strong><\/li>\n<li>1 x bed frame<\/li>\n<li>2 x drawers<\/li>\n<\/ul>","protected":false},"excerpt":{"rendered":"<p>V\u00e4ljat\u00f5mmatava osaga kaks-\u00fches p\u00e4evavoodi toimib nii diivani kui ka voodina, olles praktiline ja pilkup\u00fc\u00fcdev lisa teie elutuppa v\u00f5i magamistuppa. Stabiilne ja kauakestev&hellip;<\/p>","protected":false},"featured_media":381238,"comment_status":"open","ping_status":"closed","template":"","meta":{"wprm-recipe-roundup-name":"","wprm-recipe-roundup-description":""},"product_brand":[],"product_cat":[709],"product_tag":[547,540,548,549,539],"class_list":{"0":"post-381250","1":"product","2":"type-product","3":"status-publish","4":"has-post-thumbnail","6":"product_cat-voodid-ja-voodiraamid","7":"product_tag-moobel","8":"product_tag-parcel","9":"product_tag-voodid-ja-lisad","10":"product_tag-voodid-ja-voodiraamid","11":"product_tag-voodilinad","12":"pa_brand-vidaxl","14":"first","15":"instock","16":"taxable","17":"shipping-taxable","18":"purchasable","19":"product-type-simple"},"supplier_id":null,"supplier_sku":"","barcode":null,"atum_controlled":false,"out_stock_date":null,"out_stock_threshold":null,"inheritable":false,"inbound_stock":null,"stock_on_hold":null,"sold_today":null,"sales_last_days":null,"reserved_stock":null,"customer_returns":null,"warehouse_damage":null,"lost_in_post":null,"other_logs":null,"out_stock_days":null,"lost_sales":null,"has_location":null,"update_date":"2026-05-15T18:38:54","atum_locations":[],"atum_stock_status":"instock","restock_status":false,"low_stock_amount":"","sales_update_date":null,"calc_backorders":null,"aioseo_notices":[],"_links":{"self":[{"href":"https:\/\/ecoshop.ee\/en\/wp-json\/wp\/v2\/product\/381250","targetHints":{"allow":["GET"]}}],"collection":[{"href":"https:\/\/ecoshop.ee\/en\/wp-json\/wp\/v2\/product"}],"about":[{"href":"https:\/\/ecoshop.ee\/en\/wp-json\/wp\/v2\/types\/product"}],"replies":[{"embeddable":true,"href":"https:\/\/ecoshop.ee\/en\/wp-json\/wp\/v2\/comments?post=381250"}],"version-history":[{"count":0,"href":"https:\/\/ecoshop.ee\/en\/wp-json\/wp\/v2\/product\/381250\/revisions"}],"wp:featuredmedia":[{"embeddable":true,"href":"https:\/\/ecoshop.ee\/en\/wp-json\/wp\/v2\/media\/381238"}],"wp:attachment":[{"href":"https:\/\/ecoshop.ee\/en\/wp-json\/wp\/v2\/media?parent=381250"}],"wp:term":[{"taxonomy":"product_brand","embeddable":true,"href":"https:\/\/ecoshop.ee\/en\/wp-json\/wp\/v2\/product_brand?post=381250"},{"taxonomy":"product_cat","embeddable":true,"href":"https:\/\/ecoshop.ee\/en\/wp-json\/wp\/v2\/product_cat?post=381250"},{"taxonomy":"product_tag","embeddable":true,"href":"https:\/\/ecoshop.ee\/en\/wp-json\/wp\/v2\/product_tag?post=381250"}],"curies":[{"name":"wp","href":"https:\/\/api.w.org\/{rel}","templated":true}]}}