{"id":381895,"date":"2026-02-28T21:24:49","date_gmt":"2026-02-28T18:24:49","guid":{"rendered":"https:\/\/ecoshop.ee\/maaratlemata\/pink-110-cm-taispuidust-kumm\/"},"modified":"2026-05-15T09:30:30","modified_gmt":"2026-05-15T06:30:30","slug":"bench-110-cm-solid-wood-rubber","status":"publish","type":"product","link":"https:\/\/ecoshop.ee\/en\/koogi-ja-soogitoa-toolid\/pink-110-cm-taispuidust-kumm\/","title":{"rendered":"Bench 110 Cm Solid Wood Rubber"},"content":{"rendered":"<p>This bench is perfect for enhancing any interior space with an elegant touch.<\/p>\n<\/p>\n<ul>\n<li>Strong and stable: Rubberwood is a beautiful natural material. Rubberwood has dense fibers, which makes it shock-resistant and durable.<\/li>\n<li>Wooden legs: Wooden legs ensure excellent stability, giving the bench a natural and pleasant appearance.<\/li>\n<li>Comfortable sitting experience: The bench seat has a padded cushion, which provides a comfortable sitting experience when sitting.<\/li>\n<li>Versatile seating: This fabric bench is perfect for dining or as additional seating and fits perfectly into a variety of interior spaces, adding style and comfort to any room.<\/li>\n<\/ul>\n<ul>\n<li>Colour: white<\/li>\n<li>Material: rubber wood, fabric (100% polyester)<\/li>\n<li>Dimensions: 110 x 30 x 45 cm (W x D x H)<\/li>\n<li>Maximum load capacity (per seat): 110 kg<\/li>\n<li>Assembly required: yes<\/li>\n<\/ul>","protected":false},"excerpt":{"rendered":"<p>See pink sobib suurep\u00e4raselt mis tahes siseruumi t\u00e4iustamiseks elegantse puudutusega. Tugev ja stabiilne: kaut\u0161ukipuu on ilus looduslik materjal. Kaut\u0161ukipuu on tihedate kiududega,&hellip;<\/p>","protected":false},"featured_media":381886,"comment_status":"open","ping_status":"closed","template":"","meta":{"wprm-recipe-roundup-name":"","wprm-recipe-roundup-description":""},"product_brand":[],"product_cat":[727],"product_tag":[3638,547,540,685,539],"class_list":{"0":"post-381895","1":"product","2":"type-product","3":"status-publish","4":"has-post-thumbnail","6":"product_cat-koogi-ja-soogitoa-toolid","7":"product_tag-koogi-ja-soogitoa-toolid-2","8":"product_tag-moobel","9":"product_tag-parcel","10":"product_tag-pingid","11":"product_tag-voodilinad","12":"pa_brand-vidaxl","14":"first","15":"instock","16":"taxable","17":"shipping-taxable","18":"purchasable","19":"product-type-simple"},"supplier_id":null,"supplier_sku":"","barcode":null,"atum_controlled":false,"out_stock_date":null,"out_stock_threshold":null,"inheritable":false,"inbound_stock":null,"stock_on_hold":null,"sold_today":null,"sales_last_days":null,"reserved_stock":null,"customer_returns":null,"warehouse_damage":null,"lost_in_post":null,"other_logs":null,"out_stock_days":null,"lost_sales":null,"has_location":null,"update_date":"2026-05-15T06:30:30","atum_locations":[],"atum_stock_status":"instock","restock_status":false,"low_stock_amount":"","sales_update_date":null,"calc_backorders":null,"aioseo_notices":[],"_links":{"self":[{"href":"https:\/\/ecoshop.ee\/en\/wp-json\/wp\/v2\/product\/381895","targetHints":{"allow":["GET"]}}],"collection":[{"href":"https:\/\/ecoshop.ee\/en\/wp-json\/wp\/v2\/product"}],"about":[{"href":"https:\/\/ecoshop.ee\/en\/wp-json\/wp\/v2\/types\/product"}],"replies":[{"embeddable":true,"href":"https:\/\/ecoshop.ee\/en\/wp-json\/wp\/v2\/comments?post=381895"}],"version-history":[{"count":0,"href":"https:\/\/ecoshop.ee\/en\/wp-json\/wp\/v2\/product\/381895\/revisions"}],"wp:featuredmedia":[{"embeddable":true,"href":"https:\/\/ecoshop.ee\/en\/wp-json\/wp\/v2\/media\/381886"}],"wp:attachment":[{"href":"https:\/\/ecoshop.ee\/en\/wp-json\/wp\/v2\/media?parent=381895"}],"wp:term":[{"taxonomy":"product_brand","embeddable":true,"href":"https:\/\/ecoshop.ee\/en\/wp-json\/wp\/v2\/product_brand?post=381895"},{"taxonomy":"product_cat","embeddable":true,"href":"https:\/\/ecoshop.ee\/en\/wp-json\/wp\/v2\/product_cat?post=381895"},{"taxonomy":"product_tag","embeddable":true,"href":"https:\/\/ecoshop.ee\/en\/wp-json\/wp\/v2\/product_tag?post=381895"}],"curies":[{"name":"wp","href":"https:\/\/api.w.org\/{rel}","templated":true}]}}