{"id":382914,"date":"2026-02-28T22:15:16","date_gmt":"2026-02-28T19:15:16","guid":{"rendered":"https:\/\/ecoshop.ee\/maaratlemata\/hoiupinkide-komplekt-3-tk-pruun\/"},"modified":"2026-05-11T21:36:39","modified_gmt":"2026-05-11T18:36:39","slug":"hoiupinkide-komplekt-3-tk-pruun","status":"publish","type":"product","link":"https:\/\/ecoshop.ee\/en\/esikupingid\/hoiupinkide-komplekt-3-tk-pruun\/","title":{"rendered":"Storage Bench Set, 3 Pieces, Brown"},"content":{"rendered":"<p>Hoiupinkide komplekti kuulub pikk hoiupink ja kaks jalapinki. Elegantse tumepruuni viimistlusega komplekt sobib teie koju t\u00e4iuslikult.<\/p>\n<\/p>\n<p>Kahel otomanil ja pingil on puidust raam, mis on polsterdatud kvaliteetse ja h\u00f5lpsalt puhastatava kunstnahaga. N\u00f6\u00f6pidega pealne ja pehme sisu tagavad optimaalse mugavuse.<\/p>\n<\/p>\n<p>Samal ajal on komplekti all k\u00fcllaldaselt ruumi esemete hoiustamiseks. Peidetud hoiuruum muudab komplekti funktsionaalseks, m\u00f5jutamata selle stiilset v\u00e4limust.<\/p>\n<\/p>\n<p>Pingile kinnitatud k\u00e4epidemed ja jalapink tagavad mugavuse ning parema haarde, samas kui pandlad v\u00f5imaldavad pinkide komplekti t\u00e4iendava turvalisuse huvides lukku panna.<\/p>\n<ul>\n<li>Color: brown<\/li>\n<li>Raami materjal: m\u00e4nnipuit<\/li>\n<li>Pingi suurus: 112 x 36 x 42,5 cm (P x L x K)<\/li>\n<li>Jalapingi suurus: 43 x 31 x 37 cm (P x L x K)<\/li>\n<li> K\u00e4epidemed parema haarde jaoks<\/li>\n<li>Pandlad annavad antiikse v\u00e4limuse <\/li>\n<li>Riie: Pol\u00fcuretaan: 100%<\/li>\n<\/ul>","protected":false},"excerpt":{"rendered":"<p>Hoiupinkide komplekti kuulub pikk hoiupink ja kaks jalapinki. Elegantse tumepruuni viimistlusega komplekt sobib teie koju t\u00e4iuslikult. Kahel otomanil ja pingil on puidust&hellip;<\/p>","protected":false},"featured_media":382903,"comment_status":"open","ping_status":"closed","template":"","meta":{"wprm-recipe-roundup-name":"","wprm-recipe-roundup-description":""},"product_brand":[],"product_cat":[684],"product_tag":[686,547,554,540,685],"class_list":{"0":"post-382914","1":"product","2":"type-product","3":"status-publish","4":"has-post-thumbnail","6":"product_cat-esikupingid","7":"product_tag-esikupingid","8":"product_tag-moobel","9":"product_tag-ouemoobli-komplektid","10":"product_tag-parcel","11":"product_tag-pingid","12":"pa_brand-vidaxl","14":"first","15":"instock","16":"taxable","17":"shipping-taxable","18":"purchasable","19":"product-type-simple"},"supplier_id":null,"supplier_sku":"","barcode":null,"atum_controlled":false,"out_stock_date":null,"out_stock_threshold":null,"inheritable":false,"inbound_stock":null,"stock_on_hold":null,"sold_today":null,"sales_last_days":null,"reserved_stock":null,"customer_returns":null,"warehouse_damage":null,"lost_in_post":null,"other_logs":null,"out_stock_days":null,"lost_sales":null,"has_location":null,"update_date":"2026-05-11T18:36:40","atum_locations":[],"atum_stock_status":"instock","restock_status":false,"low_stock_amount":"","sales_update_date":null,"calc_backorders":null,"aioseo_notices":[],"_links":{"self":[{"href":"https:\/\/ecoshop.ee\/en\/wp-json\/wp\/v2\/product\/382914","targetHints":{"allow":["GET"]}}],"collection":[{"href":"https:\/\/ecoshop.ee\/en\/wp-json\/wp\/v2\/product"}],"about":[{"href":"https:\/\/ecoshop.ee\/en\/wp-json\/wp\/v2\/types\/product"}],"replies":[{"embeddable":true,"href":"https:\/\/ecoshop.ee\/en\/wp-json\/wp\/v2\/comments?post=382914"}],"version-history":[{"count":0,"href":"https:\/\/ecoshop.ee\/en\/wp-json\/wp\/v2\/product\/382914\/revisions"}],"wp:featuredmedia":[{"embeddable":true,"href":"https:\/\/ecoshop.ee\/en\/wp-json\/wp\/v2\/media\/382903"}],"wp:attachment":[{"href":"https:\/\/ecoshop.ee\/en\/wp-json\/wp\/v2\/media?parent=382914"}],"wp:term":[{"taxonomy":"product_brand","embeddable":true,"href":"https:\/\/ecoshop.ee\/en\/wp-json\/wp\/v2\/product_brand?post=382914"},{"taxonomy":"product_cat","embeddable":true,"href":"https:\/\/ecoshop.ee\/en\/wp-json\/wp\/v2\/product_cat?post=382914"},{"taxonomy":"product_tag","embeddable":true,"href":"https:\/\/ecoshop.ee\/en\/wp-json\/wp\/v2\/product_tag?post=382914"}],"curies":[{"name":"wp","href":"https:\/\/api.w.org\/{rel}","templated":true}]}}