{"id":386314,"date":"2026-03-01T00:16:07","date_gmt":"2026-02-28T21:16:07","guid":{"rendered":"https:\/\/ecoshop.ee\/maaratlemata\/monitorialus-must-37-x-28-x-115-cm\/"},"modified":"2026-04-26T15:29:53","modified_gmt":"2026-04-26T12:29:53","slug":"monitor-stand-black-37-x-28-x-115-cm","status":"publish","type":"product","link":"https:\/\/ecoshop.ee\/en\/telerialused\/monitorialus-must-37-x-28-x-115-cm\/","title":{"rendered":"Monitor stand, Black, 37 x 28 x 11.5 Cm"},"content":{"rendered":"<p>This practical monitor stand with a minimalist design will add a modern touch to your living space.<\/p>\n<\/p>\n<ul>\n<li>Durable material: The monitor stand is made of HIPS (high-impact polystyrene), which is very durable and stable.<\/li>\n<li>Storage: The space below can accommodate a keyboard, DVD player, game console, streaming device, receivers, media players, laptops, pens, and other similar items.<\/li>\n<li>Stress-relieving function: The monitor stand can be used as an elevated stand for your computer monitor and other multimedia devices. Raising the screen reduces neck and back strain.<\/li>\n<\/ul>\n<p>Note:<\/p>\n<ul>\n<li>Each product comes with assembly instructions for easy assembly.<\/li>\n<\/ul>\n<ul>\n<li>Color: black<\/li>\n<li>Material: HIPS (high impact polystyrene), metal<\/li>\n<li>Dimensions: 37 x 28 x 11.5 cm (W x D x H)<\/li>\n<\/ul>","protected":false},"excerpt":{"rendered":"<p>Minimalistliku disainiga praktiline monitorialus lisab teie eluruumi kaasaegset h\u00f5ngu. Vastupidav materjal: monitorialus on valmistatud HIPS-st (k\u00f5rgl\u00f6\u00f6gikindel pol\u00fcst\u00fcreen), mis on v\u00e4ga vastupidav ja&hellip;<\/p>","protected":false},"featured_media":386307,"comment_status":"open","ping_status":"closed","template":"","meta":{"wprm-recipe-roundup-name":"","wprm-recipe-roundup-description":""},"product_brand":[],"product_cat":[660],"product_tag":[547,544,540,661],"class_list":{"0":"post-386314","1":"product","2":"type-product","3":"status-publish","4":"has-post-thumbnail","6":"product_cat-telerialused","7":"product_tag-moobel","8":"product_tag-must","9":"product_tag-parcel","10":"product_tag-telerialused","11":"pa_brand-vidaxl","13":"first","14":"instock","15":"taxable","16":"shipping-taxable","17":"purchasable","18":"product-type-simple"},"supplier_id":null,"supplier_sku":"","barcode":null,"atum_controlled":false,"out_stock_date":null,"out_stock_threshold":null,"inheritable":false,"inbound_stock":null,"stock_on_hold":null,"sold_today":null,"sales_last_days":null,"reserved_stock":null,"customer_returns":null,"warehouse_damage":null,"lost_in_post":null,"other_logs":null,"out_stock_days":null,"lost_sales":null,"has_location":null,"update_date":"2026-04-26T12:29:54","atum_locations":[],"atum_stock_status":"instock","restock_status":false,"low_stock_amount":"","sales_update_date":null,"calc_backorders":null,"aioseo_notices":[],"_links":{"self":[{"href":"https:\/\/ecoshop.ee\/en\/wp-json\/wp\/v2\/product\/386314","targetHints":{"allow":["GET"]}}],"collection":[{"href":"https:\/\/ecoshop.ee\/en\/wp-json\/wp\/v2\/product"}],"about":[{"href":"https:\/\/ecoshop.ee\/en\/wp-json\/wp\/v2\/types\/product"}],"replies":[{"embeddable":true,"href":"https:\/\/ecoshop.ee\/en\/wp-json\/wp\/v2\/comments?post=386314"}],"version-history":[{"count":0,"href":"https:\/\/ecoshop.ee\/en\/wp-json\/wp\/v2\/product\/386314\/revisions"}],"wp:featuredmedia":[{"embeddable":true,"href":"https:\/\/ecoshop.ee\/en\/wp-json\/wp\/v2\/media\/386307"}],"wp:attachment":[{"href":"https:\/\/ecoshop.ee\/en\/wp-json\/wp\/v2\/media?parent=386314"}],"wp:term":[{"taxonomy":"product_brand","embeddable":true,"href":"https:\/\/ecoshop.ee\/en\/wp-json\/wp\/v2\/product_brand?post=386314"},{"taxonomy":"product_cat","embeddable":true,"href":"https:\/\/ecoshop.ee\/en\/wp-json\/wp\/v2\/product_cat?post=386314"},{"taxonomy":"product_tag","embeddable":true,"href":"https:\/\/ecoshop.ee\/en\/wp-json\/wp\/v2\/product_tag?post=386314"}],"curies":[{"name":"wp","href":"https:\/\/api.w.org\/{rel}","templated":true}]}}