{"id":388142,"date":"2026-03-01T00:53:06","date_gmt":"2026-02-28T21:53:06","guid":{"rendered":"https:\/\/ecoshop.ee\/maaratlemata\/riidekapp-corona-101-x-52-x-170-cm-taispuidust-mand\/"},"modified":"2026-05-13T03:30:46","modified_gmt":"2026-05-13T00:30:46","slug":"corona-wardrobe-101-x-52-x-170-cm-solid-wood-mand","status":"publish","type":"product","link":"https:\/\/ecoshop.ee\/en\/riidekapid\/riidekapp-corona-101-x-52-x-170-cm-taispuidust-mand\/","title":{"rendered":"Wardrobe &quot;Corona&quot;, 101 x 52 x 170 Cm, Solid Wood, Pine"},"content":{"rendered":"<p>This classic wooden wardrobe offers plenty of storage space for keeping clothes, shoes, and accessories organized.<\/p>\n<\/p>\n<ul>\n<li>Solid pine wood: Solid pine wood is a beautiful natural material. Pine wood has straight grains and knots that give the material a characteristic rustic look. A storage cabinet made of solid pine wood is durable and strong.<\/li>\n<li>Plenty of storage space: The cabinet has a hanging rail for clothes, a shelf, and a drawer for additional storage.<\/li>\n<li>Metal Handles: The bedroom wardrobe has metal ring handles that make it easy to open and close the drawer and door while adding beauty.<\/li>\n<\/ul>\n<p>Warning:<\/p>\n<ul>\n<li>To prevent the product from falling over, it must be used with the included wall mount.<\/li>\n<\/ul>\n<ul>\n<li>Material: solid pine wood with a beeswax finish, treated wood, metal<\/li>\n<li>Dimensions: 101 x 52 x 170 cm (W x D x H)<\/li>\n<li>Series name: Corona<\/li>\n<li>Assembly required: Yes<\/li>\n<li>Legal Documents:\n<p><span>For more information on how to prevent furniture falling over, see. <span style=\"text-decoration: underline\"><strong><a title=\"https:\/\/bit.ly\/3hTNl1i\" href=\"https:\/\/bit.ly\/3hTNl1i\" target=\"_blank\">from here<\/a><\/strong><\/span><\/span><\/p>\n<\/li>\n<\/ul>","protected":false},"excerpt":{"rendered":"<p>See klassikaline puidust riidekapp pakub rohkelt hoiuruumi riiete, jalan\u00f5ude ja aksessuaaride korrastatuna hoidmiseks. T\u00e4ism\u00e4nnipuit: T\u00e4ism\u00e4nnipuit on ilus looduslik materjal. M\u00e4nnipuidul on sirged&hellip;<\/p>","protected":false},"featured_media":388132,"comment_status":"open","ping_status":"closed","template":"","meta":{"wprm-recipe-roundup-name":"","wprm-recipe-roundup-description":""},"product_brand":[],"product_cat":[1896],"product_tag":[567,1859,547,554,540],"class_list":{"0":"post-388142","1":"product","2":"type-product","3":"status-publish","4":"has-post-thumbnail","6":"product_cat-riidekapid","7":"product_tag-kapid-ja-hoiustamine","8":"product_tag-kapid-ja-riidekapid","9":"product_tag-moobel","10":"product_tag-ouemoobli-komplektid","11":"product_tag-parcel","12":"pa_brand-vidaxl","14":"first","15":"instock","16":"taxable","17":"shipping-taxable","18":"purchasable","19":"product-type-simple"},"supplier_id":null,"supplier_sku":"","barcode":null,"atum_controlled":false,"out_stock_date":null,"out_stock_threshold":null,"inheritable":false,"inbound_stock":null,"stock_on_hold":null,"sold_today":null,"sales_last_days":null,"reserved_stock":null,"customer_returns":null,"warehouse_damage":null,"lost_in_post":null,"other_logs":null,"out_stock_days":null,"lost_sales":null,"has_location":null,"update_date":"2026-05-13T00:30:46","atum_locations":[],"atum_stock_status":"instock","restock_status":false,"low_stock_amount":"","sales_update_date":null,"calc_backorders":null,"aioseo_notices":[],"_links":{"self":[{"href":"https:\/\/ecoshop.ee\/en\/wp-json\/wp\/v2\/product\/388142","targetHints":{"allow":["GET"]}}],"collection":[{"href":"https:\/\/ecoshop.ee\/en\/wp-json\/wp\/v2\/product"}],"about":[{"href":"https:\/\/ecoshop.ee\/en\/wp-json\/wp\/v2\/types\/product"}],"replies":[{"embeddable":true,"href":"https:\/\/ecoshop.ee\/en\/wp-json\/wp\/v2\/comments?post=388142"}],"version-history":[{"count":0,"href":"https:\/\/ecoshop.ee\/en\/wp-json\/wp\/v2\/product\/388142\/revisions"}],"wp:featuredmedia":[{"embeddable":true,"href":"https:\/\/ecoshop.ee\/en\/wp-json\/wp\/v2\/media\/388132"}],"wp:attachment":[{"href":"https:\/\/ecoshop.ee\/en\/wp-json\/wp\/v2\/media?parent=388142"}],"wp:term":[{"taxonomy":"product_brand","embeddable":true,"href":"https:\/\/ecoshop.ee\/en\/wp-json\/wp\/v2\/product_brand?post=388142"},{"taxonomy":"product_cat","embeddable":true,"href":"https:\/\/ecoshop.ee\/en\/wp-json\/wp\/v2\/product_cat?post=388142"},{"taxonomy":"product_tag","embeddable":true,"href":"https:\/\/ecoshop.ee\/en\/wp-json\/wp\/v2\/product_tag?post=388142"}],"curies":[{"name":"wp","href":"https:\/\/api.w.org\/{rel}","templated":true}]}}