{"id":388645,"date":"2026-03-01T01:03:14","date_gmt":"2026-02-28T22:03:14","guid":{"rendered":"https:\/\/ecoshop.ee\/maaratlemata\/korge-sahtlitega-kummut-45-x-32-x-110-cm-tammepuit\/"},"modified":"2026-05-06T15:28:24","modified_gmt":"2026-05-06T12:28:24","slug":"tall-chest-of-drawers-45-x-32-x-110-cm-oak-wood","status":"publish","type":"product","link":"https:\/\/ecoshop.ee\/en\/kummutid\/korge-sahtlitega-kummut-45-x-32-x-110-cm-tammepuit\/","title":{"rendered":"Tall Chest of Drawers, 45 x 32 x 110 Cm, Oak"},"content":{"rendered":"<p>This tall wooden chest of drawers is very functional and a great addition to your interior design.<\/p>\n<\/p>\n<p>Made of solid oak, the chest of drawers has a sophisticated look and is extremely stable and durable. It offers ample space for your personal belongings, helping to keep your space tidy. The extra-tall design with five smoothly-running drawers is ideal for storing all kinds of small items, such as books, DVDs, notebooks, pens and other knick-knacks.<\/p>\n<ul>\n<li>Material: oak wood, MDF<\/li>\n<li>Dimensions: 45 x 32 x 110 cm (L x W x H)<\/li>\n<li>Extra tall design with 5 smooth-running drawers<\/li>\n<li>Assembly required: yes<\/li>\n<li><strong>WARNING<\/strong>: To prevent tipping over, the product must be used with the included wall mount.<\/li>\n<li>Legal Documents:\n<p><span>For more information on how to prevent furniture falling over, see. <span style=\"text-decoration: underline\"><strong><a title=\"https:\/\/bit.ly\/3hTNl1i\" href=\"https:\/\/bit.ly\/3hTNl1i\" target=\"_blank\">from here<\/a><\/strong><\/span><\/span><\/p>\n<\/li>\n<\/ul>","protected":false},"excerpt":{"rendered":"<p>Puidust. k\u00f5rge, sahtlitega kummut on v\u00e4ga funktsionaalne ning suurep\u00e4rane lisa teie sisekujundusele. Tugevast tammepuidust valmistatud kummut on erudeeritud v\u00e4limusega ning \u00fclimalt stabiilne&hellip;<\/p>","protected":false},"featured_media":388637,"comment_status":"open","ping_status":"closed","template":"","meta":{"wprm-recipe-roundup-name":"","wprm-recipe-roundup-description":""},"product_brand":[],"product_cat":[800],"product_tag":[567,801,547,554,540],"class_list":{"0":"post-388645","1":"product","2":"type-product","3":"status-publish","4":"has-post-thumbnail","6":"product_cat-kummutid","7":"product_tag-kapid-ja-hoiustamine","8":"product_tag-kummutid","9":"product_tag-moobel","10":"product_tag-ouemoobli-komplektid","11":"product_tag-parcel","12":"pa_brand-vidaxl","14":"first","15":"instock","16":"taxable","17":"shipping-taxable","18":"purchasable","19":"product-type-simple"},"supplier_id":null,"supplier_sku":"","barcode":null,"atum_controlled":false,"out_stock_date":null,"out_stock_threshold":null,"inheritable":false,"inbound_stock":null,"stock_on_hold":null,"sold_today":null,"sales_last_days":null,"reserved_stock":null,"customer_returns":null,"warehouse_damage":null,"lost_in_post":null,"other_logs":null,"out_stock_days":null,"lost_sales":null,"has_location":null,"update_date":"2026-05-06T12:28:25","atum_locations":[],"atum_stock_status":"instock","restock_status":false,"low_stock_amount":"","sales_update_date":null,"calc_backorders":null,"aioseo_notices":[],"_links":{"self":[{"href":"https:\/\/ecoshop.ee\/en\/wp-json\/wp\/v2\/product\/388645","targetHints":{"allow":["GET"]}}],"collection":[{"href":"https:\/\/ecoshop.ee\/en\/wp-json\/wp\/v2\/product"}],"about":[{"href":"https:\/\/ecoshop.ee\/en\/wp-json\/wp\/v2\/types\/product"}],"replies":[{"embeddable":true,"href":"https:\/\/ecoshop.ee\/en\/wp-json\/wp\/v2\/comments?post=388645"}],"version-history":[{"count":0,"href":"https:\/\/ecoshop.ee\/en\/wp-json\/wp\/v2\/product\/388645\/revisions"}],"wp:featuredmedia":[{"embeddable":true,"href":"https:\/\/ecoshop.ee\/en\/wp-json\/wp\/v2\/media\/388637"}],"wp:attachment":[{"href":"https:\/\/ecoshop.ee\/en\/wp-json\/wp\/v2\/media?parent=388645"}],"wp:term":[{"taxonomy":"product_brand","embeddable":true,"href":"https:\/\/ecoshop.ee\/en\/wp-json\/wp\/v2\/product_brand?post=388645"},{"taxonomy":"product_cat","embeddable":true,"href":"https:\/\/ecoshop.ee\/en\/wp-json\/wp\/v2\/product_cat?post=388645"},{"taxonomy":"product_tag","embeddable":true,"href":"https:\/\/ecoshop.ee\/en\/wp-json\/wp\/v2\/product_tag?post=388645"}],"curies":[{"name":"wp","href":"https:\/\/api.w.org\/{rel}","templated":true}]}}