{"id":388728,"date":"2026-03-01T01:04:42","date_gmt":"2026-02-28T22:04:42","guid":{"rendered":"https:\/\/ecoshop.ee\/maaratlemata\/sahtlitega-konsoollaud-116-x-30-x-76-cm-taastatud-tiikpuu\/"},"modified":"2026-04-27T03:34:35","modified_gmt":"2026-04-27T00:34:35","slug":"console-table-with-drawers-116-x-30-x-76-cm-reclaimed-teak","status":"publish","type":"product","link":"https:\/\/ecoshop.ee\/en\/kummutid\/sahtlitega-konsoollaud-116-x-30-x-76-cm-taastatud-tiikpuu\/","title":{"rendered":"Console Table with Drawers, 116 x 30 x 76 Cm, Reclaimed Teak"},"content":{"rendered":"<p>A wooden console table brings a simple yet stylish look to your living space.  <\/p>\n<\/p>\n<ul>\n<li>Durable material: The bench is made of reclaimed teak, which makes each piece of furniture unique and slightly different from the next. Teak is a beautiful natural material. It has been weathered, kiln-dried and finely sanded to give it a very smooth appearance. Teak is extremely strong and weather-resistant.<\/li>\n<li>Strong and stable frame: The iron frame ensures strength and stability.<\/li>\n<li>Plenty of storage space: the side table with drawers offers enough space to keep everyday items organized and within reach.<\/li>\n<li>Sturdy surface: The side table&#039;s wooden top is perfect for storing decorative items, picture frames, and potted plants.<\/li>\n<li>Wide range of uses: The coffee table is suitable for any room. It can be used as a hallway table, coffee table, accent table, TV stand, etc.<\/li>\n<\/ul>\n<p>Warning.<\/p>\n<ul>\n<li>To prevent falling over, the product must be used with the wall bracket supplied.<\/li>\n<\/ul>\n<p>Good to know:<\/p>\n<ul>\n<li>The colorused and wood grain of each item vary, making each item unique. The color of the item delivered is random, ensuring the exclusivity and uniqueness of the product.<\/li>\n<\/ul>\n<ul>\n<li>Frame color: black<\/li>\n<li>Material: sturdy teak, iron<\/li>\n<li>Dimensions: 116 x 30 x 76 cm (W x D x H)<\/li>\n<li>Assembly required: yes<\/li>\n<li>Legal Documents:\n<p><span>For more information on how to prevent furniture falling over, see. <span style=\"text-decoration: underline\"><strong><a title=\"https:\/\/bit.ly\/3hTNl1i\" href=\"https:\/\/bit.ly\/3hTNl1i\" target=\"_blank\">from here<\/a><\/strong><\/span><\/span><\/p>\n<\/li>\n<\/ul>","protected":false},"excerpt":{"rendered":"<p>Puidust konsoollaud toob teie eluruumi lihtsat, ent stiilset v\u00e4ljan\u00e4gemist. Vastupidav materjal: pink on valmistatud taastatud tiikpuust, mis muudab iga m\u00f6\u00f6blieseme ainulaadseks ning&hellip;<\/p>","protected":false},"featured_media":388716,"comment_status":"open","ping_status":"closed","template":"","meta":{"wprm-recipe-roundup-name":"","wprm-recipe-roundup-description":""},"product_brand":[],"product_cat":[800],"product_tag":[567,801,547,554,540],"class_list":{"0":"post-388728","1":"product","2":"type-product","3":"status-publish","4":"has-post-thumbnail","6":"product_cat-kummutid","7":"product_tag-kapid-ja-hoiustamine","8":"product_tag-kummutid","9":"product_tag-moobel","10":"product_tag-ouemoobli-komplektid","11":"product_tag-parcel","12":"pa_brand-vidaxl","14":"first","15":"instock","16":"taxable","17":"shipping-taxable","18":"purchasable","19":"product-type-simple"},"supplier_id":null,"supplier_sku":"","barcode":null,"atum_controlled":false,"out_stock_date":null,"out_stock_threshold":null,"inheritable":false,"inbound_stock":null,"stock_on_hold":null,"sold_today":null,"sales_last_days":null,"reserved_stock":null,"customer_returns":null,"warehouse_damage":null,"lost_in_post":null,"other_logs":null,"out_stock_days":null,"lost_sales":null,"has_location":null,"update_date":"2026-04-27T00:34:36","atum_locations":[],"atum_stock_status":"instock","restock_status":false,"low_stock_amount":"","sales_update_date":null,"calc_backorders":null,"aioseo_notices":[],"_links":{"self":[{"href":"https:\/\/ecoshop.ee\/en\/wp-json\/wp\/v2\/product\/388728","targetHints":{"allow":["GET"]}}],"collection":[{"href":"https:\/\/ecoshop.ee\/en\/wp-json\/wp\/v2\/product"}],"about":[{"href":"https:\/\/ecoshop.ee\/en\/wp-json\/wp\/v2\/types\/product"}],"replies":[{"embeddable":true,"href":"https:\/\/ecoshop.ee\/en\/wp-json\/wp\/v2\/comments?post=388728"}],"version-history":[{"count":0,"href":"https:\/\/ecoshop.ee\/en\/wp-json\/wp\/v2\/product\/388728\/revisions"}],"wp:featuredmedia":[{"embeddable":true,"href":"https:\/\/ecoshop.ee\/en\/wp-json\/wp\/v2\/media\/388716"}],"wp:attachment":[{"href":"https:\/\/ecoshop.ee\/en\/wp-json\/wp\/v2\/media?parent=388728"}],"wp:term":[{"taxonomy":"product_brand","embeddable":true,"href":"https:\/\/ecoshop.ee\/en\/wp-json\/wp\/v2\/product_brand?post=388728"},{"taxonomy":"product_cat","embeddable":true,"href":"https:\/\/ecoshop.ee\/en\/wp-json\/wp\/v2\/product_cat?post=388728"},{"taxonomy":"product_tag","embeddable":true,"href":"https:\/\/ecoshop.ee\/en\/wp-json\/wp\/v2\/product_tag?post=388728"}],"curies":[{"name":"wp","href":"https:\/\/api.w.org\/{rel}","templated":true}]}}