{"id":388820,"date":"2026-03-01T01:06:28","date_gmt":"2026-02-28T22:06:28","guid":{"rendered":"https:\/\/ecoshop.ee\/maaratlemata\/kapp-5-sahtliga-2-riiuliga-valge\/"},"modified":"2026-05-12T10:10:10","modified_gmt":"2026-05-12T07:10:10","slug":"cabinet-with-5-drawers-and-2-shelves-white","status":"publish","type":"product","link":"https:\/\/ecoshop.ee\/en\/kummutid\/kapp-5-sahtliga-2-riiuliga-valge\/","title":{"rendered":"Cabinet with 5 Drawers, 2 Shelves, White"},"content":{"rendered":"<p>The antique-style cabinet is a great addition to your office, living room, bedroom, hallway, and more. It will be a great addition to your bedroom, study, or even your hallway.<\/p>\n<\/p>\n<p>Five drawers provide ample storage space for clothes, books, papers and other necessities. Two shelves hold a variety of items, and the acrylic door protects the cabinet&#039;s contents from dirt and dust.<\/p>\n<\/p>\n<p>The cabinet is made of MDF and pine wood with a white finish and will last for years.<\/p>\n<ul>\n<li>Colour: white<\/li>\n<li>Material: MDF + pine wood<\/li>\n<li>Overall size: 53 x 30.5 x 95.5 cm (W x D x H) <\/li>\n<li>With five drawers and two shelves<\/li>\n<li>With acrylic door and iron knobs<\/li>\n<li>Max load capacity (total): 75 kg<\/li>\n<li>Max load capacity (large drawer): 4 kg<\/li>\n<li>Max load capacity (small drawer): 2 kg<\/li>\n<li>Max load capacity per shelf: 5 kg<\/li>\n<li>Warning: To prevent tipping over, the product must be used with the included wall mount.<\/li>\n<li>Legal Documents:\n<p><span>For more information on how to prevent furniture falling over, see. <span style=\"text-decoration: underline\"><strong><a title=\"https:\/\/bit.ly\/3hTNl1i\" href=\"https:\/\/bit.ly\/3hTNl1i\" target=\"_blank\">from here<\/a><\/strong><\/span><\/span><\/p>\n<\/li>\n<\/ul>","protected":false},"excerpt":{"rendered":"<p>Antiikstiilis kapp on suurep\u00e4rane t\u00e4iendus kontorisse, elutuppa, magamistuppa, esikusse ja mujale. See on suurep\u00e4rane lisa teie magamistuppa, t\u00f6\u00f6ruumi v\u00f5i isegi esikusse. Viies&hellip;<\/p>","protected":false},"featured_media":388810,"comment_status":"open","ping_status":"closed","template":"","meta":{"wprm-recipe-roundup-name":"","wprm-recipe-roundup-description":""},"product_brand":[],"product_cat":[800],"product_tag":[567,801,547,540,539],"class_list":{"0":"post-388820","1":"product","2":"type-product","3":"status-publish","4":"has-post-thumbnail","6":"product_cat-kummutid","7":"product_tag-kapid-ja-hoiustamine","8":"product_tag-kummutid","9":"product_tag-moobel","10":"product_tag-parcel","11":"product_tag-voodilinad","12":"pa_brand-vidaxl","14":"first","15":"instock","16":"taxable","17":"shipping-taxable","18":"purchasable","19":"product-type-simple"},"supplier_id":null,"supplier_sku":"","barcode":null,"atum_controlled":false,"out_stock_date":null,"out_stock_threshold":null,"inheritable":false,"inbound_stock":null,"stock_on_hold":null,"sold_today":null,"sales_last_days":null,"reserved_stock":null,"customer_returns":null,"warehouse_damage":null,"lost_in_post":null,"other_logs":null,"out_stock_days":null,"lost_sales":null,"has_location":null,"update_date":"2026-05-12T07:10:10","atum_locations":[],"atum_stock_status":"instock","restock_status":false,"low_stock_amount":"","sales_update_date":null,"calc_backorders":null,"aioseo_notices":[],"_links":{"self":[{"href":"https:\/\/ecoshop.ee\/en\/wp-json\/wp\/v2\/product\/388820","targetHints":{"allow":["GET"]}}],"collection":[{"href":"https:\/\/ecoshop.ee\/en\/wp-json\/wp\/v2\/product"}],"about":[{"href":"https:\/\/ecoshop.ee\/en\/wp-json\/wp\/v2\/types\/product"}],"replies":[{"embeddable":true,"href":"https:\/\/ecoshop.ee\/en\/wp-json\/wp\/v2\/comments?post=388820"}],"version-history":[{"count":0,"href":"https:\/\/ecoshop.ee\/en\/wp-json\/wp\/v2\/product\/388820\/revisions"}],"wp:featuredmedia":[{"embeddable":true,"href":"https:\/\/ecoshop.ee\/en\/wp-json\/wp\/v2\/media\/388810"}],"wp:attachment":[{"href":"https:\/\/ecoshop.ee\/en\/wp-json\/wp\/v2\/media?parent=388820"}],"wp:term":[{"taxonomy":"product_brand","embeddable":true,"href":"https:\/\/ecoshop.ee\/en\/wp-json\/wp\/v2\/product_brand?post=388820"},{"taxonomy":"product_cat","embeddable":true,"href":"https:\/\/ecoshop.ee\/en\/wp-json\/wp\/v2\/product_cat?post=388820"},{"taxonomy":"product_tag","embeddable":true,"href":"https:\/\/ecoshop.ee\/en\/wp-json\/wp\/v2\/product_tag?post=388820"}],"curies":[{"name":"wp","href":"https:\/\/api.w.org\/{rel}","templated":true}]}}