{"id":390272,"date":"2026-03-23T17:45:22","date_gmt":"2026-03-23T14:45:22","guid":{"rendered":"https:\/\/ecoshop.ee\/?post_type=product&#038;p=390272"},"modified":"2026-05-04T11:29:13","modified_gmt":"2026-05-04T08:29:13","slug":"ichoc-vegan-chocolate-with-hazelnut-organic-80g","status":"publish","type":"product","link":"https:\/\/ecoshop.ee\/en\/sokolaadid\/ichoc-sarapuupahkliga-vegan-sokolaad-mahe-80g\/","title":{"rendered":"iChoc vegan chocolate with hazelnuts, organic, 80g"},"content":{"rendered":"<p class=\"font-claude-response-body break-words whitespace-normal leading-[1.7]\">Kr\u00f5beda sarapuup\u00e4hkliga \u0161okolaad on klassika, mis ei vaja tutvustust. iChoc Crunchy Hazelnut pakub rikkalikku vegan \u0161okolaadikogemust \u2013 r\u00f6stitud sarapuup\u00e4hkli poolikud, tatrajahu ja mandli\u00f5li annavad sellele ainulaadse tekstuuri ja s\u00fcgava maitse.<\/p>\n<p class=\"font-claude-response-body break-words whitespace-normal leading-[1.7]\">Valmistatud 100% mahep\u00f5llumajanduslikest ja vegans\u00f5bralikest koostisosadest ning Fairtrade kakaost Dominikaani Vabariigist. Pakend on \u00f6koloogiline ja plastikuvaba.<\/p>\n<p class=\"font-claude-response-body break-words whitespace-normal leading-[1.7]\">Hea valik neile, kes hindavad maitset, eetilisust ja looduss\u00f5bralikkust \u00fches \u0161okolaaditahvlis.<\/p>\n","protected":false},"excerpt":{"rendered":"<p>Kr\u00f5beda sarapuup\u00e4hkliga \u0161okolaad on klassika, mis ei vaja tutvustust. iChoc Crunchy Hazelnut pakub rikkalikku vegan \u0161okolaadikogemust \u2013 r\u00f6stitud sarapuup\u00e4hkli poolikud, tatrajahu ja&hellip;<\/p>","protected":false},"featured_media":390274,"comment_status":"open","ping_status":"closed","template":"","meta":{"wprm-recipe-roundup-name":"","wprm-recipe-roundup-description":""},"product_brand":[12028],"product_cat":[141],"product_tag":[11991,142],"class_list":{"0":"post-390272","1":"product","2":"type-product","3":"status-publish","4":"has-post-thumbnail","6":"product_brand-ichoc","7":"product_cat-sokolaadid","8":"product_tag-sarapuupahkel","9":"product_tag-sokolaad","10":"j79_wcxd_expiry_type-best-before","12":"first","13":"instock","14":"taxable","15":"shipping-taxable","16":"purchasable","17":"product-type-simple"},"supplier_id":390160,"supplier_sku":"","barcode":"4044889004625","atum_controlled":true,"out_stock_date":null,"out_stock_threshold":null,"inheritable":false,"inbound_stock":0,"stock_on_hold":0,"sold_today":0,"sales_last_days":1,"reserved_stock":0,"customer_returns":0,"warehouse_damage":0,"lost_in_post":0,"other_logs":0,"out_stock_days":0,"lost_sales":0,"has_location":false,"update_date":"2026-05-07T14:39:18","atum_locations":[],"atum_stock_status":"instock","restock_status":false,"low_stock_amount":"","sales_update_date":"2026-05-07T14:39:18","calc_backorders":null,"aioseo_notices":[],"_links":{"self":[{"href":"https:\/\/ecoshop.ee\/en\/wp-json\/wp\/v2\/product\/390272","targetHints":{"allow":["GET"]}}],"collection":[{"href":"https:\/\/ecoshop.ee\/en\/wp-json\/wp\/v2\/product"}],"about":[{"href":"https:\/\/ecoshop.ee\/en\/wp-json\/wp\/v2\/types\/product"}],"replies":[{"embeddable":true,"href":"https:\/\/ecoshop.ee\/en\/wp-json\/wp\/v2\/comments?post=390272"}],"version-history":[{"count":0,"href":"https:\/\/ecoshop.ee\/en\/wp-json\/wp\/v2\/product\/390272\/revisions"}],"wp:featuredmedia":[{"embeddable":true,"href":"https:\/\/ecoshop.ee\/en\/wp-json\/wp\/v2\/media\/390274"}],"wp:attachment":[{"href":"https:\/\/ecoshop.ee\/en\/wp-json\/wp\/v2\/media?parent=390272"}],"wp:term":[{"taxonomy":"product_brand","embeddable":true,"href":"https:\/\/ecoshop.ee\/en\/wp-json\/wp\/v2\/product_brand?post=390272"},{"taxonomy":"product_cat","embeddable":true,"href":"https:\/\/ecoshop.ee\/en\/wp-json\/wp\/v2\/product_cat?post=390272"},{"taxonomy":"product_tag","embeddable":true,"href":"https:\/\/ecoshop.ee\/en\/wp-json\/wp\/v2\/product_tag?post=390272"}],"curies":[{"name":"wp","href":"https:\/\/api.w.org\/{rel}","templated":true}]}}