{"id":3918,"date":"2024-05-31T23:22:33","date_gmt":"2024-05-31T20:22:33","guid":{"rendered":"https:\/\/ecoshop.ee\/?post_type=product&#038;p=3918"},"modified":"2026-04-14T00:50:21","modified_gmt":"2026-04-13T21:50:21","slug":"bamboo-serving-bowl-18cm-2","status":"publish","type":"product","link":"https:\/\/ecoshop.ee\/en\/noud-ja-koogitarbed\/bambusest-serveerimiskauss-18cm-2\/","title":{"rendered":"Bamboo serving bowl, 18cm"},"content":{"rendered":"<p>Medium-sized bamboo serving bowls add elegance to any meal! Handcrafted using twisted bamboo and painted with a minimalist terrazzo design, these large bamboo bowls are perfect for serving home-style and traditional foods.<\/p>\n<p>In addition to serving, our bowls can also be used as a centerpiece or storage bowl for keys, jewelry, and other small items!<\/p>\n<p>All bamboo bowls are handcrafted using only simple tools, skilled hands and organic Vietnamese bamboo. Sustainably sourced and ethically made!<\/p>\n<p>Please note: Bamboo bowls are not suitable for foods containing hot liquids, such as curries, porridges or soups. These foods may cause stains.<\/p>","protected":false},"excerpt":{"rendered":"<p>Keskmise suurusega bambusest serveerimiskausid lisavad elegantsi igale s\u00f6\u00f6gikorrale! K\u00e4sitsi valmistatud, kasutades keerutatud bambust ja v\u00e4rvitud minimalistliku terrazzo disainiga. Need suured bambusest kausid&hellip;<\/p>","protected":false},"featured_media":4541,"comment_status":"open","ping_status":"closed","template":"","meta":{"wprm-recipe-roundup-name":"","wprm-recipe-roundup-description":""},"product_brand":[12064],"product_cat":[163,247],"product_tag":[171],"class_list":{"0":"post-3918","1":"product","2":"type-product","3":"status-publish","4":"has-post-thumbnail","6":"product_brand-jungle-culture","7":"product_cat-kodutarbed","8":"product_cat-noud-ja-koogitarbed","9":"product_tag-kauss","11":"first","12":"instock","13":"taxable","14":"shipping-taxable","15":"purchasable","16":"product-type-simple"},"supplier_id":9133,"supplier_sku":"","barcode":null,"atum_controlled":true,"out_stock_date":null,"out_stock_threshold":null,"inheritable":false,"inbound_stock":0,"stock_on_hold":0,"sold_today":0,"sales_last_days":0,"reserved_stock":0,"customer_returns":0,"warehouse_damage":0,"lost_in_post":0,"other_logs":0,"out_stock_days":0,"lost_sales":0,"has_location":false,"update_date":"2026-04-13T21:50:22","atum_locations":[],"atum_stock_status":"instock","restock_status":false,"low_stock_amount":"","sales_update_date":"2026-03-07T01:16:01","calc_backorders":null,"aioseo_notices":[],"_links":{"self":[{"href":"https:\/\/ecoshop.ee\/en\/wp-json\/wp\/v2\/product\/3918","targetHints":{"allow":["GET"]}}],"collection":[{"href":"https:\/\/ecoshop.ee\/en\/wp-json\/wp\/v2\/product"}],"about":[{"href":"https:\/\/ecoshop.ee\/en\/wp-json\/wp\/v2\/types\/product"}],"replies":[{"embeddable":true,"href":"https:\/\/ecoshop.ee\/en\/wp-json\/wp\/v2\/comments?post=3918"}],"version-history":[{"count":0,"href":"https:\/\/ecoshop.ee\/en\/wp-json\/wp\/v2\/product\/3918\/revisions"}],"wp:featuredmedia":[{"embeddable":true,"href":"https:\/\/ecoshop.ee\/en\/wp-json\/wp\/v2\/media\/4541"}],"wp:attachment":[{"href":"https:\/\/ecoshop.ee\/en\/wp-json\/wp\/v2\/media?parent=3918"}],"wp:term":[{"taxonomy":"product_brand","embeddable":true,"href":"https:\/\/ecoshop.ee\/en\/wp-json\/wp\/v2\/product_brand?post=3918"},{"taxonomy":"product_cat","embeddable":true,"href":"https:\/\/ecoshop.ee\/en\/wp-json\/wp\/v2\/product_cat?post=3918"},{"taxonomy":"product_tag","embeddable":true,"href":"https:\/\/ecoshop.ee\/en\/wp-json\/wp\/v2\/product_tag?post=3918"}],"curies":[{"name":"wp","href":"https:\/\/api.w.org\/{rel}","templated":true}]}}