{"id":395180,"date":"2026-04-15T16:14:37","date_gmt":"2026-04-15T13:14:37","guid":{"rendered":"https:\/\/ecoshop.ee\/maaratlemata\/dekbedovertrek-creme-premium\/"},"modified":"2026-05-13T01:21:55","modified_gmt":"2026-05-12T22:21:55","slug":"bamboo-blanket-bag-creme-premium","status":"publish","type":"product","link":"https:\/\/ecoshop.ee\/en\/bambusest-tekikotid\/bambusest-tekikott-creme-premium\/","title":{"rendered":"Bamboo blanket bag - Cr\u00e9me - Premium"},"content":{"rendered":"<p>A bamboo duvet cover makes every night more comfortable and your bedroom more stylish. The 100% Organic Bamboo Fiber Premium Duvet Cover is ultra-soft, silky-textured, and breathable \u2014 temperature-regulating, naturally hypoallergenic, and gets even softer with every wash. An ideal choice for both warm and cold sleepers, sensitive skin, and allergy sufferers.<\/p>\n<ul>\n<li>Temperature regulating \u2014 bamboo fibers adapt to body temperature, cool in summer and warm in winter<\/li>\n<li>400TC Premium weave \u2014 equivalent to 1200TC cotton, softness is felt from the first touch<\/li>\n<li>Three times more moisture-wicking than cotton \u2014 ideal for those who sweat at night<\/li>\n<li>OEKO-TEX\u00ae, Ecocert and Organic 100 certified<\/li>\n<li>Hypoallergenic and antibacterial \u2014 suitable for sensitive skin and people with allergies<\/li>\n<li>Softer with every wash \u2014 bamboo fibers improve with use and washing<\/li>\n<li>Washable at 30\u00b0C \u2014 economical and material-friendly<\/li>\n<li>Handcrafted \u2014 high quality in every detail<\/li>\n<\/ul>\n<p><strong>Color: Cream<\/strong><br \/>Cr\u00e9me is a warm, soft cream shade \u2014 a classic and timeless choice for any bedroom. This warm creamy white adds elegance and warmth to a room and harmonizes with all colors and styles.<\/p>\n<p><strong>Closing<\/strong><br \/>The duvet cover is equipped with bamboo buttons \u2014 stylish, durable and sustainable. The buttons keep the duvet securely in place, even for those who sleep more restlessly. The bottom edge of the duvet cover also has an approximately 40 cm long insert strip, which you can use to hide the duvet cover under the mattress, so that the duvet always stays in place.<\/p>\n<p><strong>Maintenance<\/strong><br \/>Wash at 30\u00b0C with a mild detergent, without fabric softeners or bleach. Air dry or tumble dry on the most gentle setting.<\/p>\n<p><strong>What customers who have purchased the product think:<\/strong><br \/>\u201cCr\u00e9me is the perfect classic shade \u2014 warm and elegant. The material is incredibly soft and the quality is excellent.\u201d<br \/>\u201cA timeless choice that fits any bedroom. Very pleased with the softness of the material and the color retention.\u201d<\/p>","protected":false},"excerpt":{"rendered":"<p>Bambusest tekikott muudab iga \u00f6\u00f6 mugavamaks ja magamistoa stiilsemaks. 100% orgaanilisest bambuskiust Premium tekikate on \u00fclipehme, siidja tekstuuriga ja hingav \u2014 temperatuuri&hellip;<\/p>","protected":false},"featured_media":395176,"comment_status":"open","ping_status":"closed","template":"","meta":{"wprm-recipe-roundup-name":"","wprm-recipe-roundup-description":""},"product_brand":[],"product_cat":[12069],"product_tag":[12073,12104],"class_list":{"0":"post-395180","1":"product","2":"type-product","3":"status-publish","4":"has-post-thumbnail","6":"product_cat-bambusest-tekikotid","7":"product_tag-boomba-bamboo","8":"product_tag-dekbedovertrekken","9":"pa_brand-boomba-bamboo","11":"first","12":"instock","13":"taxable","14":"shipping-taxable","15":"purchasable","16":"product-type-variable"},"supplier_id":null,"supplier_sku":"","barcode":null,"atum_controlled":false,"out_stock_date":null,"out_stock_threshold":null,"inheritable":false,"inbound_stock":null,"stock_on_hold":null,"sold_today":null,"sales_last_days":null,"reserved_stock":null,"customer_returns":null,"warehouse_damage":null,"lost_in_post":null,"other_logs":null,"out_stock_days":null,"lost_sales":null,"has_location":null,"update_date":"2026-04-15T13:56:08","atum_locations":[],"atum_stock_status":"instock","restock_status":false,"low_stock_amount":"","sales_update_date":null,"calc_backorders":null,"aioseo_notices":[],"_links":{"self":[{"href":"https:\/\/ecoshop.ee\/en\/wp-json\/wp\/v2\/product\/395180","targetHints":{"allow":["GET"]}}],"collection":[{"href":"https:\/\/ecoshop.ee\/en\/wp-json\/wp\/v2\/product"}],"about":[{"href":"https:\/\/ecoshop.ee\/en\/wp-json\/wp\/v2\/types\/product"}],"replies":[{"embeddable":true,"href":"https:\/\/ecoshop.ee\/en\/wp-json\/wp\/v2\/comments?post=395180"}],"version-history":[{"count":2,"href":"https:\/\/ecoshop.ee\/en\/wp-json\/wp\/v2\/product\/395180\/revisions"}],"predecessor-version":[{"id":395682,"href":"https:\/\/ecoshop.ee\/en\/wp-json\/wp\/v2\/product\/395180\/revisions\/395682"}],"wp:featuredmedia":[{"embeddable":true,"href":"https:\/\/ecoshop.ee\/en\/wp-json\/wp\/v2\/media\/395176"}],"wp:attachment":[{"href":"https:\/\/ecoshop.ee\/en\/wp-json\/wp\/v2\/media?parent=395180"}],"wp:term":[{"taxonomy":"product_brand","embeddable":true,"href":"https:\/\/ecoshop.ee\/en\/wp-json\/wp\/v2\/product_brand?post=395180"},{"taxonomy":"product_cat","embeddable":true,"href":"https:\/\/ecoshop.ee\/en\/wp-json\/wp\/v2\/product_cat?post=395180"},{"taxonomy":"product_tag","embeddable":true,"href":"https:\/\/ecoshop.ee\/en\/wp-json\/wp\/v2\/product_tag?post=395180"}],"curies":[{"name":"wp","href":"https:\/\/api.w.org\/{rel}","templated":true}]}}