{"id":395311,"date":"2026-04-15T16:21:36","date_gmt":"2026-04-15T13:21:36","guid":{"rendered":"https:\/\/ecoshop.ee\/maaratlemata\/dekbedovertrek-space-blue-premium\/"},"modified":"2026-05-13T05:56:25","modified_gmt":"2026-05-13T02:56:25","slug":"bamboo-blanket-bag-space-blue-premium","status":"publish","type":"product","link":"https:\/\/ecoshop.ee\/en\/bambusest-tekikotid\/bambusest-tekikott-space-blue-premium\/","title":{"rendered":"Bamboo Blanket Bag - Space Blue - Premium"},"content":{"rendered":"<p>A bamboo duvet cover makes every night more comfortable and your bedroom more stylish. The 100% Organic Bamboo Fiber Premium Duvet Cover is ultra-soft, silky-textured, and breathable \u2014 temperature-regulating, naturally hypoallergenic, and gets even softer with every wash. An ideal choice for both warm and cold sleepers, sensitive skin, and allergy sufferers.<\/p>\n<ul>\n<li>Temperature regulating \u2014 bamboo fibers adapt to body temperature, cool in summer and warm in winter<\/li>\n<li>400TC Premium weave \u2014 equivalent to 1200TC cotton, softness is felt from the first touch<\/li>\n<li>Three times more moisture-wicking than cotton \u2014 ideal for those who sweat at night<\/li>\n<li>OEKO-TEX\u00ae, Ecocert and Organic 100 certified<\/li>\n<li>Hypoallergenic and antibacterial \u2014 suitable for sensitive skin and people with allergies<\/li>\n<li>Softer with every wash \u2014 bamboo fibers improve with use and washing<\/li>\n<li>Washable at 30\u00b0C \u2014 economical and material-friendly<\/li>\n<li>Handcrafted \u2014 high quality in every detail<\/li>\n<\/ul>\n<p><strong>Color: Space Blue<\/strong><br \/>Space Blue is a deep, rich blue that is reminiscent of the night sky. This intense blue adds dramatic depth and calming strength to a bedroom. It pairs well with gold, white and natural wood accents.<\/p>\n<p><strong>Closing<\/strong><br \/>The duvet cover is equipped with bamboo buttons \u2014 stylish, durable and sustainable. The buttons keep the duvet securely in place, even for those who sleep more restlessly. The bottom edge of the duvet cover also has an approximately 40 cm long insert strip, which you can use to hide the duvet cover under the mattress, so that the duvet always stays in place.<\/p>\n<p><strong>Maintenance<\/strong><br \/>Wash at 30\u00b0C with a mild detergent, without fabric softeners or bleach. Air dry or tumble dry on the most gentle setting.<\/p>\n<p><strong>What customers who have purchased the product think:<\/strong><br \/>\u201cSpace Blue is such a beautiful deep blue \u2014 it gives a completely different feel to the bedroom. The quality is excellent.\u201d<br \/>\u201cThe blue color is exactly as in the photo \u2014 rich and deep. Very pleased with the softness and quality of the material.\u201d<\/p>","protected":false},"excerpt":{"rendered":"<p>Bambusest tekikott muudab iga \u00f6\u00f6 mugavamaks ja magamistoa stiilsemaks. 100% orgaanilisest bambuskiust Premium tekikate on \u00fclipehme, siidja tekstuuriga ja hingav \u2014 temperatuuri&hellip;<\/p>","protected":false},"featured_media":395305,"comment_status":"open","ping_status":"closed","template":"","meta":{"wprm-recipe-roundup-name":"","wprm-recipe-roundup-description":""},"product_brand":[],"product_cat":[12069],"product_tag":[12073,12104],"class_list":{"0":"post-395311","1":"product","2":"type-product","3":"status-publish","4":"has-post-thumbnail","6":"product_cat-bambusest-tekikotid","7":"product_tag-boomba-bamboo","8":"product_tag-dekbedovertrekken","9":"pa_brand-boomba-bamboo","11":"first","12":"instock","13":"taxable","14":"shipping-taxable","15":"purchasable","16":"product-type-variable"},"supplier_id":null,"supplier_sku":"","barcode":null,"atum_controlled":false,"out_stock_date":null,"out_stock_threshold":null,"inheritable":false,"inbound_stock":null,"stock_on_hold":null,"sold_today":null,"sales_last_days":null,"reserved_stock":null,"customer_returns":null,"warehouse_damage":null,"lost_in_post":null,"other_logs":null,"out_stock_days":null,"lost_sales":null,"has_location":null,"update_date":"2026-04-15T13:55:46","atum_locations":[],"atum_stock_status":"instock","restock_status":false,"low_stock_amount":"","sales_update_date":null,"calc_backorders":null,"aioseo_notices":[],"_links":{"self":[{"href":"https:\/\/ecoshop.ee\/en\/wp-json\/wp\/v2\/product\/395311","targetHints":{"allow":["GET"]}}],"collection":[{"href":"https:\/\/ecoshop.ee\/en\/wp-json\/wp\/v2\/product"}],"about":[{"href":"https:\/\/ecoshop.ee\/en\/wp-json\/wp\/v2\/types\/product"}],"replies":[{"embeddable":true,"href":"https:\/\/ecoshop.ee\/en\/wp-json\/wp\/v2\/comments?post=395311"}],"version-history":[{"count":1,"href":"https:\/\/ecoshop.ee\/en\/wp-json\/wp\/v2\/product\/395311\/revisions"}],"predecessor-version":[{"id":395610,"href":"https:\/\/ecoshop.ee\/en\/wp-json\/wp\/v2\/product\/395311\/revisions\/395610"}],"wp:featuredmedia":[{"embeddable":true,"href":"https:\/\/ecoshop.ee\/en\/wp-json\/wp\/v2\/media\/395305"}],"wp:attachment":[{"href":"https:\/\/ecoshop.ee\/en\/wp-json\/wp\/v2\/media?parent=395311"}],"wp:term":[{"taxonomy":"product_brand","embeddable":true,"href":"https:\/\/ecoshop.ee\/en\/wp-json\/wp\/v2\/product_brand?post=395311"},{"taxonomy":"product_cat","embeddable":true,"href":"https:\/\/ecoshop.ee\/en\/wp-json\/wp\/v2\/product_cat?post=395311"},{"taxonomy":"product_tag","embeddable":true,"href":"https:\/\/ecoshop.ee\/en\/wp-json\/wp\/v2\/product_tag?post=395311"}],"curies":[{"name":"wp","href":"https:\/\/api.w.org\/{rel}","templated":true}]}}