{"id":395496,"date":"2026-04-15T16:44:52","date_gmt":"2026-04-15T13:44:52","guid":{"rendered":"https:\/\/ecoshop.ee\/maaratlemata\/hoofdkussen-wit-premium\/"},"modified":"2026-05-13T05:55:10","modified_gmt":"2026-05-13T02:55:10","slug":"bamboo-pillow-white-premium","status":"publish","type":"product","link":"https:\/\/ecoshop.ee\/en\/bambusest-padjad\/bambusest-padi-valge-premium\/","title":{"rendered":"Bamboo pillow \u2013 White \u2013 Premium"},"content":{"rendered":"<p>A bamboo pillow offers exceptional sleep comfort that starts on the first night. The 100% organic bamboo fiber cover surrounds the pillow in an ultra-soft, silky finish that is breathable, moisture-wicking, and naturally hypoallergenic. Bamboo wicks away moisture and keeps the pillow fresh and smelling nice for longer \u2014 especially beneficial for those who sweat a lot at night.<\/p>\n<ul>\n<li>Ultra-soft bamboo fiber cover \u2014 silky and gentle on the skin<\/li>\n<li>Temperature regulating \u2014 natural bamboo air channels ensure constant air circulation<\/li>\n<li>Moisture-wicking \u2014 keeps the pillow fresh and pleasantly scented<\/li>\n<li>Hypoallergenic and antistatic \u2014 suitable for people with allergies, asthma and sensitive skin<\/li>\n<li>Medium firmness \u2014 suitable for different sleeping positions<\/li>\n<li>OEKO-TEX\u00ae, Ecocert and Organic 100 certified<\/li>\n<li>Machine washable \u2014 without losing quality<\/li>\n<\/ul>\n<p><strong>Size:<\/strong><br \/>\n50 x 75 cm (1.6 kg)<\/p>\n<p><strong>Color: White<\/strong><br \/>\nWhite is a classic and clean choice that fits any bedroom. The pure white tone gives a room a sense of freshness, cleanliness and spaciousness and harmonizes with all colors and decor styles.<\/p>\n<p><strong>Maintenance<\/strong><br \/>\nWash with a mild detergent at low temperature. Air dry or tumble dry on the gentlest setting.<\/p>\n<p><strong>What customers who have purchased the product think:<\/strong><br \/>\n\u201cPure white linen that feels incredibly soft in the hand. The quality is much better than I expected.\u201d<br \/>\n\u201cClassic white bedding that fits our bedroom perfectly. The material is silky soft.\u201d<\/p>","protected":false},"excerpt":{"rendered":"<p>Bambusest padi pakub erakordset unemugavust, mis algab juba esimesel \u00f6\u00f6l. 100% orgaanilisest bambuskiust kate \u00fcmbritseb padi \u00fclipehme, siidja kattega mis on hingav,&hellip;<\/p>","protected":false},"featured_media":395495,"comment_status":"open","ping_status":"closed","template":"","meta":{"wprm-recipe-roundup-name":"","wprm-recipe-roundup-description":""},"product_brand":[],"product_cat":[12071],"product_tag":[12073,12182],"class_list":{"0":"post-395496","1":"product","2":"type-product","3":"status-publish","4":"has-post-thumbnail","6":"product_cat-bambusest-padjad","7":"product_tag-boomba-bamboo","8":"product_tag-hoofdkussens","9":"pa_brand-boomba-bamboo","11":"first","12":"instock","13":"taxable","14":"shipping-taxable","15":"purchasable","16":"product-type-simple"},"supplier_id":null,"supplier_sku":"","barcode":null,"atum_controlled":false,"out_stock_date":null,"out_stock_threshold":null,"inheritable":false,"inbound_stock":null,"stock_on_hold":null,"sold_today":null,"sales_last_days":null,"reserved_stock":null,"customer_returns":null,"warehouse_damage":null,"lost_in_post":null,"other_logs":null,"out_stock_days":null,"lost_sales":null,"has_location":false,"update_date":"2026-05-13T02:55:11","atum_locations":[],"atum_stock_status":"instock","restock_status":false,"low_stock_amount":"","sales_update_date":null,"calc_backorders":null,"aioseo_notices":[],"_links":{"self":[{"href":"https:\/\/ecoshop.ee\/en\/wp-json\/wp\/v2\/product\/395496","targetHints":{"allow":["GET"]}}],"collection":[{"href":"https:\/\/ecoshop.ee\/en\/wp-json\/wp\/v2\/product"}],"about":[{"href":"https:\/\/ecoshop.ee\/en\/wp-json\/wp\/v2\/types\/product"}],"replies":[{"embeddable":true,"href":"https:\/\/ecoshop.ee\/en\/wp-json\/wp\/v2\/comments?post=395496"}],"version-history":[{"count":3,"href":"https:\/\/ecoshop.ee\/en\/wp-json\/wp\/v2\/product\/395496\/revisions"}],"predecessor-version":[{"id":395652,"href":"https:\/\/ecoshop.ee\/en\/wp-json\/wp\/v2\/product\/395496\/revisions\/395652"}],"wp:featuredmedia":[{"embeddable":true,"href":"https:\/\/ecoshop.ee\/en\/wp-json\/wp\/v2\/media\/395495"}],"wp:attachment":[{"href":"https:\/\/ecoshop.ee\/en\/wp-json\/wp\/v2\/media?parent=395496"}],"wp:term":[{"taxonomy":"product_brand","embeddable":true,"href":"https:\/\/ecoshop.ee\/en\/wp-json\/wp\/v2\/product_brand?post=395496"},{"taxonomy":"product_cat","embeddable":true,"href":"https:\/\/ecoshop.ee\/en\/wp-json\/wp\/v2\/product_cat?post=395496"},{"taxonomy":"product_tag","embeddable":true,"href":"https:\/\/ecoshop.ee\/en\/wp-json\/wp\/v2\/product_tag?post=395496"}],"curies":[{"name":"wp","href":"https:\/\/api.w.org\/{rel}","templated":true}]}}