{"id":396086,"date":"2026-05-04T20:56:15","date_gmt":"2026-05-04T17:56:15","guid":{"rendered":"https:\/\/ecoshop.ee\/maaratlemata\/milky-terrarium-bottle-garden-diy-kit-o-21-cm-%e2%86%91-30-cm\/"},"modified":"2026-05-15T16:15:43","modified_gmt":"2026-05-15T13:15:43","slug":"do-it-yourself-terrarium-milky-terrarium-calathea-asparagus-fittonia-%e2%86%91-30-cm","status":"publish","type":"product","link":"https:\/\/ecoshop.ee\/en\/taime-terraariumid\/tee-ise-terraarium-milky-terraarium-calathea-asparagus-fittonia-%e2%86%91-30-cm\/","title":{"rendered":"DIY terrarium - Milky terrarium - Calathea - Asparagus - Fittonia - \u2191 30 cm"},"content":{"rendered":"<p class=\"font-claude-response-body break-words whitespace-normal leading-[1.7]\">Loo oma koju v\u00f5i kontorisse pilkup\u00fc\u00fcdev ja isetoimiv taime terraaarium! See kaunis biotoop ei vaja rohen\u00e4pu oskusi ega erilist hooldust, kuna kastmist on vaja vaid paar korda aastas.<\/p>\n<p class=\"font-claude-response-body break-words whitespace-normal leading-[1.7]\"><strong>Omadused:<\/strong><\/p>\n<ul>\n<li>Suurus: \u00d8 21 cm, k\u00f5rgus 30 cm<\/li>\n<li>Isetoimiv, j\u00e4tkusuutlik ja dekoratiivne<\/li>\n<li>Tee-Ise komplekt sisaldab k\u00f5ike vajalikku oma terraariumi loomiseks<\/li>\n<\/ul>\n<p class=\"font-claude-response-body break-words whitespace-normal leading-[1.7]\"><strong>Komplektis sisaldub:<\/strong><\/p>\n<ul>\n<li>Taimed: Calathea Lancifolia, Asparagus, Fittonia Ruby Lime<\/li>\n<li>Milky terraaarium LED-korgiga \u2013 \u00d8 21 cm \u2191 30 cm<\/li>\n<li>Roheline sammal (3 tk)<\/li>\n<li>H\u00fcdrograanulid (0,75 l)<\/li>\n<li>Aktiivss\u00fcsi (35 g)<\/li>\n<li>Terraariumi muld (1,75 l)<\/li>\n<li>Samm-sammuline juhend terraariumi valmistamiseks (ET, DE, EN, FR, IT, ES)<\/li>\n<li>Hooldusn\u00f5uanded<\/li>\n<\/ul>\n<p class=\"font-claude-response-body break-words whitespace-normal leading-[1.7]\"><strong>Kokku panemine ja hooldus:<\/strong><br \/>\nKomplekti abil saad oma terraariumi h\u00f5lpsasti kokku panna, j\u00e4rgides lihtsat ja selget 5-sammulist juhendit. Tulemuseks on lopsakas roheline oaas, mis sobib igasse interj\u00f6\u00f6ri. Soovitatav on terraaarium kord kuus m\u00f5neks tunniks avada.<\/p>\n<p class=\"font-claude-response-body break-words whitespace-normal leading-[1.7]\"><strong>J\u00e4tkusuutlikkus:<\/strong><br \/>\nMeie taimed ja samblikud valitakse ja kasvatatakse hoolikalt kohalikes kasvandustes, tagades parima kvaliteedi ja keskkonnas\u00f5braliku l\u00e4henemise.<\/p>\n<p class=\"font-claude-response-body break-words whitespace-normal leading-[1.7]\"><strong>Kingisoovitus:<\/strong><br \/>\nSee terraaarium on ideaalne kingitus nii rohen\u00e4pule kui ka algajale taimehuvilisele. Sobib s\u00fcnnip\u00e4evaks, soolaleivapeoks v\u00f5i lihtsalt r\u00f5\u00f5mu tegemiseks l\u00e4hedasele.<\/p>\n","protected":false},"excerpt":{"rendered":"<p>Loo oma koju v\u00f5i kontorisse pilkup\u00fc\u00fcdev ja isetoimiv taime terraaarium! See kaunis biotoop ei vaja rohen\u00e4pu oskusi ega erilist hooldust, kuna kastmist&hellip;<\/p>","protected":false},"featured_media":396079,"comment_status":"open","ping_status":"closed","template":"","meta":{"wprm-recipe-roundup-name":"","wprm-recipe-roundup-description":""},"product_brand":[],"product_cat":[2063],"product_tag":[2005,2019,2003,2006,2008,2009,2010,2002],"class_list":{"0":"post-396086","1":"product","2":"type-product","3":"status-publish","4":"has-post-thumbnail","6":"product_cat-taime-terraariumid","7":"product_tag-diy","8":"product_tag-diy-terrarium","9":"product_tag-diy-terrarium-kit","10":"product_tag-do-it-yourself","11":"product_tag-terrarium","12":"product_tag-terrarium-kit","13":"product_tag-urban-jungle","14":"product_tag-urbanjngl","15":"pa_brand-urbanjngl","17":"first","18":"instock","19":"taxable","20":"shipping-taxable","21":"purchasable","22":"product-type-simple"},"supplier_id":null,"supplier_sku":"","barcode":null,"atum_controlled":false,"out_stock_date":null,"out_stock_threshold":null,"inheritable":false,"inbound_stock":null,"stock_on_hold":null,"sold_today":null,"sales_last_days":null,"reserved_stock":null,"customer_returns":null,"warehouse_damage":null,"lost_in_post":null,"other_logs":null,"out_stock_days":null,"lost_sales":null,"has_location":false,"update_date":"2026-05-15T13:15:43","atum_locations":[],"atum_stock_status":"instock","restock_status":false,"low_stock_amount":"","sales_update_date":null,"calc_backorders":null,"aioseo_notices":[],"_links":{"self":[{"href":"https:\/\/ecoshop.ee\/en\/wp-json\/wp\/v2\/product\/396086","targetHints":{"allow":["GET"]}}],"collection":[{"href":"https:\/\/ecoshop.ee\/en\/wp-json\/wp\/v2\/product"}],"about":[{"href":"https:\/\/ecoshop.ee\/en\/wp-json\/wp\/v2\/types\/product"}],"replies":[{"embeddable":true,"href":"https:\/\/ecoshop.ee\/en\/wp-json\/wp\/v2\/comments?post=396086"}],"version-history":[{"count":3,"href":"https:\/\/ecoshop.ee\/en\/wp-json\/wp\/v2\/product\/396086\/revisions"}],"predecessor-version":[{"id":396097,"href":"https:\/\/ecoshop.ee\/en\/wp-json\/wp\/v2\/product\/396086\/revisions\/396097"}],"wp:featuredmedia":[{"embeddable":true,"href":"https:\/\/ecoshop.ee\/en\/wp-json\/wp\/v2\/media\/396079"}],"wp:attachment":[{"href":"https:\/\/ecoshop.ee\/en\/wp-json\/wp\/v2\/media?parent=396086"}],"wp:term":[{"taxonomy":"product_brand","embeddable":true,"href":"https:\/\/ecoshop.ee\/en\/wp-json\/wp\/v2\/product_brand?post=396086"},{"taxonomy":"product_cat","embeddable":true,"href":"https:\/\/ecoshop.ee\/en\/wp-json\/wp\/v2\/product_cat?post=396086"},{"taxonomy":"product_tag","embeddable":true,"href":"https:\/\/ecoshop.ee\/en\/wp-json\/wp\/v2\/product_tag?post=396086"}],"curies":[{"name":"wp","href":"https:\/\/api.w.org\/{rel}","templated":true}]}}