{"id":396242,"date":"2026-05-12T23:44:26","date_gmt":"2026-05-12T20:44:26","guid":{"rendered":"https:\/\/ecoshop.ee\/?post_type=product&#038;p=396242"},"modified":"2026-05-12T23:44:26","modified_gmt":"2026-05-12T20:44:26","slug":"sudanta-ayurvedic-toothpaste-100-natural","status":"publish","type":"product","link":"https:\/\/ecoshop.ee\/en\/hugieenitarbed\/sudanta-ayurveda-hambapasta-100-looduslik\/","title":{"rendered":"Sudanta Ayurvedic Toothpaste, 100% Natural"},"content":{"rendered":"<p class=\"font-claude-response-body break-words whitespace-normal leading-[1.7]\">Puhas ja t\u00f5hus igap\u00e4evane suuh\u00fcgieen ilma kahjulike kemikaalideta. Sudanta hambapasta on valmistatud v\u00f5imsatest ajurveeda \u00fcrtidest ning sertifitseeritud Ecocert ja COSMOS Natural standardite j\u00e4rgi \u2014 garanteerides ohutuse nii sinule kui keskkonnale.<\/p>\n<p class=\"font-claude-response-body break-words whitespace-normal leading-[1.7]\">Enamik hambapastasid sisaldab fluoriidi, SLS-i ja parabeene, mis v\u00f5ivad \u00e4rritada igemed ja h\u00e4irida suu loomulikku bakteriaalset tasakaalu. Sudanta t\u00f5estab, et t\u00f5hus suuh\u00fcgieen ei vaja neid \u2014 looduslikud koostisosad puhastavad, kaitsevad ja v\u00e4rskendavad sama h\u00e4sti.<\/p>\n<ul>\n<li>100% looduslik ja taimne<\/li>\n<li>Fluoriidivaba, SLS-vaba, parabeenivaba, sahhariinivaba<\/li>\n<li>Ecocert &amp; COSMOS Natural sertifitseeritud<\/li>\n<li>Antibakteriaalne \u2014 nelk ja must pipar v\u00e4hendavad kahjulikke baktereid<\/li>\n<li>Tugevdab igemeid ja v\u00e4hendab tundlikkust (Mayaphal)<\/li>\n<li>Rahustab p\u00f5letikku ja toetab paranemist (Bakul)<\/li>\n<li>Sisaldab kaneeli, mis parandab igemete vereringet<\/li>\n<\/ul>\n","protected":false},"excerpt":{"rendered":"<p>Puhas ja t\u00f5hus igap\u00e4evane suuh\u00fcgieen ilma kahjulike kemikaalideta. Sudanta hambapasta on valmistatud v\u00f5imsatest ajurveeda \u00fcrtidest ning sertifitseeritud Ecocert ja COSMOS Natural standardite&hellip;<\/p>","protected":false},"featured_media":396244,"comment_status":"open","ping_status":"closed","template":"","meta":{"wprm-recipe-roundup-name":"","wprm-recipe-roundup-description":""},"product_brand":[],"product_cat":[246],"product_tag":[12206],"class_list":{"0":"post-396242","1":"product","2":"type-product","3":"status-publish","4":"has-post-thumbnail","6":"product_cat-hugieenitarbed","7":"product_tag-hambapasta","8":"j79_wcxd_expiry_type-best-before","10":"first","11":"instock","12":"sale","13":"taxable","14":"shipping-taxable","15":"purchasable","16":"product-type-simple"},"supplier_id":9165,"supplier_sku":"","barcode":"8904150199527","atum_controlled":true,"out_stock_date":null,"out_stock_threshold":null,"inheritable":false,"inbound_stock":null,"stock_on_hold":null,"sold_today":null,"sales_last_days":null,"reserved_stock":null,"customer_returns":null,"warehouse_damage":null,"lost_in_post":null,"other_logs":null,"out_stock_days":null,"lost_sales":null,"has_location":false,"update_date":"2026-05-12T20:44:28","atum_locations":[],"atum_stock_status":"instock","restock_status":false,"low_stock_amount":"","sales_update_date":null,"calc_backorders":null,"aioseo_notices":[],"_links":{"self":[{"href":"https:\/\/ecoshop.ee\/en\/wp-json\/wp\/v2\/product\/396242","targetHints":{"allow":["GET"]}}],"collection":[{"href":"https:\/\/ecoshop.ee\/en\/wp-json\/wp\/v2\/product"}],"about":[{"href":"https:\/\/ecoshop.ee\/en\/wp-json\/wp\/v2\/types\/product"}],"replies":[{"embeddable":true,"href":"https:\/\/ecoshop.ee\/en\/wp-json\/wp\/v2\/comments?post=396242"}],"version-history":[{"count":1,"href":"https:\/\/ecoshop.ee\/en\/wp-json\/wp\/v2\/product\/396242\/revisions"}],"predecessor-version":[{"id":396245,"href":"https:\/\/ecoshop.ee\/en\/wp-json\/wp\/v2\/product\/396242\/revisions\/396245"}],"wp:featuredmedia":[{"embeddable":true,"href":"https:\/\/ecoshop.ee\/en\/wp-json\/wp\/v2\/media\/396244"}],"wp:attachment":[{"href":"https:\/\/ecoshop.ee\/en\/wp-json\/wp\/v2\/media?parent=396242"}],"wp:term":[{"taxonomy":"product_brand","embeddable":true,"href":"https:\/\/ecoshop.ee\/en\/wp-json\/wp\/v2\/product_brand?post=396242"},{"taxonomy":"product_cat","embeddable":true,"href":"https:\/\/ecoshop.ee\/en\/wp-json\/wp\/v2\/product_cat?post=396242"},{"taxonomy":"product_tag","embeddable":true,"href":"https:\/\/ecoshop.ee\/en\/wp-json\/wp\/v2\/product_tag?post=396242"}],"curies":[{"name":"wp","href":"https:\/\/api.w.org\/{rel}","templated":true}]}}