{"id":43620,"date":"2024-12-23T23:33:04","date_gmt":"2024-12-23T20:33:04","guid":{"rendered":"https:\/\/ecoshop.ee\/maaratlemata\/terrarium-diy-kit-teddy-bonsai-bottle-garden-%e2%86%91-265-cm\/"},"modified":"2026-05-12T10:04:00","modified_gmt":"2026-05-12T07:04:00","slug":"diy-terrarium-teddy-bonsai-%e2%86%91-265-cm","status":"publish","type":"product","link":"https:\/\/ecoshop.ee\/en\/taime-terraariumid\/tee-ise-terraarium-teddy-bonsai-%e2%86%91-265-cm\/","title":{"rendered":"DIY terrarium - Teddy Bonsai - \u2191 26.5 cm"},"content":{"rendered":"<p>Create your own little urban jungle in a corked bottle! This beautiful terrarium is an eye-catcher that adds a living and sustainable piece of nature to your home or office. You don&#039;t have to be a green thumb - our terrariums are self-sufficient and only need watering a few times a year.<\/p>\n<p><strong>Features:<\/strong><\/p>\n<ul>\n<li>Size: \u00d8 25 cm, height 26.5 cm<\/li>\n<li>Self-sufficient, beautiful and sustainable<\/li>\n<li>The DIY kit includes everything you need to create your own mini jungle<\/li>\n<\/ul>\n<p><strong>The set includes:<\/strong><\/p>\n<ul>\n<li>Plants: Ficus Ginseng Bonsai, Fittonia<\/li>\n<li>Green moss<\/li>\n<li>Hydrogranules<\/li>\n<li>Activated carbon<\/li>\n<li>Terrarium soil<\/li>\n<li>Step-by-step guide to making a terrarium<\/li>\n<li>Maintenance tips<\/li>\n<\/ul>\n<p><strong>Creation and maintenance:<\/strong><br \/>\nThe DIY kit&#039;s simple 5-step guide will help you assemble your terrarium quickly and easily. All the necessary instructions are clearly laid out so you can enjoy your terrarium from day one.<\/p>\n<p><strong>Sustainable choice:<\/strong><br \/>\nOur plants and lichens are carefully selected and grown sustainably, so you can be sure you&#039;re getting a high-quality, environmentally friendly solution that will last for years.<\/p>\n<p><strong>Gift suggestion:<\/strong><br \/>\nThis terrarium is the perfect gift for any occasion - be it a birthday, a salted bread party or just to make your loved ones happy. Bring a breath of green life into your home or office and create a unique and memorable impression!<\/p>\n<p><strong>Create your own green corner and enjoy living nature every day!<\/strong><\/p>","protected":false},"excerpt":{"rendered":"<p>Loo oma v\u00e4ike linnad\u017eungel korgiga pudelisse! See kaunis terraarium on pilgup\u00fc\u00fcdja, mis lisab sinu koju v\u00f5i kontorisse elava ja j\u00e4tkusuutliku looduse t\u00fckikese.&hellip;<\/p>","protected":false},"featured_media":43615,"comment_status":"open","ping_status":"closed","template":"","meta":{"wprm-recipe-roundup-name":"","wprm-recipe-roundup-description":""},"product_brand":[],"product_cat":[2001,2063],"product_tag":[2004,2005,2003,2006,2007,2008,2009,2010,2002],"class_list":{"0":"post-43620","1":"product","2":"type-product","3":"status-publish","4":"has-post-thumbnail","6":"product_cat-taimed","7":"product_cat-taime-terraariumid","8":"product_tag-bonsai","9":"product_tag-diy","10":"product_tag-diy-terrarium-kit","11":"product_tag-do-it-yourself","12":"product_tag-teddy","13":"product_tag-terrarium","14":"product_tag-terrarium-kit","15":"product_tag-urban-jungle","16":"product_tag-urbanjngl","17":"pa_brand-urbanjngl","19":"first","20":"instock","21":"taxable","22":"shipping-taxable","23":"purchasable","24":"product-type-variable"},"supplier_id":null,"supplier_sku":"","barcode":null,"atum_controlled":true,"out_stock_date":null,"out_stock_threshold":null,"inheritable":true,"inbound_stock":null,"stock_on_hold":0,"sold_today":1,"sales_last_days":1,"reserved_stock":null,"customer_returns":null,"warehouse_damage":null,"lost_in_post":null,"other_logs":null,"out_stock_days":0,"lost_sales":0,"has_location":false,"update_date":"2026-05-12T16:57:37","atum_locations":[],"atum_stock_status":"instock","restock_status":false,"low_stock_amount":"","sales_update_date":"2026-03-07T01:16:16","calc_backorders":null,"aioseo_notices":[],"_links":{"self":[{"href":"https:\/\/ecoshop.ee\/en\/wp-json\/wp\/v2\/product\/43620","targetHints":{"allow":["GET"]}}],"collection":[{"href":"https:\/\/ecoshop.ee\/en\/wp-json\/wp\/v2\/product"}],"about":[{"href":"https:\/\/ecoshop.ee\/en\/wp-json\/wp\/v2\/types\/product"}],"replies":[{"embeddable":true,"href":"https:\/\/ecoshop.ee\/en\/wp-json\/wp\/v2\/comments?post=43620"}],"version-history":[{"count":0,"href":"https:\/\/ecoshop.ee\/en\/wp-json\/wp\/v2\/product\/43620\/revisions"}],"wp:featuredmedia":[{"embeddable":true,"href":"https:\/\/ecoshop.ee\/en\/wp-json\/wp\/v2\/media\/43615"}],"wp:attachment":[{"href":"https:\/\/ecoshop.ee\/en\/wp-json\/wp\/v2\/media?parent=43620"}],"wp:term":[{"taxonomy":"product_brand","embeddable":true,"href":"https:\/\/ecoshop.ee\/en\/wp-json\/wp\/v2\/product_brand?post=43620"},{"taxonomy":"product_cat","embeddable":true,"href":"https:\/\/ecoshop.ee\/en\/wp-json\/wp\/v2\/product_cat?post=43620"},{"taxonomy":"product_tag","embeddable":true,"href":"https:\/\/ecoshop.ee\/en\/wp-json\/wp\/v2\/product_tag?post=43620"}],"curies":[{"name":"wp","href":"https:\/\/api.w.org\/{rel}","templated":true}]}}