{"id":43676,"date":"2024-12-24T01:22:50","date_gmt":"2024-12-23T22:22:50","guid":{"rendered":"https:\/\/ecoshop.ee\/maaratlemata\/terrarium-diy-kit-sam-xl-bottle-garden-%e2%86%91-35-cm\/"},"modified":"2026-05-13T10:15:53","modified_gmt":"2026-05-13T07:15:53","slug":"make-your-own-terrarium-sam-xl-%e2%86%91-35-cm","status":"publish","type":"product","link":"https:\/\/ecoshop.ee\/en\/taime-terraariumid\/tee-ise-terraarium-sam-xl-%e2%86%91-35-cm\/","title":{"rendered":"Tee-Ise terrarium - Sam XL - \u2191 35 cm"},"content":{"rendered":"<p>A beautiful plant terrarium adds an eye-catching and vibrant element to your home or office. You don&#039;t need a green thumb to enjoy it - our self-watering terrariums only need watering a few times a year.<\/p>\n<p><strong>Features:<\/strong><\/p>\n<ul>\n<li>Size: \u00d8 30 cm, height 35 cm<\/li>\n<li>Independent, sustainable and aesthetic<\/li>\n<li>The DIY kit includes everything you need to create your own mini jungle<\/li>\n<\/ul>\n<p><strong>The set includes:<\/strong><\/p>\n<ul>\n<li>Plants: White Fittonia, asparagus fern<\/li>\n<li>Green moss<\/li>\n<li>Hydrogranules<\/li>\n<li>Activated carbon<\/li>\n<li>Terrarium soil<\/li>\n<li>Step-by-step guide for making a closed terrarium<\/li>\n<li>Maintenance tips<\/li>\n<\/ul>\n<p><strong>Assembly and maintenance:<\/strong><br \/>\nWith the DIY kit, you can quickly and easily assemble your terrarium by following a simple 5-step guide. All the necessary instructions are clearly explained so you can create a personal biotope that will delight you for years to come.<\/p>\n<p><strong>Sustainable choice:<\/strong><br \/>\nOur plants and lichens are grown with love and undergo careful quality control. They reach you via the shortest route, offering quality and environmental friendliness you can trust.<\/p>\n<p><strong>Gift suggestion:<\/strong><br \/>\nThis terrarium is the perfect gift for any occasion - for a family member, friend, colleague or teacher. Create a unique and personal gift that will delight any home or office.<\/p>\n<p><strong>Turn your space into a green oasis and bring a piece of nature to life!<\/strong><\/p>","protected":false},"excerpt":{"rendered":"<p>Kaunis taime terraarium lisab sinu koju v\u00f5i kontorisse pilkup\u00fc\u00fcdva ja elava sisustuselemendi. Seda nautimiseks ei ole vaja rohen\u00e4pu oskusi \u2013 meie isetoimivad&hellip;<\/p>","protected":false},"featured_media":43670,"comment_status":"open","ping_status":"closed","template":"","meta":{"wprm-recipe-roundup-name":"","wprm-recipe-roundup-description":""},"product_brand":[],"product_cat":[2001,2063],"product_tag":[2005,2003,2043,2008,2009,2010,2002],"class_list":{"0":"post-43676","1":"product","2":"type-product","3":"status-publish","4":"has-post-thumbnail","6":"product_cat-taimed","7":"product_cat-taime-terraariumid","8":"product_tag-diy","9":"product_tag-diy-terrarium-kit","10":"product_tag-terraarium","11":"product_tag-terrarium","12":"product_tag-terrarium-kit","13":"product_tag-urban-jungle","14":"product_tag-urbanjngl","15":"pa_brand-urbanjngl","17":"first","18":"instock","19":"taxable","20":"shipping-taxable","21":"purchasable","22":"product-type-variable"},"supplier_id":null,"supplier_sku":"","barcode":null,"atum_controlled":true,"out_stock_date":null,"out_stock_threshold":null,"inheritable":true,"inbound_stock":null,"stock_on_hold":0,"sold_today":0,"sales_last_days":0,"reserved_stock":null,"customer_returns":null,"warehouse_damage":null,"lost_in_post":null,"other_logs":null,"out_stock_days":0,"lost_sales":0,"has_location":false,"update_date":"2026-03-07T01:16:02","atum_locations":[],"atum_stock_status":"instock","restock_status":false,"low_stock_amount":"","sales_update_date":"2026-03-07T01:16:02","calc_backorders":null,"aioseo_notices":[],"_links":{"self":[{"href":"https:\/\/ecoshop.ee\/en\/wp-json\/wp\/v2\/product\/43676","targetHints":{"allow":["GET"]}}],"collection":[{"href":"https:\/\/ecoshop.ee\/en\/wp-json\/wp\/v2\/product"}],"about":[{"href":"https:\/\/ecoshop.ee\/en\/wp-json\/wp\/v2\/types\/product"}],"replies":[{"embeddable":true,"href":"https:\/\/ecoshop.ee\/en\/wp-json\/wp\/v2\/comments?post=43676"}],"version-history":[{"count":0,"href":"https:\/\/ecoshop.ee\/en\/wp-json\/wp\/v2\/product\/43676\/revisions"}],"wp:featuredmedia":[{"embeddable":true,"href":"https:\/\/ecoshop.ee\/en\/wp-json\/wp\/v2\/media\/43670"}],"wp:attachment":[{"href":"https:\/\/ecoshop.ee\/en\/wp-json\/wp\/v2\/media?parent=43676"}],"wp:term":[{"taxonomy":"product_brand","embeddable":true,"href":"https:\/\/ecoshop.ee\/en\/wp-json\/wp\/v2\/product_brand?post=43676"},{"taxonomy":"product_cat","embeddable":true,"href":"https:\/\/ecoshop.ee\/en\/wp-json\/wp\/v2\/product_cat?post=43676"},{"taxonomy":"product_tag","embeddable":true,"href":"https:\/\/ecoshop.ee\/en\/wp-json\/wp\/v2\/product_tag?post=43676"}],"curies":[{"name":"wp","href":"https:\/\/api.w.org\/{rel}","templated":true}]}}