{"id":43692,"date":"2024-12-24T01:24:19","date_gmt":"2024-12-23T22:24:19","guid":{"rendered":"https:\/\/ecoshop.ee\/maaratlemata\/terrarium-diy-kit-sam-calathea-with-light-bottle-garden-%e2%86%91-30-cm\/"},"modified":"2026-03-02T18:16:44","modified_gmt":"2026-03-02T15:16:44","slug":"diy-terrarium-sam-calathea-with-lighting-%e2%86%91-30-cm","status":"publish","type":"product","link":"https:\/\/ecoshop.ee\/en\/taime-terraariumid\/tee-ise-terraarium-sam-calathea-valgustusega-%e2%86%91-30-cm\/","title":{"rendered":"DIY Terrarium \u2013 Sam Calathea \u2013 With Lighting \u2013 \u2191 30 cm"},"content":{"rendered":"<p>A beautiful plant terrarium will add a unique and eye-catching element to your home or office. You don&#039;t need a green thumb to enjoy it - our self-watering terrariums only need watering a few times a year.<\/p>\n<p><strong>Features:<\/strong><\/p>\n<ul>\n<li>Size: \u00d8 25 cm, height 30 cm<\/li>\n<li>Self-acting, aesthetic and sustainable<\/li>\n<li>The illuminated cap adds elegance to the terrarium<\/li>\n<li>The DIY kit includes everything you need to create your own mini jungle<\/li>\n<\/ul>\n<p><strong>The set includes:<\/strong><\/p>\n<ul>\n<li>Plants: Calathea, Fittonia red\/orange, Fittonia white<\/li>\n<li>Green moss<\/li>\n<li>Hydrogranules<\/li>\n<li>Activated carbon<\/li>\n<li>Terrarium soil<\/li>\n<li>LED lighted cap<\/li>\n<li>Step-by-step guide for making a closed terrarium<\/li>\n<li>Maintenance tips<\/li>\n<\/ul>\n<p><strong>Assembly and maintenance:<\/strong><br \/>\nThe kit makes it easy and fun to create your own personal biotope by following the 5-step guide. All the necessary instructions are clearly explained so you can quickly enjoy your lush greenery.<\/p>\n<p><strong>Sustainability:<\/strong><br \/>\nOur plants and lichens are carefully selected and grown with love in local nurseries. This way, you can be sure that you are getting a high-quality, environmentally friendly solution that will remain viable for a long time.<\/p>\n<p><strong>Gift suggestion:<\/strong><br \/>\nThis terrarium is the perfect gift for any occasion - for a family member, friend, colleague or teacher. Add a personal touch to your gift by assembling the terrarium yourself, or have the recipient do it themselves.<\/p>\n<p><strong>Turn your home or office into a green oasis with this beautiful terrarium!<\/strong><\/p>","protected":false},"excerpt":{"rendered":"<p>Kaunis taime terraarium lisab sinu koju v\u00f5i kontorisse unikaalse ja pilkup\u00fc\u00fcdva sisustuselemendi. Seda nautimiseks ei ole vaja rohen\u00e4pu oskusi \u2013 meie isetoimivad&hellip;<\/p>","protected":false},"featured_media":43688,"comment_status":"open","ping_status":"closed","template":"","meta":{"wprm-recipe-roundup-name":"","wprm-recipe-roundup-description":""},"product_brand":[],"product_cat":[2001,2063],"product_tag":[2052,2009,2057,2058,2002],"class_list":{"0":"post-43692","1":"product","2":"type-product","3":"status-publish","4":"has-post-thumbnail","6":"product_cat-taimed","7":"product_cat-taime-terraariumid","8":"product_tag-plant-terrarium","9":"product_tag-terrarium-kit","10":"product_tag-terrarium-with-led","11":"product_tag-terrarium-with-light","12":"product_tag-urbanjngl","13":"pa_brand-urbanjngl","15":"first","16":"instock","17":"taxable","18":"shipping-taxable","19":"purchasable","20":"product-type-simple"},"supplier_id":null,"supplier_sku":"","barcode":null,"atum_controlled":false,"out_stock_date":null,"out_stock_threshold":null,"inheritable":false,"inbound_stock":null,"stock_on_hold":0,"sold_today":0,"sales_last_days":0,"reserved_stock":null,"customer_returns":null,"warehouse_damage":null,"lost_in_post":null,"other_logs":null,"out_stock_days":0,"lost_sales":0,"has_location":false,"update_date":"2026-03-07T01:11:50","atum_locations":[],"atum_stock_status":"instock","restock_status":false,"low_stock_amount":"","sales_update_date":"2026-03-07T01:11:50","calc_backorders":null,"aioseo_notices":[],"_links":{"self":[{"href":"https:\/\/ecoshop.ee\/en\/wp-json\/wp\/v2\/product\/43692","targetHints":{"allow":["GET"]}}],"collection":[{"href":"https:\/\/ecoshop.ee\/en\/wp-json\/wp\/v2\/product"}],"about":[{"href":"https:\/\/ecoshop.ee\/en\/wp-json\/wp\/v2\/types\/product"}],"replies":[{"embeddable":true,"href":"https:\/\/ecoshop.ee\/en\/wp-json\/wp\/v2\/comments?post=43692"}],"version-history":[{"count":0,"href":"https:\/\/ecoshop.ee\/en\/wp-json\/wp\/v2\/product\/43692\/revisions"}],"wp:featuredmedia":[{"embeddable":true,"href":"https:\/\/ecoshop.ee\/en\/wp-json\/wp\/v2\/media\/43688"}],"wp:attachment":[{"href":"https:\/\/ecoshop.ee\/en\/wp-json\/wp\/v2\/media?parent=43692"}],"wp:term":[{"taxonomy":"product_brand","embeddable":true,"href":"https:\/\/ecoshop.ee\/en\/wp-json\/wp\/v2\/product_brand?post=43692"},{"taxonomy":"product_cat","embeddable":true,"href":"https:\/\/ecoshop.ee\/en\/wp-json\/wp\/v2\/product_cat?post=43692"},{"taxonomy":"product_tag","embeddable":true,"href":"https:\/\/ecoshop.ee\/en\/wp-json\/wp\/v2\/product_tag?post=43692"}],"curies":[{"name":"wp","href":"https:\/\/api.w.org\/{rel}","templated":true}]}}