{"id":4632,"date":"2024-06-21T22:15:46","date_gmt":"2024-06-21T19:15:46","guid":{"rendered":"https:\/\/ecoshop.ee\/?post_type=product&#038;p=4632"},"modified":"2026-04-14T00:45:14","modified_gmt":"2026-04-13T21:45:14","slug":"razor-blade-storage-box","status":"publish","type":"product","link":"https:\/\/ecoshop.ee\/en\/raseerimistarvikud\/raseerija-terade-hoiukarp\/","title":{"rendered":"Razor blade storage box"},"content":{"rendered":"<div class=\"flex flex-grow flex-col max-w-full\">\n<div class=\"min-h-[20px] text-message flex flex-col items-start whitespace-pre-wrap break-words [.text-message+&amp;]:mt-5 juice:w-full juice:items-end overflow-x-auto gap-2\" dir=\"auto\" data-message-author-role=\"assistant\" data-message-id=\"47bfa8ec-4165-4bee-8f7d-8347a9f1b178\">\n<div class=\"flex w-full flex-col gap-1 juice:empty:hidden juice:first:pt-[3px]\">\n<div class=\"markdown prose w-full break-words dark:prose-invert dark\">\n<p>Meie raseerija terade hoiukarp on ideaalne vannitoa korrastamiseks ja ohtlike kasutatud terade k\u00e4eulatusest eemal hoidmiseks.<\/p>\n<p>Need vastupidavad v\u00e4iksed konteinerid mahutavad mugavalt kuni 100 raseerija tera, kuni olete valmis need taaskasutusse viima.<\/p>\n<p>Meie terade hoiutopsid on loodud kestma ja on p\u00f5rutuskindlad, diskreetsed ja kompaktsed, nii et saate need vannitoas \u00e4ra peita v\u00f5i reisile kaasa v\u00f5tta.<\/p>\n<\/div>\n<\/div>\n<\/div>\n<\/div>\n","protected":false},"excerpt":{"rendered":"<p>Meie raseerija terade hoiukarp on ideaalne vannitoa korrastamiseks ja ohtlike kasutatud terade k\u00e4eulatusest eemal hoidmiseks. Need vastupidavad v\u00e4iksed konteinerid mahutavad mugavalt kuni&hellip;<\/p>","protected":false},"featured_media":4633,"comment_status":"open","ping_status":"closed","template":"","meta":{"wprm-recipe-roundup-name":"","wprm-recipe-roundup-description":""},"product_brand":[12064],"product_cat":[163,281],"product_tag":[190],"class_list":{"0":"post-4632","1":"product","2":"type-product","3":"status-publish","4":"has-post-thumbnail","6":"product_brand-jungle-culture","7":"product_cat-kodutarbed","8":"product_cat-raseerimistarvikud","9":"product_tag-raseerija","11":"first","12":"instock","13":"taxable","14":"shipping-taxable","15":"purchasable","16":"product-type-simple"},"supplier_id":9133,"supplier_sku":"","barcode":null,"atum_controlled":true,"out_stock_date":null,"out_stock_threshold":null,"inheritable":false,"inbound_stock":0,"stock_on_hold":0,"sold_today":0,"sales_last_days":1,"reserved_stock":0,"customer_returns":0,"warehouse_damage":0,"lost_in_post":0,"other_logs":0,"out_stock_days":0,"lost_sales":0,"has_location":false,"update_date":"2026-04-13T21:45:14","atum_locations":[],"atum_stock_status":"instock","restock_status":false,"low_stock_amount":"","sales_update_date":"2026-04-07T18:13:43","calc_backorders":null,"aioseo_notices":[],"_links":{"self":[{"href":"https:\/\/ecoshop.ee\/en\/wp-json\/wp\/v2\/product\/4632","targetHints":{"allow":["GET"]}}],"collection":[{"href":"https:\/\/ecoshop.ee\/en\/wp-json\/wp\/v2\/product"}],"about":[{"href":"https:\/\/ecoshop.ee\/en\/wp-json\/wp\/v2\/types\/product"}],"replies":[{"embeddable":true,"href":"https:\/\/ecoshop.ee\/en\/wp-json\/wp\/v2\/comments?post=4632"}],"version-history":[{"count":0,"href":"https:\/\/ecoshop.ee\/en\/wp-json\/wp\/v2\/product\/4632\/revisions"}],"wp:featuredmedia":[{"embeddable":true,"href":"https:\/\/ecoshop.ee\/en\/wp-json\/wp\/v2\/media\/4633"}],"wp:attachment":[{"href":"https:\/\/ecoshop.ee\/en\/wp-json\/wp\/v2\/media?parent=4632"}],"wp:term":[{"taxonomy":"product_brand","embeddable":true,"href":"https:\/\/ecoshop.ee\/en\/wp-json\/wp\/v2\/product_brand?post=4632"},{"taxonomy":"product_cat","embeddable":true,"href":"https:\/\/ecoshop.ee\/en\/wp-json\/wp\/v2\/product_cat?post=4632"},{"taxonomy":"product_tag","embeddable":true,"href":"https:\/\/ecoshop.ee\/en\/wp-json\/wp\/v2\/product_tag?post=4632"}],"curies":[{"name":"wp","href":"https:\/\/api.w.org\/{rel}","templated":true}]}}