{"id":4769,"date":"2024-06-24T18:55:01","date_gmt":"2024-06-24T15:55:01","guid":{"rendered":"https:\/\/ecoshop.ee\/?post_type=product&#038;p=4769"},"modified":"2025-12-25T19:36:49","modified_gmt":"2025-12-25T16:36:49","slug":"cork-womens-stream","status":"publish","type":"product","link":"https:\/\/ecoshop.ee\/en\/rihmad\/korgist-naiste-voo\/","title":{"rendered":"Cork women's belt"},"content":{"rendered":"<p>Experience the perfect combination of fashion and sustainability with our cork women&#039;s belt. The front of the belt is made of genuine cork material, demonstrating a commitment to eco-friendly fashion. The back is lined with soft vegan leather, ensuring comfort. The belt is equipped with a strong and stylish silver-gray rectangular buckle that adds elegance to any outfit.<\/p>\n<p>Cork is naturally waterproof and fireproof, adding to its durability and longevity. In addition, cork production is energy efficient, as it does not require trees to be cut down, only their bark to be peeled, which regenerates over time. The lightness and comfort of cork make it an ideal choice for everyday wear.<\/p>\n<p>Complete your wardrobe with this elegant and eco-friendly belt!<\/p>\n<p><strong>Size:<\/strong><\/p>\n<ul>\n<li>Length: 95 cm<\/li>\n<li>Width: 2 cm<\/li>\n<\/ul>","protected":false},"excerpt":{"rendered":"<p>Koge moe ja j\u00e4tkusuutlikkuse t\u00e4iuslikku kombinatsiooni meie korgist naiste v\u00f6\u00f6ga. V\u00f6\u00f6 esik\u00fclg on valmistatud ehtsast korgimaterjalist, demonstreerides p\u00fchendumust keskkonnas\u00f5bralikule moele. Tagak\u00fclg on&hellip;<\/p>","protected":false},"featured_media":4772,"comment_status":"open","ping_status":"closed","template":"","meta":{"wprm-recipe-roundup-name":"","wprm-recipe-roundup-description":""},"product_brand":[],"product_cat":[244],"product_tag":[214],"class_list":{"0":"post-4769","1":"product","2":"type-product","3":"status-publish","4":"has-post-thumbnail","6":"product_cat-rihmad","7":"product_tag-voo","9":"first","10":"instock","11":"taxable","12":"shipping-taxable","13":"purchasable","14":"product-type-variable"},"supplier_id":null,"supplier_sku":"","barcode":null,"atum_controlled":true,"out_stock_date":null,"out_stock_threshold":null,"inheritable":false,"inbound_stock":0,"stock_on_hold":0,"sold_today":0,"sales_last_days":0,"reserved_stock":0,"customer_returns":0,"warehouse_damage":0,"lost_in_post":0,"other_logs":0,"out_stock_days":0,"lost_sales":0,"has_location":false,"update_date":"2026-03-07T01:16:10","atum_locations":[],"atum_stock_status":"instock","restock_status":false,"low_stock_amount":"","sales_update_date":"2026-03-07T01:16:10","calc_backorders":null,"aioseo_notices":[],"_links":{"self":[{"href":"https:\/\/ecoshop.ee\/en\/wp-json\/wp\/v2\/product\/4769","targetHints":{"allow":["GET"]}}],"collection":[{"href":"https:\/\/ecoshop.ee\/en\/wp-json\/wp\/v2\/product"}],"about":[{"href":"https:\/\/ecoshop.ee\/en\/wp-json\/wp\/v2\/types\/product"}],"replies":[{"embeddable":true,"href":"https:\/\/ecoshop.ee\/en\/wp-json\/wp\/v2\/comments?post=4769"}],"version-history":[{"count":0,"href":"https:\/\/ecoshop.ee\/en\/wp-json\/wp\/v2\/product\/4769\/revisions"}],"wp:featuredmedia":[{"embeddable":true,"href":"https:\/\/ecoshop.ee\/en\/wp-json\/wp\/v2\/media\/4772"}],"wp:attachment":[{"href":"https:\/\/ecoshop.ee\/en\/wp-json\/wp\/v2\/media?parent=4769"}],"wp:term":[{"taxonomy":"product_brand","embeddable":true,"href":"https:\/\/ecoshop.ee\/en\/wp-json\/wp\/v2\/product_brand?post=4769"},{"taxonomy":"product_cat","embeddable":true,"href":"https:\/\/ecoshop.ee\/en\/wp-json\/wp\/v2\/product_cat?post=4769"},{"taxonomy":"product_tag","embeddable":true,"href":"https:\/\/ecoshop.ee\/en\/wp-json\/wp\/v2\/product_tag?post=4769"}],"curies":[{"name":"wp","href":"https:\/\/api.w.org\/{rel}","templated":true}]}}