{"id":4873,"date":"2024-06-27T21:39:24","date_gmt":"2024-06-27T18:39:24","guid":{"rendered":"https:\/\/ecoshop.ee\/?post_type=product&#038;p=4873"},"modified":"2025-02-20T11:40:28","modified_gmt":"2025-02-20T09:40:28","slug":"beautiful-cork-talisman-with-a-traditional-amulet","status":"publish","type":"product","link":"https:\/\/ecoshop.ee\/en\/kaekellad-ja-ehted\/kaunis-korgist-kaevoru-traditsioonilise-amuletiga\/","title":{"rendered":"Beautiful cork bracelet with a traditional amulet"},"content":{"rendered":"<p>Beautiful cork bracelet - an accessory that combines a traditional Portuguese amulet and a durable cork cord made from genuine Portuguese oak wood. Cork production is sustainable and does not harm the tree. The bracelet uses a convenient magnetic clasp, which ensures easy fastening and secure wearing. NB! The amulet pattern of the purchased bracelets is random.<\/p>\n<p><strong>Size:<\/strong><\/p>\n<ul>\n<li>Length: 20 cm<\/li>\n<li>Width: 2 cm<\/li>\n<\/ul>","protected":false},"excerpt":{"rendered":"<p>Kaunis korgist k\u00e4ev\u00f5ru \u2013 aksessuaar, mis \u00fchendab endas traditsioonilise Portugali amuleti ja vastupidava korgist n\u00f6\u00f6ri mis valmistatud ehtsast Portugali tammepuidust. Korgi tootmine&hellip;<\/p>","protected":false},"featured_media":4875,"comment_status":"open","ping_status":"closed","template":"","meta":{"wprm-recipe-roundup-name":"","wprm-recipe-roundup-description":""},"product_brand":[],"product_cat":[243],"product_tag":[225],"class_list":{"0":"post-4873","1":"product","2":"type-product","3":"status-publish","4":"has-post-thumbnail","6":"product_cat-kaekellad-ja-ehted","7":"product_tag-kaevoru","9":"first","10":"instock","11":"taxable","12":"shipping-taxable","13":"purchasable","14":"product-type-simple"},"supplier_id":9159,"supplier_sku":"","barcode":null,"atum_controlled":true,"out_stock_date":null,"out_stock_threshold":null,"inheritable":false,"inbound_stock":0,"stock_on_hold":0,"sold_today":0,"sales_last_days":0,"reserved_stock":0,"customer_returns":0,"warehouse_damage":0,"lost_in_post":0,"other_logs":0,"out_stock_days":0,"lost_sales":0,"has_location":false,"update_date":"2026-03-07T01:16:03","atum_locations":[],"atum_stock_status":"instock","restock_status":false,"low_stock_amount":"","sales_update_date":"2026-03-07T01:16:03","calc_backorders":null,"aioseo_notices":[],"_links":{"self":[{"href":"https:\/\/ecoshop.ee\/en\/wp-json\/wp\/v2\/product\/4873","targetHints":{"allow":["GET"]}}],"collection":[{"href":"https:\/\/ecoshop.ee\/en\/wp-json\/wp\/v2\/product"}],"about":[{"href":"https:\/\/ecoshop.ee\/en\/wp-json\/wp\/v2\/types\/product"}],"replies":[{"embeddable":true,"href":"https:\/\/ecoshop.ee\/en\/wp-json\/wp\/v2\/comments?post=4873"}],"version-history":[{"count":0,"href":"https:\/\/ecoshop.ee\/en\/wp-json\/wp\/v2\/product\/4873\/revisions"}],"wp:featuredmedia":[{"embeddable":true,"href":"https:\/\/ecoshop.ee\/en\/wp-json\/wp\/v2\/media\/4875"}],"wp:attachment":[{"href":"https:\/\/ecoshop.ee\/en\/wp-json\/wp\/v2\/media?parent=4873"}],"wp:term":[{"taxonomy":"product_brand","embeddable":true,"href":"https:\/\/ecoshop.ee\/en\/wp-json\/wp\/v2\/product_brand?post=4873"},{"taxonomy":"product_cat","embeddable":true,"href":"https:\/\/ecoshop.ee\/en\/wp-json\/wp\/v2\/product_cat?post=4873"},{"taxonomy":"product_tag","embeddable":true,"href":"https:\/\/ecoshop.ee\/en\/wp-json\/wp\/v2\/product_tag?post=4873"}],"curies":[{"name":"wp","href":"https:\/\/api.w.org\/{rel}","templated":true}]}}