{"id":5540,"date":"2024-07-13T20:26:56","date_gmt":"2024-07-13T17:26:56","guid":{"rendered":"https:\/\/ecoshop.ee\/?post_type=product&#038;p=5540"},"modified":"2025-12-25T19:35:23","modified_gmt":"2025-12-25T16:35:23","slug":"mini-cork-wallet","status":"publish","type":"product","link":"https:\/\/ecoshop.ee\/en\/rahakotid\/mini-korgist-rahakott\/","title":{"rendered":"Mini cork wallet"},"content":{"rendered":"<p>Super handy and smart cork leather wallet is all you need to carry small items or money. Fits in any bag, is very compact and lightweight. These bright colors and cute patterns will add even more charm to your everyday bag.<\/p>\n<p>&nbsp;<\/p>\n<p>Material:<\/p>\n<ul>\n<li>Cork<\/li>\n<li>Zamak zipper<\/li>\n<\/ul>\n<p>Dimensions:<\/p>\n<ul>\n<li>Length: 16 cm<\/li>\n<li>Width: 9 cm<\/li>\n<li>Thickness: 0.5 cm<\/li>\n<\/ul>","protected":false},"excerpt":{"rendered":"<p>Super k\u00e4ep\u00e4rane ja nutikas korginahast rahakott on k\u00f5ik mida vajate v\u00e4ikeste esemete v\u00f5i raha kandmiseks. Sobib igasse kotti, on v\u00e4ga kompaktne ja&hellip;<\/p>","protected":false},"featured_media":5542,"comment_status":"open","ping_status":"closed","template":"","meta":{"wprm-recipe-roundup-name":"","wprm-recipe-roundup-description":""},"product_brand":[],"product_cat":[241],"product_tag":[219],"class_list":{"0":"post-5540","1":"product","2":"type-product","3":"status-publish","4":"has-post-thumbnail","6":"product_cat-rahakotid","7":"product_tag-rahakott","9":"first","10":"instock","11":"taxable","12":"shipping-taxable","13":"purchasable","14":"product-type-variable"},"supplier_id":null,"supplier_sku":"","barcode":null,"atum_controlled":true,"out_stock_date":null,"out_stock_threshold":null,"inheritable":false,"inbound_stock":0,"stock_on_hold":0,"sold_today":0,"sales_last_days":0,"reserved_stock":0,"customer_returns":0,"warehouse_damage":0,"lost_in_post":0,"other_logs":0,"out_stock_days":0,"lost_sales":0,"has_location":false,"update_date":"2026-03-07T01:16:04","atum_locations":[],"atum_stock_status":"instock","restock_status":false,"low_stock_amount":"","sales_update_date":"2026-03-07T01:16:04","calc_backorders":null,"aioseo_notices":[],"_links":{"self":[{"href":"https:\/\/ecoshop.ee\/en\/wp-json\/wp\/v2\/product\/5540","targetHints":{"allow":["GET"]}}],"collection":[{"href":"https:\/\/ecoshop.ee\/en\/wp-json\/wp\/v2\/product"}],"about":[{"href":"https:\/\/ecoshop.ee\/en\/wp-json\/wp\/v2\/types\/product"}],"replies":[{"embeddable":true,"href":"https:\/\/ecoshop.ee\/en\/wp-json\/wp\/v2\/comments?post=5540"}],"version-history":[{"count":0,"href":"https:\/\/ecoshop.ee\/en\/wp-json\/wp\/v2\/product\/5540\/revisions"}],"wp:featuredmedia":[{"embeddable":true,"href":"https:\/\/ecoshop.ee\/en\/wp-json\/wp\/v2\/media\/5542"}],"wp:attachment":[{"href":"https:\/\/ecoshop.ee\/en\/wp-json\/wp\/v2\/media?parent=5540"}],"wp:term":[{"taxonomy":"product_brand","embeddable":true,"href":"https:\/\/ecoshop.ee\/en\/wp-json\/wp\/v2\/product_brand?post=5540"},{"taxonomy":"product_cat","embeddable":true,"href":"https:\/\/ecoshop.ee\/en\/wp-json\/wp\/v2\/product_cat?post=5540"},{"taxonomy":"product_tag","embeddable":true,"href":"https:\/\/ecoshop.ee\/en\/wp-json\/wp\/v2\/product_tag?post=5540"}],"curies":[{"name":"wp","href":"https:\/\/api.w.org\/{rel}","templated":true}]}}