{"id":5713,"date":"2024-07-16T14:01:55","date_gmt":"2024-07-16T11:01:55","guid":{"rendered":"https:\/\/ecoshop.ee\/?post_type=product&#038;p=5713"},"modified":"2025-12-25T19:43:04","modified_gmt":"2025-12-25T16:43:04","slug":"3-piece-cork-hotplate-set","status":"publish","type":"product","link":"https:\/\/ecoshop.ee\/en\/tarvikud\/3-osaline-korgist-kuumaaluste-komplekt\/","title":{"rendered":"3-piece cork hotplate set"},"content":{"rendered":"<p>Introducing our innovative 3-piece modular cork coaster set, the perfect addition to any modern kitchen. This versatile set includes three cork coasters with a unique, interlocking design, allowing them to be used individually or in combination for different pot sizes and shapes.<\/p>\n<p>Made from high-quality, sustainable cork. These coasters provide natural insulation, protecting your surfaces from heat damage. The detachable pieces are easy to store and their geometric design gives a modern look that will suit any interior. Whether serving a single dish or hosting a feast, this set of cork placemats will add practicality and ingenuity to your table.<\/p>\n<p>&nbsp;<\/p>\n<p><strong>Sizes:<\/strong> (outer square)<\/p>\n<ul>\n<li>Length: 20cm<\/li>\n<li>Width: 20cm<\/li>\n<li>Height: 2 cm<\/li>\n<\/ul>","protected":false},"excerpt":{"rendered":"<p>Tutvustame meie innovaatilist 3-osalist ja modulaarset korgist kuumaaluste komplekti, mis on ideaalne t\u00e4iendus igasse kaasaegsesse k\u00f6\u00f6ki. See mitmek\u00fclgne komplekt sisaldab kolme korgist&hellip;<\/p>","protected":false},"featured_media":5714,"comment_status":"open","ping_status":"closed","template":"","meta":{"wprm-recipe-roundup-name":"","wprm-recipe-roundup-description":""},"product_brand":[],"product_cat":[245],"product_tag":[],"class_list":{"0":"post-5713","1":"product","2":"type-product","3":"status-publish","4":"has-post-thumbnail","6":"product_cat-tarvikud","8":"first","9":"instock","10":"taxable","11":"shipping-taxable","12":"purchasable","13":"product-type-simple"},"supplier_id":9159,"supplier_sku":"","barcode":null,"atum_controlled":true,"out_stock_date":null,"out_stock_threshold":null,"inheritable":false,"inbound_stock":0,"stock_on_hold":0,"sold_today":0,"sales_last_days":0,"reserved_stock":0,"customer_returns":0,"warehouse_damage":0,"lost_in_post":0,"other_logs":0,"out_stock_days":0,"lost_sales":0,"has_location":false,"update_date":"2026-03-07T01:16:09","atum_locations":[],"atum_stock_status":"instock","restock_status":false,"low_stock_amount":"","sales_update_date":"2026-03-07T01:16:09","calc_backorders":null,"aioseo_notices":[],"_links":{"self":[{"href":"https:\/\/ecoshop.ee\/en\/wp-json\/wp\/v2\/product\/5713","targetHints":{"allow":["GET"]}}],"collection":[{"href":"https:\/\/ecoshop.ee\/en\/wp-json\/wp\/v2\/product"}],"about":[{"href":"https:\/\/ecoshop.ee\/en\/wp-json\/wp\/v2\/types\/product"}],"replies":[{"embeddable":true,"href":"https:\/\/ecoshop.ee\/en\/wp-json\/wp\/v2\/comments?post=5713"}],"version-history":[{"count":0,"href":"https:\/\/ecoshop.ee\/en\/wp-json\/wp\/v2\/product\/5713\/revisions"}],"wp:featuredmedia":[{"embeddable":true,"href":"https:\/\/ecoshop.ee\/en\/wp-json\/wp\/v2\/media\/5714"}],"wp:attachment":[{"href":"https:\/\/ecoshop.ee\/en\/wp-json\/wp\/v2\/media?parent=5713"}],"wp:term":[{"taxonomy":"product_brand","embeddable":true,"href":"https:\/\/ecoshop.ee\/en\/wp-json\/wp\/v2\/product_brand?post=5713"},{"taxonomy":"product_cat","embeddable":true,"href":"https:\/\/ecoshop.ee\/en\/wp-json\/wp\/v2\/product_cat?post=5713"},{"taxonomy":"product_tag","embeddable":true,"href":"https:\/\/ecoshop.ee\/en\/wp-json\/wp\/v2\/product_tag?post=5713"}],"curies":[{"name":"wp","href":"https:\/\/api.w.org\/{rel}","templated":true}]}}