{"id":5732,"date":"2024-07-16T15:03:44","date_gmt":"2024-07-16T12:03:44","guid":{"rendered":"https:\/\/ecoshop.ee\/?post_type=product&#038;p=5732"},"modified":"2025-12-25T19:36:48","modified_gmt":"2025-12-25T16:36:48","slug":"classic-mens-hole-free-cork-belt","status":"publish","type":"product","link":"https:\/\/ecoshop.ee\/en\/rihmad\/klassikaline-meeste-auguvaba-korgist-puksirihm\/","title":{"rendered":"Classic men&#039;s hole-free cork belt"},"content":{"rendered":"<p>Classic hole-free cork belt - a combination of timeless elegance and innovative functionality. The belt has no holes and has a smart adjustment mechanism on the back that allows for precise length adjustment within a 23 cm zone.<\/p>\n<p>Adjusting the length is easy: open the stylish black buckle, adjust the strap and refasten it with a click. This design ensures comfort and adapts to changes in waist circumference. The double-sided luxurious black cork will retain its beauty over time. Choose our cork trousers belts if you value sustainable and stylish craftsmanship!<\/p>\n<p>&nbsp;<\/p>\n<p><strong>Sizes:<\/strong><\/p>\n<ul>\n<li>Length: 120cm<\/li>\n<li>Width: 3.5 cm<\/li>\n<\/ul>","protected":false},"excerpt":{"rendered":"<p>Klassikaline auguvaba korgist p\u00fcksirihm \u2013 ajatu elegantsi ja uuendusliku funktsionaalsuse kooslus. V\u00f6\u00f6l puuduvad augud ja selle tagak\u00fcljel on nutikas reguleerimismehhanism, mis v\u00f5imaldab&hellip;<\/p>","protected":false},"featured_media":5733,"comment_status":"open","ping_status":"closed","template":"","meta":{"wprm-recipe-roundup-name":"","wprm-recipe-roundup-description":""},"product_brand":[],"product_cat":[244],"product_tag":[],"class_list":{"0":"post-5732","1":"product","2":"type-product","3":"status-publish","4":"has-post-thumbnail","6":"product_cat-rihmad","8":"first","9":"instock","10":"taxable","11":"shipping-taxable","12":"purchasable","13":"product-type-simple"},"supplier_id":9159,"supplier_sku":"","barcode":null,"atum_controlled":true,"out_stock_date":null,"out_stock_threshold":null,"inheritable":false,"inbound_stock":0,"stock_on_hold":0,"sold_today":0,"sales_last_days":0,"reserved_stock":0,"customer_returns":0,"warehouse_damage":0,"lost_in_post":0,"other_logs":0,"out_stock_days":0,"lost_sales":0,"has_location":false,"update_date":"2026-03-07T01:16:09","atum_locations":[],"atum_stock_status":"instock","restock_status":false,"low_stock_amount":"","sales_update_date":"2026-03-07T01:16:09","calc_backorders":null,"aioseo_notices":[],"_links":{"self":[{"href":"https:\/\/ecoshop.ee\/en\/wp-json\/wp\/v2\/product\/5732","targetHints":{"allow":["GET"]}}],"collection":[{"href":"https:\/\/ecoshop.ee\/en\/wp-json\/wp\/v2\/product"}],"about":[{"href":"https:\/\/ecoshop.ee\/en\/wp-json\/wp\/v2\/types\/product"}],"replies":[{"embeddable":true,"href":"https:\/\/ecoshop.ee\/en\/wp-json\/wp\/v2\/comments?post=5732"}],"version-history":[{"count":0,"href":"https:\/\/ecoshop.ee\/en\/wp-json\/wp\/v2\/product\/5732\/revisions"}],"wp:featuredmedia":[{"embeddable":true,"href":"https:\/\/ecoshop.ee\/en\/wp-json\/wp\/v2\/media\/5733"}],"wp:attachment":[{"href":"https:\/\/ecoshop.ee\/en\/wp-json\/wp\/v2\/media?parent=5732"}],"wp:term":[{"taxonomy":"product_brand","embeddable":true,"href":"https:\/\/ecoshop.ee\/en\/wp-json\/wp\/v2\/product_brand?post=5732"},{"taxonomy":"product_cat","embeddable":true,"href":"https:\/\/ecoshop.ee\/en\/wp-json\/wp\/v2\/product_cat?post=5732"},{"taxonomy":"product_tag","embeddable":true,"href":"https:\/\/ecoshop.ee\/en\/wp-json\/wp\/v2\/product_tag?post=5732"}],"curies":[{"name":"wp","href":"https:\/\/api.w.org\/{rel}","templated":true}]}}