{"id":5740,"date":"2024-07-16T15:29:41","date_gmt":"2024-07-16T12:29:41","guid":{"rendered":"https:\/\/ecoshop.ee\/?post_type=product&#038;p=5740"},"modified":"2025-12-25T19:36:50","modified_gmt":"2025-12-25T16:36:50","slug":"stylish-cork-womens-flow","status":"publish","type":"product","link":"https:\/\/ecoshop.ee\/en\/rihmad\/stiilne-korgist-naiste-voo\/","title":{"rendered":"Stylish cork women's belt"},"content":{"rendered":"<p>Stylish cork women&#039;s belt, made of genuine and durable cork material. The belt has a strong and elegant semi-circular gold buckle. Made of natural cork, the belt is sustainable and showcases the unique texture of cork. The golden semi-circular buckle adds fashion and ensures a secure and adjustable fit. Choose from three different chic colors.<\/p>\n<p>&nbsp;<\/p>\n<p><strong>Sizes:<\/strong><\/p>\n<ul>\n<li>Length: 90 cm<\/li>\n<li>Width: 1.9 cm<\/li>\n<\/ul>","protected":false},"excerpt":{"rendered":"<p>Stiilne korgist naiste v\u00f6\u00f6, valmistatud ehtsast ja vastupidavast korgimaterjalist. V\u00f6\u00f6l on tugev ja elegantne poolringikujuline kuldne pannal. Looduslikust korgist valmistatud v\u00f6\u00f6 on&hellip;<\/p>","protected":false},"featured_media":5748,"comment_status":"open","ping_status":"closed","template":"","meta":{"wprm-recipe-roundup-name":"","wprm-recipe-roundup-description":""},"product_brand":[],"product_cat":[244],"product_tag":[214],"class_list":{"0":"post-5740","1":"product","2":"type-product","3":"status-publish","4":"has-post-thumbnail","6":"product_cat-rihmad","7":"product_tag-voo","9":"first","10":"instock","11":"taxable","12":"shipping-taxable","13":"purchasable","14":"product-type-variable"},"supplier_id":null,"supplier_sku":"","barcode":null,"atum_controlled":true,"out_stock_date":null,"out_stock_threshold":null,"inheritable":false,"inbound_stock":0,"stock_on_hold":0,"sold_today":0,"sales_last_days":0,"reserved_stock":0,"customer_returns":0,"warehouse_damage":0,"lost_in_post":0,"other_logs":0,"out_stock_days":0,"lost_sales":0,"has_location":false,"update_date":"2026-03-07T01:16:09","atum_locations":[],"atum_stock_status":"instock","restock_status":false,"low_stock_amount":"","sales_update_date":"2026-03-07T01:16:09","calc_backorders":null,"aioseo_notices":[],"_links":{"self":[{"href":"https:\/\/ecoshop.ee\/en\/wp-json\/wp\/v2\/product\/5740","targetHints":{"allow":["GET"]}}],"collection":[{"href":"https:\/\/ecoshop.ee\/en\/wp-json\/wp\/v2\/product"}],"about":[{"href":"https:\/\/ecoshop.ee\/en\/wp-json\/wp\/v2\/types\/product"}],"replies":[{"embeddable":true,"href":"https:\/\/ecoshop.ee\/en\/wp-json\/wp\/v2\/comments?post=5740"}],"version-history":[{"count":0,"href":"https:\/\/ecoshop.ee\/en\/wp-json\/wp\/v2\/product\/5740\/revisions"}],"wp:featuredmedia":[{"embeddable":true,"href":"https:\/\/ecoshop.ee\/en\/wp-json\/wp\/v2\/media\/5748"}],"wp:attachment":[{"href":"https:\/\/ecoshop.ee\/en\/wp-json\/wp\/v2\/media?parent=5740"}],"wp:term":[{"taxonomy":"product_brand","embeddable":true,"href":"https:\/\/ecoshop.ee\/en\/wp-json\/wp\/v2\/product_brand?post=5740"},{"taxonomy":"product_cat","embeddable":true,"href":"https:\/\/ecoshop.ee\/en\/wp-json\/wp\/v2\/product_cat?post=5740"},{"taxonomy":"product_tag","embeddable":true,"href":"https:\/\/ecoshop.ee\/en\/wp-json\/wp\/v2\/product_tag?post=5740"}],"curies":[{"name":"wp","href":"https:\/\/api.w.org\/{rel}","templated":true}]}}