{"id":5984,"date":"2024-07-18T13:43:55","date_gmt":"2024-07-18T10:43:55","guid":{"rendered":"https:\/\/ecoshop.ee\/?post_type=product&#038;p=5984"},"modified":"2024-11-09T01:31:31","modified_gmt":"2024-11-08T22:31:31","slug":"stylish-natural-cork-watch-in-a-gift-box","status":"publish","type":"product","link":"https:\/\/ecoshop.ee\/en\/kaekellad-ja-ehted\/naturaalsest-korgist-stiilne-kaekell-kinkekarbis\/","title":{"rendered":"Stylish watch made of natural cork in a gift box"},"content":{"rendered":"<p>This stylish watch is the perfect gift for yourself or your loved ones. The watch comes with two interchangeable straps \u2013 one made of natural cork and the other in burgundy. The natural cork offers lightness and comfort, while the unique pattern and color of the cork add style. The watch&#039;s timeless and universal design is perfect for everyday wear as well as more formal occasions. This versatile and eco-friendly accessory is a great choice, suitable for both men and women.<\/p>\n<p>&nbsp;<\/p>\n<p><strong>Sizes:<\/strong><\/p>\n<ul>\n<li>Length: 23 cm<\/li>\n<li>Dial width: 4 cm<\/li>\n<li>Strap width: 1.8 cm<\/li>\n<\/ul>","protected":false},"excerpt":{"rendered":"<p>See stiilne k\u00e4ekell on t\u00e4iuslik kingitus nii iseendale kui l\u00e4hedastele. Kellaga on kaasas kaks vahetatavat rihma \u2013 \u00fcks naturaalse v\u00e4rvusega korgist ja&hellip;<\/p>","protected":false},"featured_media":5985,"comment_status":"open","ping_status":"closed","template":"","meta":{"wprm-recipe-roundup-name":"","wprm-recipe-roundup-description":""},"product_brand":[],"product_cat":[243],"product_tag":[222],"class_list":{"0":"post-5984","1":"product","2":"type-product","3":"status-publish","4":"has-post-thumbnail","6":"product_cat-kaekellad-ja-ehted","7":"product_tag-kell","9":"first","10":"instock","11":"taxable","12":"shipping-taxable","13":"purchasable","14":"product-type-simple"},"supplier_id":9159,"supplier_sku":"","barcode":null,"atum_controlled":true,"out_stock_date":null,"out_stock_threshold":null,"inheritable":false,"inbound_stock":0,"stock_on_hold":0,"sold_today":0,"sales_last_days":0,"reserved_stock":0,"customer_returns":0,"warehouse_damage":0,"lost_in_post":0,"other_logs":0,"out_stock_days":0,"lost_sales":0,"has_location":false,"update_date":"2026-03-07T01:16:01","atum_locations":[],"atum_stock_status":"instock","restock_status":false,"low_stock_amount":"","sales_update_date":"2026-03-07T01:16:01","calc_backorders":null,"aioseo_notices":[],"_links":{"self":[{"href":"https:\/\/ecoshop.ee\/en\/wp-json\/wp\/v2\/product\/5984","targetHints":{"allow":["GET"]}}],"collection":[{"href":"https:\/\/ecoshop.ee\/en\/wp-json\/wp\/v2\/product"}],"about":[{"href":"https:\/\/ecoshop.ee\/en\/wp-json\/wp\/v2\/types\/product"}],"replies":[{"embeddable":true,"href":"https:\/\/ecoshop.ee\/en\/wp-json\/wp\/v2\/comments?post=5984"}],"version-history":[{"count":0,"href":"https:\/\/ecoshop.ee\/en\/wp-json\/wp\/v2\/product\/5984\/revisions"}],"wp:featuredmedia":[{"embeddable":true,"href":"https:\/\/ecoshop.ee\/en\/wp-json\/wp\/v2\/media\/5985"}],"wp:attachment":[{"href":"https:\/\/ecoshop.ee\/en\/wp-json\/wp\/v2\/media?parent=5984"}],"wp:term":[{"taxonomy":"product_brand","embeddable":true,"href":"https:\/\/ecoshop.ee\/en\/wp-json\/wp\/v2\/product_brand?post=5984"},{"taxonomy":"product_cat","embeddable":true,"href":"https:\/\/ecoshop.ee\/en\/wp-json\/wp\/v2\/product_cat?post=5984"},{"taxonomy":"product_tag","embeddable":true,"href":"https:\/\/ecoshop.ee\/en\/wp-json\/wp\/v2\/product_tag?post=5984"}],"curies":[{"name":"wp","href":"https:\/\/api.w.org\/{rel}","templated":true}]}}