{"id":6008,"date":"2024-07-18T15:03:07","date_gmt":"2024-07-18T12:03:07","guid":{"rendered":"https:\/\/ecoshop.ee\/?post_type=product&#038;p=6008"},"modified":"2024-11-09T01:31:31","modified_gmt":"2024-11-08T22:31:31","slug":"natural-cork-necklace","status":"publish","type":"product","link":"https:\/\/ecoshop.ee\/en\/kaekellad-ja-ehted\/looduslikust-korgist-kaelakee\/","title":{"rendered":"Natural cork necklace"},"content":{"rendered":"<p>This natural cork necklace is made from cork and zamak from Portugal, offering an eco-friendly and unique jewelry design. The vintage style necklace combines original wooden design and craftsmanship. Each necklace is handmade and shipped directly from Portugal, ensuring high quality and authenticity. The necklace is 45 cm long and comes in four different designs.<\/p>","protected":false},"excerpt":{"rendered":"<p>See naturaalsest korgist kaelakee on valmistatud Portugalist p\u00e4rit korgist ja zamakist, pakkudes keskkonnas\u00f5bralikku ja ainulaadset ehtedisaini. Vintage stiilis kaelakee \u00fchendab endas originaalse&hellip;<\/p>","protected":false},"featured_media":6015,"comment_status":"open","ping_status":"closed","template":"","meta":{"wprm-recipe-roundup-name":"","wprm-recipe-roundup-description":""},"product_brand":[],"product_cat":[243],"product_tag":[259],"class_list":{"0":"post-6008","1":"product","2":"type-product","3":"status-publish","4":"has-post-thumbnail","6":"product_cat-kaekellad-ja-ehted","7":"product_tag-kaelakee","9":"first","10":"instock","11":"taxable","12":"shipping-taxable","13":"purchasable","14":"product-type-variable"},"supplier_id":null,"supplier_sku":"","barcode":null,"atum_controlled":true,"out_stock_date":null,"out_stock_threshold":null,"inheritable":false,"inbound_stock":0,"stock_on_hold":0,"sold_today":0,"sales_last_days":0,"reserved_stock":0,"customer_returns":0,"warehouse_damage":0,"lost_in_post":0,"other_logs":0,"out_stock_days":0,"lost_sales":0,"has_location":false,"update_date":"2026-03-07T01:16:01","atum_locations":[],"atum_stock_status":"instock","restock_status":false,"low_stock_amount":"","sales_update_date":"2026-03-07T01:16:01","calc_backorders":null,"aioseo_notices":[],"_links":{"self":[{"href":"https:\/\/ecoshop.ee\/en\/wp-json\/wp\/v2\/product\/6008","targetHints":{"allow":["GET"]}}],"collection":[{"href":"https:\/\/ecoshop.ee\/en\/wp-json\/wp\/v2\/product"}],"about":[{"href":"https:\/\/ecoshop.ee\/en\/wp-json\/wp\/v2\/types\/product"}],"replies":[{"embeddable":true,"href":"https:\/\/ecoshop.ee\/en\/wp-json\/wp\/v2\/comments?post=6008"}],"version-history":[{"count":0,"href":"https:\/\/ecoshop.ee\/en\/wp-json\/wp\/v2\/product\/6008\/revisions"}],"wp:featuredmedia":[{"embeddable":true,"href":"https:\/\/ecoshop.ee\/en\/wp-json\/wp\/v2\/media\/6015"}],"wp:attachment":[{"href":"https:\/\/ecoshop.ee\/en\/wp-json\/wp\/v2\/media?parent=6008"}],"wp:term":[{"taxonomy":"product_brand","embeddable":true,"href":"https:\/\/ecoshop.ee\/en\/wp-json\/wp\/v2\/product_brand?post=6008"},{"taxonomy":"product_cat","embeddable":true,"href":"https:\/\/ecoshop.ee\/en\/wp-json\/wp\/v2\/product_cat?post=6008"},{"taxonomy":"product_tag","embeddable":true,"href":"https:\/\/ecoshop.ee\/en\/wp-json\/wp\/v2\/product_tag?post=6008"}],"curies":[{"name":"wp","href":"https:\/\/api.w.org\/{rel}","templated":true}]}}