{"id":6081,"date":"2024-07-18T21:56:15","date_gmt":"2024-07-18T18:56:15","guid":{"rendered":"https:\/\/ecoshop.ee\/?post_type=product&#038;p=6081"},"modified":"2025-12-25T19:40:50","modified_gmt":"2025-12-25T16:40:50","slug":"cork-tote-bag-for-everyday-use","status":"publish","type":"product","link":"https:\/\/ecoshop.ee\/en\/kotid\/korgist-kaekott-igapaevaseks-kasutamiseks\/","title":{"rendered":"Cork handbag for everyday use"},"content":{"rendered":"<p>Stylish and practical cork handbag for everyday use. This bag has one small zippered side pocket and one main zippered opening, with a spacious interior and three practical pockets. The adjustable shoulder strap ensures good support and comfort even on long trips. In addition, the bag is decorated with printed details that make it eye-catching. Wear it cross-body or as a handbag according to your outfit and enjoy a wonderful day!<\/p>\n<p>&nbsp;<\/p>\n<p><strong>Dimensions:<\/strong><\/p>\n<ul>\n<li>Length: 31 cm<\/li>\n<li>Width 23 cm<\/li>\n<li>Thickness: 13 cm<\/li>\n<li>Small handle height: 18 cm<\/li>\n<li>Strap length: 65-130 cm<\/li>\n<\/ul>","protected":false},"excerpt":{"rendered":"<p>Stiilne ja praktiline korgist k\u00e4ekott igap\u00e4evaseks kasutamiseks. Sellel kotil on \u00fcks v\u00e4ike lukuga k\u00fcljetasku ja \u00fcks peamine lukuga ava, milles avar sisemus&hellip;<\/p>","protected":false},"featured_media":6088,"comment_status":"open","ping_status":"closed","template":"","meta":{"wprm-recipe-roundup-name":"","wprm-recipe-roundup-description":""},"product_brand":[],"product_cat":[242],"product_tag":[202],"class_list":{"0":"post-6081","1":"product","2":"type-product","3":"status-publish","4":"has-post-thumbnail","6":"product_cat-kotid","7":"product_tag-kott","9":"first","10":"instock","11":"taxable","12":"shipping-taxable","13":"purchasable","14":"product-type-variable"},"supplier_id":null,"supplier_sku":"","barcode":null,"atum_controlled":true,"out_stock_date":null,"out_stock_threshold":null,"inheritable":false,"inbound_stock":0,"stock_on_hold":0,"sold_today":0,"sales_last_days":0,"reserved_stock":0,"customer_returns":0,"warehouse_damage":0,"lost_in_post":0,"other_logs":0,"out_stock_days":0,"lost_sales":0,"has_location":false,"update_date":"2026-03-07T01:16:01","atum_locations":[],"atum_stock_status":"instock","restock_status":false,"low_stock_amount":"","sales_update_date":"2026-03-07T01:16:01","calc_backorders":null,"aioseo_notices":[],"_links":{"self":[{"href":"https:\/\/ecoshop.ee\/en\/wp-json\/wp\/v2\/product\/6081","targetHints":{"allow":["GET"]}}],"collection":[{"href":"https:\/\/ecoshop.ee\/en\/wp-json\/wp\/v2\/product"}],"about":[{"href":"https:\/\/ecoshop.ee\/en\/wp-json\/wp\/v2\/types\/product"}],"replies":[{"embeddable":true,"href":"https:\/\/ecoshop.ee\/en\/wp-json\/wp\/v2\/comments?post=6081"}],"version-history":[{"count":0,"href":"https:\/\/ecoshop.ee\/en\/wp-json\/wp\/v2\/product\/6081\/revisions"}],"wp:featuredmedia":[{"embeddable":true,"href":"https:\/\/ecoshop.ee\/en\/wp-json\/wp\/v2\/media\/6088"}],"wp:attachment":[{"href":"https:\/\/ecoshop.ee\/en\/wp-json\/wp\/v2\/media?parent=6081"}],"wp:term":[{"taxonomy":"product_brand","embeddable":true,"href":"https:\/\/ecoshop.ee\/en\/wp-json\/wp\/v2\/product_brand?post=6081"},{"taxonomy":"product_cat","embeddable":true,"href":"https:\/\/ecoshop.ee\/en\/wp-json\/wp\/v2\/product_cat?post=6081"},{"taxonomy":"product_tag","embeddable":true,"href":"https:\/\/ecoshop.ee\/en\/wp-json\/wp\/v2\/product_tag?post=6081"}],"curies":[{"name":"wp","href":"https:\/\/api.w.org\/{rel}","templated":true}]}}