{"id":6911,"date":"2024-08-10T00:01:48","date_gmt":"2024-08-09T21:01:48","guid":{"rendered":"https:\/\/ecoshop.ee\/?post_type=product&#038;p=6911"},"modified":"2026-05-08T11:44:06","modified_gmt":"2026-05-08T08:44:06","slug":"organic-hulled-hemp-seeds-200g","status":"publish","type":"product","link":"https:\/\/ecoshop.ee\/en\/kupsetussegud-ja-kuivained\/orgaanilised-kooritud-kanepiseemned-200g\/","title":{"rendered":"Organic hulled hemp seeds, 200g"},"content":{"rendered":"<p>Dragon Superfoods Organic Hulled Hemp Seeds are gently hulled at low temperatures through a chemical-free process, preserving their high Omega 3 and Vitamin E content. This results in an ideal ratio of Omega 3 to Omega 6. The seeds&#039; mild nutty flavor adds a great finishing touch to a variety of salads, smoothies and even soups.<\/p>\n<p>Recommended use: 30 g per day.<\/p>\n<p>Store in a cool, dry place.<\/p>","protected":false},"excerpt":{"rendered":"<p>Dragon Superfoods orgaanilised kooritud kanepiseemned on \u00f5rnalt kooritud madalal temperatuuril kemikaalivaba protsessi kaudu, s\u00e4ilitades nende k\u00f5rge Omega 3 ja E-vitamiini sisalduse. Seet\u00f5ttu&hellip;<\/p>","protected":false},"featured_media":6912,"comment_status":"open","ping_status":"closed","template":"","meta":{"wprm-recipe-roundup-name":"","wprm-recipe-roundup-description":""},"product_brand":[12065],"product_cat":[323,161,303],"product_tag":[297,300],"class_list":{"0":"post-6911","1":"product","2":"type-product","3":"status-publish","4":"has-post-thumbnail","6":"product_brand-dragon-superfoods","7":"product_cat-kupsetussegud-ja-kuivained","8":"product_cat-sahvrikaubad","9":"product_cat-mahetooted","10":"product_tag-mahe","11":"product_tag-seemned","12":"j79_wcxd_expiry_type-expiry-date","14":"first","15":"instock","16":"taxable","17":"shipping-taxable","18":"purchasable","19":"product-type-simple"},"supplier_id":9165,"supplier_sku":"","barcode":"3800225473156","atum_controlled":true,"out_stock_date":null,"out_stock_threshold":null,"inheritable":false,"inbound_stock":0,"stock_on_hold":0,"sold_today":0,"sales_last_days":1,"reserved_stock":0,"customer_returns":0,"warehouse_damage":0,"lost_in_post":0,"other_logs":0,"out_stock_days":0,"lost_sales":0,"has_location":false,"update_date":"2026-05-12T12:37:21","atum_locations":[],"atum_stock_status":"instock","restock_status":false,"low_stock_amount":"","sales_update_date":"2026-05-12T12:37:21","calc_backorders":null,"aioseo_notices":[],"_links":{"self":[{"href":"https:\/\/ecoshop.ee\/en\/wp-json\/wp\/v2\/product\/6911","targetHints":{"allow":["GET"]}}],"collection":[{"href":"https:\/\/ecoshop.ee\/en\/wp-json\/wp\/v2\/product"}],"about":[{"href":"https:\/\/ecoshop.ee\/en\/wp-json\/wp\/v2\/types\/product"}],"replies":[{"embeddable":true,"href":"https:\/\/ecoshop.ee\/en\/wp-json\/wp\/v2\/comments?post=6911"}],"version-history":[{"count":0,"href":"https:\/\/ecoshop.ee\/en\/wp-json\/wp\/v2\/product\/6911\/revisions"}],"wp:featuredmedia":[{"embeddable":true,"href":"https:\/\/ecoshop.ee\/en\/wp-json\/wp\/v2\/media\/6912"}],"wp:attachment":[{"href":"https:\/\/ecoshop.ee\/en\/wp-json\/wp\/v2\/media?parent=6911"}],"wp:term":[{"taxonomy":"product_brand","embeddable":true,"href":"https:\/\/ecoshop.ee\/en\/wp-json\/wp\/v2\/product_brand?post=6911"},{"taxonomy":"product_cat","embeddable":true,"href":"https:\/\/ecoshop.ee\/en\/wp-json\/wp\/v2\/product_cat?post=6911"},{"taxonomy":"product_tag","embeddable":true,"href":"https:\/\/ecoshop.ee\/en\/wp-json\/wp\/v2\/product_tag?post=6911"}],"curies":[{"name":"wp","href":"https:\/\/api.w.org\/{rel}","templated":true}]}}