{"id":6958,"date":"2024-08-11T00:40:02","date_gmt":"2024-08-10T21:40:02","guid":{"rendered":"https:\/\/ecoshop.ee\/?post_type=product&#038;p=6958"},"modified":"2025-12-25T18:08:10","modified_gmt":"2025-12-25T15:08:10","slug":"coconut-chips-with-french-sea-salt-70g","status":"publish","type":"product","link":"https:\/\/ecoshop.ee\/en\/soolased-snakid\/kookosekropsud-prantsuse-meresoolaga-70g\/","title":{"rendered":"Coconut chips with French sea salt, 70g"},"content":{"rendered":"<p>Bett&#039;r coconut chips in the classic version - organic coconut flakes, with French sea salt and baked until nicely crispy. A simple and clean combination. No added fat, sugar, artificial ingredients or flavor enhancers. Chips that are truly Bett&#039;r!<\/p>","protected":false},"excerpt":{"rendered":"<p>Bett&#8217;r kookosekr\u00f5psud klassikalises variandis \u2013 mahedad kookosehelbed, millele on lisatud Prantsuse meresoola ja k\u00fcpsetatud m\u00f5nusalt kr\u00f5bedaks. Lihtne ja puhas kooslus. Ei ole&hellip;<\/p>","protected":false},"featured_media":6959,"comment_status":"open","ping_status":"closed","template":"","meta":{"wprm-recipe-roundup-name":"","wprm-recipe-roundup-description":""},"product_brand":[],"product_cat":[157,303],"product_tag":[284,297],"class_list":{"0":"post-6958","1":"product","2":"type-product","3":"status-publish","4":"has-post-thumbnail","6":"product_cat-soolased-snakid","7":"product_cat-mahetooted","8":"product_tag-kookosekropsud","9":"product_tag-mahe","10":"j79_wcxd_expiry_type-expiry-date","12":"first","13":"outofstock","14":"taxable","15":"shipping-taxable","16":"purchasable","17":"product-type-simple"},"supplier_id":9165,"supplier_sku":"","barcode":"3800232733458","atum_controlled":true,"out_stock_date":"2025-10-18 12:33:40","out_stock_threshold":null,"inheritable":false,"inbound_stock":0,"stock_on_hold":0,"sold_today":0,"sales_last_days":0,"reserved_stock":0,"customer_returns":0,"warehouse_damage":0,"lost_in_post":0,"other_logs":0,"out_stock_days":170,"lost_sales":53,"has_location":false,"update_date":"2026-04-06T20:01:18","atum_locations":[],"atum_stock_status":"outofstock","restock_status":false,"low_stock_amount":"","sales_update_date":"2026-04-06T20:01:18","calc_backorders":null,"aioseo_notices":[],"_links":{"self":[{"href":"https:\/\/ecoshop.ee\/en\/wp-json\/wp\/v2\/product\/6958","targetHints":{"allow":["GET"]}}],"collection":[{"href":"https:\/\/ecoshop.ee\/en\/wp-json\/wp\/v2\/product"}],"about":[{"href":"https:\/\/ecoshop.ee\/en\/wp-json\/wp\/v2\/types\/product"}],"replies":[{"embeddable":true,"href":"https:\/\/ecoshop.ee\/en\/wp-json\/wp\/v2\/comments?post=6958"}],"version-history":[{"count":0,"href":"https:\/\/ecoshop.ee\/en\/wp-json\/wp\/v2\/product\/6958\/revisions"}],"wp:featuredmedia":[{"embeddable":true,"href":"https:\/\/ecoshop.ee\/en\/wp-json\/wp\/v2\/media\/6959"}],"wp:attachment":[{"href":"https:\/\/ecoshop.ee\/en\/wp-json\/wp\/v2\/media?parent=6958"}],"wp:term":[{"taxonomy":"product_brand","embeddable":true,"href":"https:\/\/ecoshop.ee\/en\/wp-json\/wp\/v2\/product_brand?post=6958"},{"taxonomy":"product_cat","embeddable":true,"href":"https:\/\/ecoshop.ee\/en\/wp-json\/wp\/v2\/product_cat?post=6958"},{"taxonomy":"product_tag","embeddable":true,"href":"https:\/\/ecoshop.ee\/en\/wp-json\/wp\/v2\/product_tag?post=6958"}],"curies":[{"name":"wp","href":"https:\/\/api.w.org\/{rel}","templated":true}]}}