{"id":73121,"date":"2025-03-25T18:44:39","date_gmt":"2025-03-25T16:44:39","guid":{"rendered":"https:\/\/ecoshop.ee\/maaratlemata\/plant-set-lancifolia-4-plants-calathea-lancifolia-asparagus-red-white-fittonia\/"},"modified":"2026-05-15T15:15:33","modified_gmt":"2026-05-15T12:15:33","slug":"plant-set-lancifolia-4-plants-calathea-lancifolia-asparagus-red-white-fittonia","status":"publish","type":"product","link":"https:\/\/ecoshop.ee\/en\/taimed\/taimede-komplekt-lancifolia-4-taime-calathea-lancifolia-asparagus-punane-valge-fittonia\/","title":{"rendered":"Plant set \u2013 Lancifolia \u2013 4 plants: Calathea Lancifolia, Asparagus, Red &amp; White Fittonia"},"content":{"rendered":"<p class=\"\" data-start=\"151\" data-end=\"519\">A diverse and easy-care plant set that is a great starter for any terrarium. Four tropical plants create a harmonious and colorful combination that is ideal for both open and closed glass containers. The plants have been specially selected for growing in terrariums - they require little care and are also suitable for novice plant lovers.<\/p>\n<p class=\"\" data-start=\"521\" data-end=\"552\"><strong data-start=\"521\" data-end=\"550\">Plants included in the set:<\/strong><\/p>\n<ul data-start=\"553\" data-end=\"782\">\n<li class=\"\" data-start=\"553\" data-end=\"616\">\n<p class=\"\" data-start=\"555\" data-end=\"616\"><em data-start=\"555\" data-end=\"576\">Calathea lancifolia<\/em> \u2013 eye-catching \u201cpeacock\u201d pattern sheet<\/p>\n<\/li>\n<li class=\"\" data-start=\"617\" data-end=\"677\">\n<p class=\"\" data-start=\"619\" data-end=\"677\"><em data-start=\"619\" data-end=\"630\">Asparagus<\/em> \u2013 airy and structural green background plant<\/p>\n<\/li>\n<li class=\"\" data-start=\"678\" data-end=\"723\">\n<p class=\"\" data-start=\"680\" data-end=\"723\"><em data-start=\"680\" data-end=\"702\">Fittonia White Tiger<\/em> \u2013 light mosaic plant<\/p>\n<\/li>\n<li class=\"\" data-start=\"724\" data-end=\"782\">\n<p class=\"\" data-start=\"726\" data-end=\"782\"><em data-start=\"726\" data-end=\"746\">Fittonia Ruby Lime<\/em> \u2013 a contrasting plant with red foliage<\/p>\n<\/li>\n<\/ul>\n<p class=\"\" data-start=\"784\" data-end=\"888\"><em data-start=\"784\" data-end=\"888\">NB! Plant availability may vary by season. If necessary, a variety will be replaced with an equivalent alternative.<\/em><\/p>","protected":false},"excerpt":{"rendered":"<p>Mitmekesine ja hooldusv\u00e4\u00e4rtuselt lihtne taimede komplekt, mis sobib suurep\u00e4raselt iga terraariumi alustuseks. Neli troopilist taime loovad koos harmoonilise ja v\u00e4rvika koosluse, mis&hellip;<\/p>","protected":false},"featured_media":73120,"comment_status":"open","ping_status":"closed","template":"","meta":{"wprm-recipe-roundup-name":"","wprm-recipe-roundup-description":""},"product_brand":[],"product_cat":[2001],"product_tag":[4583,4586,2084,2024,2002],"class_list":{"0":"post-73121","1":"product","2":"type-product","3":"status-publish","4":"has-post-thumbnail","6":"product_cat-taimed","7":"product_tag-baby-plants","8":"product_tag-mini-plants","9":"product_tag-plants","10":"product_tag-terrarium-plants","11":"product_tag-urbanjngl","12":"pa_brand-urbanjngl","14":"first","15":"instock","16":"taxable","17":"shipping-taxable","18":"purchasable","19":"product-type-simple"},"supplier_id":null,"supplier_sku":"","barcode":null,"atum_controlled":false,"out_stock_date":null,"out_stock_threshold":null,"inheritable":false,"inbound_stock":null,"stock_on_hold":null,"sold_today":null,"sales_last_days":null,"reserved_stock":null,"customer_returns":null,"warehouse_damage":null,"lost_in_post":null,"other_logs":null,"out_stock_days":null,"lost_sales":null,"has_location":false,"update_date":"2026-05-15T12:15:33","atum_locations":[],"atum_stock_status":"instock","restock_status":false,"low_stock_amount":"","sales_update_date":null,"calc_backorders":null,"aioseo_notices":[],"_links":{"self":[{"href":"https:\/\/ecoshop.ee\/en\/wp-json\/wp\/v2\/product\/73121","targetHints":{"allow":["GET"]}}],"collection":[{"href":"https:\/\/ecoshop.ee\/en\/wp-json\/wp\/v2\/product"}],"about":[{"href":"https:\/\/ecoshop.ee\/en\/wp-json\/wp\/v2\/types\/product"}],"replies":[{"embeddable":true,"href":"https:\/\/ecoshop.ee\/en\/wp-json\/wp\/v2\/comments?post=73121"}],"version-history":[{"count":0,"href":"https:\/\/ecoshop.ee\/en\/wp-json\/wp\/v2\/product\/73121\/revisions"}],"wp:featuredmedia":[{"embeddable":true,"href":"https:\/\/ecoshop.ee\/en\/wp-json\/wp\/v2\/media\/73120"}],"wp:attachment":[{"href":"https:\/\/ecoshop.ee\/en\/wp-json\/wp\/v2\/media?parent=73121"}],"wp:term":[{"taxonomy":"product_brand","embeddable":true,"href":"https:\/\/ecoshop.ee\/en\/wp-json\/wp\/v2\/product_brand?post=73121"},{"taxonomy":"product_cat","embeddable":true,"href":"https:\/\/ecoshop.ee\/en\/wp-json\/wp\/v2\/product_cat?post=73121"},{"taxonomy":"product_tag","embeddable":true,"href":"https:\/\/ecoshop.ee\/en\/wp-json\/wp\/v2\/product_tag?post=73121"}],"curies":[{"name":"wp","href":"https:\/\/api.w.org\/{rel}","templated":true}]}}