{"id":73127,"date":"2025-03-25T18:45:06","date_gmt":"2025-03-25T16:45:06","guid":{"rendered":"https:\/\/ecoshop.ee\/maaratlemata\/plant-terrarium-set-jungle-boost-6-plants-palm-calathea-lancifolia-coffea-arabica-fern-red-white-fittonia\/"},"modified":"2026-05-15T07:15:22","modified_gmt":"2026-05-15T04:15:22","slug":"plant-terrarium-set-jungle-boost-6-plants-palm-calathea-lancifolia-coffee-tree-goldenrod-red-white-fittonia","status":"publish","type":"product","link":"https:\/\/ecoshop.ee\/en\/taimed\/taime-terraariumi-komplekt-jungle-boost-6-taime-palm-calathea-lancifolia-kohvipuu-sonajalg-punane-valge-fittonia\/","title":{"rendered":"Plant Terrarium Set \u2013 Jungle Boost \u2013 6 Plants: Palm, Calathea Lancifolia, Coffee Tree, Fern, Red &amp; White Fittonia"},"content":{"rendered":"<p class=\"\" data-start=\"196\" data-end=\"577\">Bring a real jungle vibe to your terrarium! The Jungle Boost plant set includes six lush and exotic houseplants that are perfect for creating a tropical mini-ecosystem. The plants are visually well-balanced, easy to care for, and specially selected to thrive in terrarium conditions. The perfect way to turn any terrarium into a vibrant and colorful corner of nature.<\/p>\n<p class=\"\" data-start=\"579\" data-end=\"610\"><strong data-start=\"579\" data-end=\"608\">Plants included in the set:<\/strong><\/p>\n<ul data-start=\"611\" data-end=\"879\">\n<li class=\"\" data-start=\"611\" data-end=\"666\">\n<p class=\"\" data-start=\"613\" data-end=\"666\"><em data-start=\"613\" data-end=\"634\">Cordyline fruticosa<\/em> \u2018&#039;Purple Compacta&#039; - mini palm<\/p>\n<\/li>\n<li class=\"\" data-start=\"667\" data-end=\"722\">\n<p class=\"\" data-start=\"669\" data-end=\"722\"><em data-start=\"669\" data-end=\"690\">Calathea lancifolia<\/em> \u2013 peacock-leaved calathea<\/p>\n<\/li>\n<li class=\"\" data-start=\"723\" data-end=\"754\">\n<p class=\"\" data-start=\"725\" data-end=\"754\"><em data-start=\"725\" data-end=\"741\">Coffea Arabica<\/em> \u2013 coffee tree<\/p>\n<\/li>\n<li class=\"\" data-start=\"755\" data-end=\"785\">\n<p class=\"\" data-start=\"757\" data-end=\"785\"><em data-start=\"757\" data-end=\"767\">Athyrium<\/em> \u2013 mini fern<\/p>\n<\/li>\n<li class=\"\" data-start=\"786\" data-end=\"832\">\n<p class=\"\" data-start=\"788\" data-end=\"832\"><em data-start=\"788\" data-end=\"810\">Fittonia White Tiger<\/em> \u2013 bright mosaic plant<\/p>\n<\/li>\n<li class=\"\" data-start=\"833\" data-end=\"879\">\n<p class=\"\" data-start=\"835\" data-end=\"879\"><em data-start=\"835\" data-end=\"855\">Fittonia Ruby Lime<\/em> \u2013 reddish mosaic plant<\/p>\n<\/li>\n<\/ul>\n<p class=\"\" data-start=\"881\" data-end=\"998\"><em data-start=\"881\" data-end=\"998\">NB! Plant availability may vary seasonally. If necessary, a variety will be replaced with an equivalent and suitable alternative.<\/em><\/p>","protected":false},"excerpt":{"rendered":"<p>Too oma terraariumisse t\u00f5eline d\u017eunglih\u00f5ng! Jungle Boost taimede komplektis on kuus lopsakat ja eksootilist toataime, mis sobivad ideaalselt troopilise mini-\u00f6kos\u00fcsteemi loomiseks. Taimed&hellip;<\/p>","protected":false},"featured_media":73126,"comment_status":"open","ping_status":"closed","template":"","meta":{"wprm-recipe-roundup-name":"","wprm-recipe-roundup-description":""},"product_brand":[],"product_cat":[2001],"product_tag":[4583,4586,2084,2024,2002],"class_list":{"0":"post-73127","1":"product","2":"type-product","3":"status-publish","4":"has-post-thumbnail","6":"product_cat-taimed","7":"product_tag-baby-plants","8":"product_tag-mini-plants","9":"product_tag-plants","10":"product_tag-terrarium-plants","11":"product_tag-urbanjngl","12":"pa_brand-urbanjngl","14":"first","15":"instock","16":"taxable","17":"shipping-taxable","18":"purchasable","19":"product-type-simple"},"supplier_id":null,"supplier_sku":"","barcode":null,"atum_controlled":false,"out_stock_date":null,"out_stock_threshold":null,"inheritable":false,"inbound_stock":null,"stock_on_hold":null,"sold_today":null,"sales_last_days":null,"reserved_stock":null,"customer_returns":null,"warehouse_damage":null,"lost_in_post":null,"other_logs":null,"out_stock_days":null,"lost_sales":null,"has_location":false,"update_date":"2026-05-15T04:15:23","atum_locations":[],"atum_stock_status":"instock","restock_status":false,"low_stock_amount":"","sales_update_date":null,"calc_backorders":null,"aioseo_notices":[],"_links":{"self":[{"href":"https:\/\/ecoshop.ee\/en\/wp-json\/wp\/v2\/product\/73127","targetHints":{"allow":["GET"]}}],"collection":[{"href":"https:\/\/ecoshop.ee\/en\/wp-json\/wp\/v2\/product"}],"about":[{"href":"https:\/\/ecoshop.ee\/en\/wp-json\/wp\/v2\/types\/product"}],"replies":[{"embeddable":true,"href":"https:\/\/ecoshop.ee\/en\/wp-json\/wp\/v2\/comments?post=73127"}],"version-history":[{"count":0,"href":"https:\/\/ecoshop.ee\/en\/wp-json\/wp\/v2\/product\/73127\/revisions"}],"wp:featuredmedia":[{"embeddable":true,"href":"https:\/\/ecoshop.ee\/en\/wp-json\/wp\/v2\/media\/73126"}],"wp:attachment":[{"href":"https:\/\/ecoshop.ee\/en\/wp-json\/wp\/v2\/media?parent=73127"}],"wp:term":[{"taxonomy":"product_brand","embeddable":true,"href":"https:\/\/ecoshop.ee\/en\/wp-json\/wp\/v2\/product_brand?post=73127"},{"taxonomy":"product_cat","embeddable":true,"href":"https:\/\/ecoshop.ee\/en\/wp-json\/wp\/v2\/product_cat?post=73127"},{"taxonomy":"product_tag","embeddable":true,"href":"https:\/\/ecoshop.ee\/en\/wp-json\/wp\/v2\/product_tag?post=73127"}],"curies":[{"name":"wp","href":"https:\/\/api.w.org\/{rel}","templated":true}]}}