{"id":73134,"date":"2025-03-25T18:45:32","date_gmt":"2025-03-25T16:45:32","guid":{"rendered":"https:\/\/ecoshop.ee\/maaratlemata\/terrarium-diy-kit-little-joe-led-hedera-fittonia-white-%e2%86%91-21-5-cm\/"},"modified":"2026-01-26T17:45:31","modified_gmt":"2026-01-26T14:45:31","slug":"terrarium-diy-kit-little-joe-led-hedera-fittonia-white-%e2%86%91-21-5-cm","status":"publish","type":"product","link":"https:\/\/ecoshop.ee\/en\/taime-terraariumid\/terrarium-diy-kit-little-joe-led-hedera-fittonia-white-%e2%86%91-21-5-cm\/","title":{"rendered":"DIY terrarium \u2013 Little Joe \u2013 with lighting \u2013 \u2191 21.5 cm"},"content":{"rendered":"<p class=\"\" data-start=\"178\" data-end=\"624\">Bring a bit of nature into your home or office with this elegant and self-contained terrarium kit. This DIY kit is perfect for those without a green thumb \u2013 this closed ecosystem only needs watering a few times a year. The terrarium includes everything you need to create your own mini-jungle: Common ivy (Hedera Helix), White Tiger fittonia, LED cap, green moss, hydro pellets, activated carbon and special substrate.<\/p>\n<p class=\"\" data-start=\"626\" data-end=\"641\"><strong data-start=\"626\" data-end=\"641\">Included:<\/strong><\/p>\n<ul data-start=\"642\" data-end=\"897\">\n<li class=\"\" data-start=\"642\" data-end=\"686\">\n<p class=\"\" data-start=\"644\" data-end=\"686\">Glass terrarium (\u00d8 20 cm, \u2191 21.5 cm)<\/p>\n<\/li>\n<li class=\"\" data-start=\"687\" data-end=\"723\">\n<p class=\"\" data-start=\"689\" data-end=\"723\">LED light cap (size S)<\/p>\n<\/li>\n<li class=\"\" data-start=\"724\" data-end=\"770\">\n<p class=\"\" data-start=\"726\" data-end=\"770\">Plants: Common ivy &amp; White fittonia<\/p>\n<\/li>\n<li class=\"\" data-start=\"771\" data-end=\"790\">\n<p class=\"\" data-start=\"773\" data-end=\"790\">Green moss<\/p>\n<\/li>\n<li class=\"\" data-start=\"791\" data-end=\"808\">\n<p class=\"\" data-start=\"793\" data-end=\"808\">Hydropellets<\/p>\n<\/li>\n<li class=\"\" data-start=\"809\" data-end=\"823\">\n<p class=\"\" data-start=\"811\" data-end=\"823\">Activated carbon<\/p>\n<\/li>\n<li class=\"\" data-start=\"824\" data-end=\"849\">\n<p class=\"\" data-start=\"826\" data-end=\"849\">Terrarium substrate<\/p>\n<\/li>\n<li class=\"\" data-start=\"850\" data-end=\"875\">\n<p class=\"\" data-start=\"852\" data-end=\"875\">Step-by-step guide<\/p>\n<\/li>\n<li class=\"\" data-start=\"876\" data-end=\"897\">\n<p class=\"\" data-start=\"878\" data-end=\"897\">Maintenance recommendations<\/p>\n<\/li>\n<\/ul>\n<p class=\"\" data-start=\"899\" data-end=\"1096\">All plants and mosses are grown with love and selected based on quality control - so you can enjoy lasting greenery. The ideal gift or interior design element that will bring joy for years. The ideal gift for nature lovers of all ages.<\/p>","protected":false},"excerpt":{"rendered":"<p>Too oma koju v\u00f5i kontorisse killuke loodust selle elegantse ja isetoimiva terraariumikomplektiga. See Tee-Ise komplekt sobib suurep\u00e4raselt ka neile, kellel pole rohen\u00e4ppe&hellip;<\/p>","protected":false},"featured_media":73132,"comment_status":"open","ping_status":"closed","template":"","meta":{"wprm-recipe-roundup-name":"","wprm-recipe-roundup-description":""},"product_brand":[],"product_cat":[2063],"product_tag":[2005,2019,2003,4611,2052,2008,2009,2002],"class_list":{"0":"post-73134","1":"product","2":"type-product","3":"status-publish","4":"has-post-thumbnail","6":"product_cat-taime-terraariumid","7":"product_tag-diy","8":"product_tag-diy-terrarium","9":"product_tag-diy-terrarium-kit","10":"product_tag-led-light","11":"product_tag-plant-terrarium","12":"product_tag-terrarium","13":"product_tag-terrarium-kit","14":"product_tag-urbanjngl","16":"first","17":"outofstock","18":"taxable","19":"shipping-taxable","20":"purchasable","21":"product-type-simple"},"supplier_id":null,"supplier_sku":"","barcode":null,"atum_controlled":false,"out_stock_date":null,"out_stock_threshold":null,"inheritable":false,"inbound_stock":null,"stock_on_hold":0,"sold_today":0,"sales_last_days":0,"reserved_stock":null,"customer_returns":null,"warehouse_damage":null,"lost_in_post":null,"other_logs":null,"out_stock_days":0,"lost_sales":0,"has_location":false,"update_date":"2026-03-07T01:16:14","atum_locations":[],"atum_stock_status":"outofstock","restock_status":false,"low_stock_amount":"","sales_update_date":"2026-03-07T01:16:14","calc_backorders":null,"aioseo_notices":[],"_links":{"self":[{"href":"https:\/\/ecoshop.ee\/en\/wp-json\/wp\/v2\/product\/73134","targetHints":{"allow":["GET"]}}],"collection":[{"href":"https:\/\/ecoshop.ee\/en\/wp-json\/wp\/v2\/product"}],"about":[{"href":"https:\/\/ecoshop.ee\/en\/wp-json\/wp\/v2\/types\/product"}],"replies":[{"embeddable":true,"href":"https:\/\/ecoshop.ee\/en\/wp-json\/wp\/v2\/comments?post=73134"}],"version-history":[{"count":0,"href":"https:\/\/ecoshop.ee\/en\/wp-json\/wp\/v2\/product\/73134\/revisions"}],"wp:featuredmedia":[{"embeddable":true,"href":"https:\/\/ecoshop.ee\/en\/wp-json\/wp\/v2\/media\/73132"}],"wp:attachment":[{"href":"https:\/\/ecoshop.ee\/en\/wp-json\/wp\/v2\/media?parent=73134"}],"wp:term":[{"taxonomy":"product_brand","embeddable":true,"href":"https:\/\/ecoshop.ee\/en\/wp-json\/wp\/v2\/product_brand?post=73134"},{"taxonomy":"product_cat","embeddable":true,"href":"https:\/\/ecoshop.ee\/en\/wp-json\/wp\/v2\/product_cat?post=73134"},{"taxonomy":"product_tag","embeddable":true,"href":"https:\/\/ecoshop.ee\/en\/wp-json\/wp\/v2\/product_tag?post=73134"}],"curies":[{"name":"wp","href":"https:\/\/api.w.org\/{rel}","templated":true}]}}