{"id":7370,"date":"2024-08-20T23:11:39","date_gmt":"2024-08-20T20:11:39","guid":{"rendered":"https:\/\/ecoshop.ee\/?post_type=product&#038;p=7370"},"modified":"2024-11-07T23:19:05","modified_gmt":"2024-11-07T20:19:05","slug":"stainless-steel-butterfly-razor-10-blades","status":"publish","type":"product","link":"https:\/\/ecoshop.ee\/en\/raseerijad\/roostevabast-terasest-liblikraseerija-10-tera\/","title":{"rendered":"Stainless steel butterfly razor + 10 blades"},"content":{"rendered":"<p>Stainless steel butterfly razor with a high-quality finish and a butterfly mechanism that allows for quick and convenient blade changes. The long handle of the razor provides a firm grip and excellent control, providing a precise and comfortable shave every time. The set includes 10 blades that ensure a smooth and precise shave for a long time. The ideal choice for those who value traditional and high-quality care. This reusable razor offers economical, convenient and high-quality body care.<\/p>\n<p>Length: 12 cm<\/p>","protected":false},"excerpt":{"rendered":"<p>Roostevabast terasest liblikraseerija, millel on k\u00f5rgekvaliteediline viimistlus ja liblikmehhanism, mis v\u00f5imaldab terade vahetamist kiiresti ja mugavalt. Raseerija pikk k\u00e4epide tagab kindla haarde&hellip;<\/p>","protected":false},"featured_media":7371,"comment_status":"open","ping_status":"closed","template":"","meta":{"wprm-recipe-roundup-name":"","wprm-recipe-roundup-description":""},"product_brand":[],"product_cat":[280],"product_tag":[190],"class_list":{"0":"post-7370","1":"product","2":"type-product","3":"status-publish","4":"has-post-thumbnail","6":"product_cat-raseerijad","7":"product_tag-raseerija","9":"first","10":"instock","11":"sale","12":"taxable","13":"shipping-taxable","14":"purchasable","15":"product-type-simple"},"supplier_id":9163,"supplier_sku":"","barcode":null,"atum_controlled":true,"out_stock_date":null,"out_stock_threshold":null,"inheritable":false,"inbound_stock":0,"stock_on_hold":0,"sold_today":0,"sales_last_days":0,"reserved_stock":0,"customer_returns":0,"warehouse_damage":0,"lost_in_post":0,"other_logs":0,"out_stock_days":0,"lost_sales":0,"has_location":false,"update_date":"2026-03-07T01:16:03","atum_locations":[],"atum_stock_status":"instock","restock_status":false,"low_stock_amount":"","sales_update_date":"2026-03-07T01:16:03","calc_backorders":null,"aioseo_notices":[],"_links":{"self":[{"href":"https:\/\/ecoshop.ee\/en\/wp-json\/wp\/v2\/product\/7370","targetHints":{"allow":["GET"]}}],"collection":[{"href":"https:\/\/ecoshop.ee\/en\/wp-json\/wp\/v2\/product"}],"about":[{"href":"https:\/\/ecoshop.ee\/en\/wp-json\/wp\/v2\/types\/product"}],"replies":[{"embeddable":true,"href":"https:\/\/ecoshop.ee\/en\/wp-json\/wp\/v2\/comments?post=7370"}],"version-history":[{"count":0,"href":"https:\/\/ecoshop.ee\/en\/wp-json\/wp\/v2\/product\/7370\/revisions"}],"wp:featuredmedia":[{"embeddable":true,"href":"https:\/\/ecoshop.ee\/en\/wp-json\/wp\/v2\/media\/7371"}],"wp:attachment":[{"href":"https:\/\/ecoshop.ee\/en\/wp-json\/wp\/v2\/media?parent=7370"}],"wp:term":[{"taxonomy":"product_brand","embeddable":true,"href":"https:\/\/ecoshop.ee\/en\/wp-json\/wp\/v2\/product_brand?post=7370"},{"taxonomy":"product_cat","embeddable":true,"href":"https:\/\/ecoshop.ee\/en\/wp-json\/wp\/v2\/product_cat?post=7370"},{"taxonomy":"product_tag","embeddable":true,"href":"https:\/\/ecoshop.ee\/en\/wp-json\/wp\/v2\/product_tag?post=7370"}],"curies":[{"name":"wp","href":"https:\/\/api.w.org\/{rel}","templated":true}]}}