{"id":8033,"date":"2024-09-18T19:21:14","date_gmt":"2024-09-18T16:21:14","guid":{"rendered":"https:\/\/ecoshop.ee\/?post_type=product&#038;p=8033"},"modified":"2026-05-03T18:06:31","modified_gmt":"2026-05-03T15:06:31","slug":"vegan-b12-supplement-100mcg-sublingual-n60","status":"publish","type":"product","link":"https:\/\/ecoshop.ee\/en\/vegan-toidulisandid\/vegan-b12-toidulisand-100mcg-keelealune-n60\/","title":{"rendered":"Vegan B12 supplement 100mcg, sublingual, N60"},"content":{"rendered":"<p>Sublingual and fast-acting, our vegan-friendly Vitamin B12 is scientifically formulated to support energy and metabolism and reduce fatigue. This medium-strength tablet is designed to dissolve under the tongue to deliver B12 directly into the bloodstream.<\/p>\n<p><strong>Benefits:<\/strong><\/p>\n<ul>\n<li><strong>Metabolic Support:<\/strong> Contributes to normal energy metabolism.<\/li>\n<li><strong>Nervous System Regulation:<\/strong> Supports the normal functioning of the nervous system.<\/li>\n<li><strong>Brain Work:<\/strong> Supports psychological function and concentration.<\/li>\n<\/ul>\n<p><strong>B12 created through fermentation:<\/strong> Our Vitamin B12 is produced through fermentation, ensuring the same effect without animal origin, suitable for vegans.<\/p>\n<p><strong>Who is this for?<\/strong> Suitable for people of all ages, including pregnant women, children and infants. Ideal for vegans, vegetarians and those with fish and seafood allergies.<\/p>\n<p><strong>Usage:<\/strong> Each tablet provides 100\u00b5g of fast-acting Vitamin B12. Place the tablet under your tongue and allow it to dissolve for optimal absorption directly into your bloodstream. Vitamin B12 is water-soluble, so your body absorbs what it needs and the rest is excreted naturally.<\/p>","protected":false},"excerpt":{"rendered":"<p>Keelealune ja kiiretoimeline, meie vegan-s\u00f5bralik Vitamiin B12 on teaduslikult formuleeritud energia ja ainevahetuse toetamiseks ning v\u00e4simuse v\u00e4hendamiseks. See keskmise tugevusega tablett on&hellip;<\/p>","protected":false},"featured_media":8008,"comment_status":"open","ping_status":"closed","template":"","meta":{"wprm-recipe-roundup-name":"","wprm-recipe-roundup-description":""},"product_brand":[12063],"product_cat":[240,318],"product_tag":[338,320],"class_list":{"0":"post-8033","1":"product","2":"type-product","3":"status-publish","4":"has-post-thumbnail","6":"product_brand-vegetology","7":"product_cat-allahinnatud","8":"product_cat-vegan-toidulisandid","9":"product_tag-b12","10":"product_tag-toidulisand","11":"j79_wcxd_expiry_type-best-before","13":"first","14":"instock","15":"sale","16":"taxable","17":"shipping-taxable","18":"purchasable","19":"product-type-simple"},"supplier_id":9147,"supplier_sku":"","barcode":"5060351380317","atum_controlled":true,"out_stock_date":null,"out_stock_threshold":null,"inheritable":false,"inbound_stock":0,"stock_on_hold":0,"sold_today":0,"sales_last_days":1,"reserved_stock":0,"customer_returns":0,"warehouse_damage":0,"lost_in_post":0,"other_logs":0,"out_stock_days":0,"lost_sales":0,"has_location":false,"update_date":"2026-05-05T13:43:21","atum_locations":[],"atum_stock_status":"instock","restock_status":false,"low_stock_amount":"","sales_update_date":"2026-05-05T13:43:21","calc_backorders":null,"aioseo_notices":[],"_links":{"self":[{"href":"https:\/\/ecoshop.ee\/en\/wp-json\/wp\/v2\/product\/8033","targetHints":{"allow":["GET"]}}],"collection":[{"href":"https:\/\/ecoshop.ee\/en\/wp-json\/wp\/v2\/product"}],"about":[{"href":"https:\/\/ecoshop.ee\/en\/wp-json\/wp\/v2\/types\/product"}],"replies":[{"embeddable":true,"href":"https:\/\/ecoshop.ee\/en\/wp-json\/wp\/v2\/comments?post=8033"}],"version-history":[{"count":1,"href":"https:\/\/ecoshop.ee\/en\/wp-json\/wp\/v2\/product\/8033\/revisions"}],"predecessor-version":[{"id":396014,"href":"https:\/\/ecoshop.ee\/en\/wp-json\/wp\/v2\/product\/8033\/revisions\/396014"}],"wp:featuredmedia":[{"embeddable":true,"href":"https:\/\/ecoshop.ee\/en\/wp-json\/wp\/v2\/media\/8008"}],"wp:attachment":[{"href":"https:\/\/ecoshop.ee\/en\/wp-json\/wp\/v2\/media?parent=8033"}],"wp:term":[{"taxonomy":"product_brand","embeddable":true,"href":"https:\/\/ecoshop.ee\/en\/wp-json\/wp\/v2\/product_brand?post=8033"},{"taxonomy":"product_cat","embeddable":true,"href":"https:\/\/ecoshop.ee\/en\/wp-json\/wp\/v2\/product_cat?post=8033"},{"taxonomy":"product_tag","embeddable":true,"href":"https:\/\/ecoshop.ee\/en\/wp-json\/wp\/v2\/product_tag?post=8033"}],"curies":[{"name":"wp","href":"https:\/\/api.w.org\/{rel}","templated":true}]}}