{"id":8053,"date":"2024-09-18T21:40:28","date_gmt":"2024-09-18T18:40:28","guid":{"rendered":"https:\/\/ecoshop.ee\/?post_type=product&#038;p=8053"},"modified":"2026-04-21T00:44:12","modified_gmt":"2026-04-20T21:44:12","slug":"vitamin-d3-supplement-1000iu-n60","status":"publish","type":"product","link":"https:\/\/ecoshop.ee\/en\/vegan-toidulisandid\/vitamiin-d3-toidulisand-1000iu-n60\/","title":{"rendered":"Vitamin D3 supplement 1000iu, N60"},"content":{"rendered":"<p><strong>Vitamin D3. Produced from lichen. High strength 62.5\u00b5g (1000iu)<\/strong><\/p>\n<p>Chewable tablet with vegan vitamin D3. Enjoy the benefits of sunlight without direct sun exposure. Our exclusive vegan vitamin D3 is formulated from lichen, an organic plant source that ensures optimal absorption to support healthy bones, muscles and immune system function.<\/p>\n<p><strong>Main Benefits:<\/strong><\/p>\n<ul>\n<li><strong>Musculoskeletal care:<\/strong> Supports normal bone, tooth and muscle function.<\/li>\n<li><strong>Immune Support:<\/strong> Contributes to the normal functioning of the immune system.<\/li>\n<li><strong>Calcium Regulation:<\/strong> Maintains normal blood calcium levels.<\/li>\n<\/ul>\n<p><strong>Vitamin D3 from lichen:<\/strong><br \/>\nMost vitamin D supplements are animal-based, often derived from animal skin or sheep wool. We decided to create a vegan alternative. Our vitamin D3 comes from lichens \u2013 a unique organic plant that is nutrient-rich and produced without the use of harmful pesticides, solvents or animal cruelty.<\/p>\n<p><strong>Did you know?<\/strong><br \/>\nMany of us feel happier and healthier when we are in the sun. This is because of the vitamin D that our skin produces when exposed to UV rays.<\/p>","protected":false},"excerpt":{"rendered":"<p>Vitamiin D3. Toodetud samblikest. K\u00f5rge tugevus 62,5\u00b5g (1000iu) N\u00e4rimistablett vegan D3-vitamiiniga. Nautige p\u00e4ikesevalguse eeliseid ilma otsese p\u00e4ikese k\u00e4es viibimiseta. Meie eksklusiivne vegan&hellip;<\/p>","protected":false},"featured_media":8018,"comment_status":"open","ping_status":"closed","template":"","meta":{"wprm-recipe-roundup-name":"","wprm-recipe-roundup-description":""},"product_brand":[12063],"product_cat":[318],"product_tag":[320,342],"class_list":{"0":"post-8053","1":"product","2":"type-product","3":"status-publish","4":"has-post-thumbnail","6":"product_brand-vegetology","7":"product_cat-vegan-toidulisandid","8":"product_tag-toidulisand","9":"product_tag-vitamiin-d3","10":"j79_wcxd_expiry_type-best-before","12":"first","13":"instock","14":"taxable","15":"shipping-taxable","16":"purchasable","17":"product-type-simple"},"supplier_id":9147,"supplier_sku":"","barcode":"5060351380140","atum_controlled":true,"out_stock_date":null,"out_stock_threshold":null,"inheritable":false,"inbound_stock":0,"stock_on_hold":0,"sold_today":0,"sales_last_days":0,"reserved_stock":0,"customer_returns":0,"warehouse_damage":0,"lost_in_post":0,"other_logs":0,"out_stock_days":0,"lost_sales":0,"has_location":false,"update_date":"2026-04-20T21:44:13","atum_locations":[],"atum_stock_status":"instock","restock_status":false,"low_stock_amount":"","sales_update_date":"2026-04-10T14:29:59","calc_backorders":null,"aioseo_notices":[],"_links":{"self":[{"href":"https:\/\/ecoshop.ee\/en\/wp-json\/wp\/v2\/product\/8053","targetHints":{"allow":["GET"]}}],"collection":[{"href":"https:\/\/ecoshop.ee\/en\/wp-json\/wp\/v2\/product"}],"about":[{"href":"https:\/\/ecoshop.ee\/en\/wp-json\/wp\/v2\/types\/product"}],"replies":[{"embeddable":true,"href":"https:\/\/ecoshop.ee\/en\/wp-json\/wp\/v2\/comments?post=8053"}],"version-history":[{"count":0,"href":"https:\/\/ecoshop.ee\/en\/wp-json\/wp\/v2\/product\/8053\/revisions"}],"wp:featuredmedia":[{"embeddable":true,"href":"https:\/\/ecoshop.ee\/en\/wp-json\/wp\/v2\/media\/8018"}],"wp:attachment":[{"href":"https:\/\/ecoshop.ee\/en\/wp-json\/wp\/v2\/media?parent=8053"}],"wp:term":[{"taxonomy":"product_brand","embeddable":true,"href":"https:\/\/ecoshop.ee\/en\/wp-json\/wp\/v2\/product_brand?post=8053"},{"taxonomy":"product_cat","embeddable":true,"href":"https:\/\/ecoshop.ee\/en\/wp-json\/wp\/v2\/product_cat?post=8053"},{"taxonomy":"product_tag","embeddable":true,"href":"https:\/\/ecoshop.ee\/en\/wp-json\/wp\/v2\/product_tag?post=8053"}],"curies":[{"name":"wp","href":"https:\/\/api.w.org\/{rel}","templated":true}]}}