{"id":8446,"date":"2024-10-23T18:56:21","date_gmt":"2024-10-23T15:56:21","guid":{"rendered":"https:\/\/ecoshop.ee\/?post_type=product&#038;p=8446"},"modified":"2025-12-25T20:16:13","modified_gmt":"2025-12-25T17:16:13","slug":"clearspring-organic-sushi-rice-500g","status":"publish","type":"product","link":"https:\/\/ecoshop.ee\/en\/sushi-koostisosad\/clearspring-mahe-sushi-riis-500g\/","title":{"rendered":"Clearspring organic sushi rice, 500g"},"content":{"rendered":"<p>Clearspring Organic Sushi Rice is ideal for making delicious, perfectly cooked rice for use in Japan&#039;s most famous dish, sushi. Short grain Selenio rice is very similar to the Japonica rice used in Japanese sushi. Organically grown in the Piedmont region of Italy, where the famous risotto rice is also grown.<\/p>\n<p>After ripening, the rice is polished to perfection at a local mill in the town of Trino. To obtain white rice, the layers below the husk are removed, leaving mainly the starchy endosperm.<\/p>\n<p><strong>Preparation:<\/strong><\/p>\n<p>Rinse 1 cup (250g) sushi rice in cold water and drain. Place the rice in a saucepan with 1\u00bc cups (310ml) of cold water. Soak for 30 minutes. Bring to the boil, cover and reduce heat to low. Simmer for 10\u201312 minutes or until all the water has been absorbed. Remove from heat and let stand, covered, for 10 minutes.<\/p>","protected":false},"excerpt":{"rendered":"<p>Clearspringi mahe sushi riis on ideaalne maitsva ja t\u00e4iuslikult k\u00fcpsetatud riisi valmistamiseks, mida saab kasutada Jaapani kuulsaimas roas, sushis. L\u00fchiteraline Selenio riis&hellip;<\/p>","protected":false},"featured_media":8448,"comment_status":"open","ping_status":"closed","template":"","meta":{"wprm-recipe-roundup-name":"","wprm-recipe-roundup-description":""},"product_brand":[12018],"product_cat":[348,303],"product_tag":[297,354,350],"class_list":{"0":"post-8446","1":"product","2":"type-product","3":"status-publish","4":"has-post-thumbnail","6":"product_brand-clearspring","7":"product_cat-sushi-koostisosad","8":"product_cat-mahetooted","9":"product_tag-mahe","10":"product_tag-riis","11":"product_tag-sushi","12":"j79_wcxd_expiry_type-best-before","14":"first","15":"instock","16":"taxable","17":"shipping-taxable","18":"purchasable","19":"product-type-simple"},"supplier_id":9160,"supplier_sku":"","barcode":"5021554986362","atum_controlled":true,"out_stock_date":null,"out_stock_threshold":null,"inheritable":false,"inbound_stock":0,"stock_on_hold":0,"sold_today":0,"sales_last_days":0,"reserved_stock":0,"customer_returns":0,"warehouse_damage":0,"lost_in_post":0,"other_logs":0,"out_stock_days":0,"lost_sales":0,"has_location":false,"update_date":"2026-03-07T01:16:11","atum_locations":[],"atum_stock_status":"instock","restock_status":false,"low_stock_amount":"","sales_update_date":"2026-03-07T01:16:11","calc_backorders":null,"aioseo_notices":[],"_links":{"self":[{"href":"https:\/\/ecoshop.ee\/en\/wp-json\/wp\/v2\/product\/8446","targetHints":{"allow":["GET"]}}],"collection":[{"href":"https:\/\/ecoshop.ee\/en\/wp-json\/wp\/v2\/product"}],"about":[{"href":"https:\/\/ecoshop.ee\/en\/wp-json\/wp\/v2\/types\/product"}],"replies":[{"embeddable":true,"href":"https:\/\/ecoshop.ee\/en\/wp-json\/wp\/v2\/comments?post=8446"}],"version-history":[{"count":0,"href":"https:\/\/ecoshop.ee\/en\/wp-json\/wp\/v2\/product\/8446\/revisions"}],"wp:featuredmedia":[{"embeddable":true,"href":"https:\/\/ecoshop.ee\/en\/wp-json\/wp\/v2\/media\/8448"}],"wp:attachment":[{"href":"https:\/\/ecoshop.ee\/en\/wp-json\/wp\/v2\/media?parent=8446"}],"wp:term":[{"taxonomy":"product_brand","embeddable":true,"href":"https:\/\/ecoshop.ee\/en\/wp-json\/wp\/v2\/product_brand?post=8446"},{"taxonomy":"product_cat","embeddable":true,"href":"https:\/\/ecoshop.ee\/en\/wp-json\/wp\/v2\/product_cat?post=8446"},{"taxonomy":"product_tag","embeddable":true,"href":"https:\/\/ecoshop.ee\/en\/wp-json\/wp\/v2\/product_tag?post=8446"}],"curies":[{"name":"wp","href":"https:\/\/api.w.org\/{rel}","templated":true}]}}