{"id":9078,"date":"2024-11-05T18:51:09","date_gmt":"2024-11-05T15:51:09","guid":{"rendered":"https:\/\/ecoshop.ee\/?post_type=product&#038;p=9078"},"modified":"2026-04-14T00:43:06","modified_gmt":"2026-04-13T21:43:06","slug":"eyebrow-trimmer-and-dermaplaner-5-blades","status":"publish","type":"product","link":"https:\/\/ecoshop.ee\/en\/raseerijad\/kulmude-piiraja-ja-dermaplaneerija-5-tera\/","title":{"rendered":"Eyebrow trimmer and dermaplaner + 5 blades"},"content":{"rendered":"<p>Our reusable metal eyebrow trimmer is perfect for easy removal or shaping of facial hair. It is also suitable for dermaplaning (skin exfoliation), making it an effective and multi-purpose tool. The eyebrow trimmer comes with five stainless steel blades, designed without plastic attachments - making the 100% plastic-free, infinitely recyclable and environmentally friendly.<\/p>\n<p>Additional blades can be purchased <a href=\"https:\/\/ecoshop.ee\/en\/shaving-accessories\/eyebrow-trimmer-and-dermaplaning-blades-20pcs\/\" target=\"_blank\" rel=\"noopener\"><strong>here.<\/strong><\/a><\/p>\n<p><strong>The set includes:<\/strong><\/p>\n<ul>\n<li>1 x Metal Eyebrow Trimmer<\/li>\n<li>1 x 5-blade pack (plastic-free)<\/li>\n<li>1 x silicone blade guard<\/li>\n<\/ul>\n<p><strong>Product specifications:<\/strong><\/p>\n<ul>\n<li>Weight: 80g<\/li>\n<li>Dimensions: 16cm x 6.7cm x 1.9cm<\/li>\n<\/ul>\n<p><strong>Materials<\/strong>:<\/p>\n<ul>\n<li>Brass alloy, chrome finish<\/li>\n<\/ul>","protected":false},"excerpt":{"rendered":"<p>Meie korduvkasutatav metallist kulmude piiraja sobib t\u00e4iuslikult n\u00e4okarvade lihtsaks eemaldamiseks v\u00f5i kujundamiseks. Lisaks sobib see ka dermaplaneerimiseks (naha koorimiseks), olles t\u00f5hus ja&hellip;<\/p>","protected":false},"featured_media":9081,"comment_status":"open","ping_status":"closed","template":"","meta":{"wprm-recipe-roundup-name":"","wprm-recipe-roundup-description":""},"product_brand":[12064],"product_cat":[280],"product_tag":[431,432],"class_list":{"0":"post-9078","1":"product","2":"type-product","3":"status-publish","4":"has-post-thumbnail","6":"product_brand-jungle-culture","7":"product_cat-raseerijad","8":"product_tag-kulmud","9":"product_tag-kulmude-piiraja","11":"first","12":"instock","13":"taxable","14":"shipping-taxable","15":"purchasable","16":"product-type-variable"},"supplier_id":null,"supplier_sku":"","barcode":null,"atum_controlled":true,"out_stock_date":null,"out_stock_threshold":null,"inheritable":true,"inbound_stock":0,"stock_on_hold":0,"sold_today":0,"sales_last_days":0,"reserved_stock":0,"customer_returns":0,"warehouse_damage":0,"lost_in_post":0,"other_logs":0,"out_stock_days":0,"lost_sales":0,"has_location":false,"update_date":"2026-04-13T21:43:07","atum_locations":[],"atum_stock_status":"instock","restock_status":false,"low_stock_amount":"","sales_update_date":"2026-03-07T01:16:14","calc_backorders":null,"aioseo_notices":[],"_links":{"self":[{"href":"https:\/\/ecoshop.ee\/en\/wp-json\/wp\/v2\/product\/9078","targetHints":{"allow":["GET"]}}],"collection":[{"href":"https:\/\/ecoshop.ee\/en\/wp-json\/wp\/v2\/product"}],"about":[{"href":"https:\/\/ecoshop.ee\/en\/wp-json\/wp\/v2\/types\/product"}],"replies":[{"embeddable":true,"href":"https:\/\/ecoshop.ee\/en\/wp-json\/wp\/v2\/comments?post=9078"}],"version-history":[{"count":0,"href":"https:\/\/ecoshop.ee\/en\/wp-json\/wp\/v2\/product\/9078\/revisions"}],"wp:featuredmedia":[{"embeddable":true,"href":"https:\/\/ecoshop.ee\/en\/wp-json\/wp\/v2\/media\/9081"}],"wp:attachment":[{"href":"https:\/\/ecoshop.ee\/en\/wp-json\/wp\/v2\/media?parent=9078"}],"wp:term":[{"taxonomy":"product_brand","embeddable":true,"href":"https:\/\/ecoshop.ee\/en\/wp-json\/wp\/v2\/product_brand?post=9078"},{"taxonomy":"product_cat","embeddable":true,"href":"https:\/\/ecoshop.ee\/en\/wp-json\/wp\/v2\/product_cat?post=9078"},{"taxonomy":"product_tag","embeddable":true,"href":"https:\/\/ecoshop.ee\/en\/wp-json\/wp\/v2\/product_tag?post=9078"}],"curies":[{"name":"wp","href":"https:\/\/api.w.org\/{rel}","templated":true}]}}