{"id":9096,"date":"2024-11-05T21:33:40","date_gmt":"2024-11-05T18:33:40","guid":{"rendered":"https:\/\/ecoshop.ee\/?post_type=product&#038;p=9096"},"modified":"2026-04-14T00:43:01","modified_gmt":"2026-04-13T21:43:01","slug":"ergonomic-metal-razor-10-blades","status":"publish","type":"product","link":"https:\/\/ecoshop.ee\/en\/raseerijad\/ergonoomiline-metallist-raseerija-10-tera\/","title":{"rendered":"Ergonomic metal razor + 10 blades"},"content":{"rendered":"<p>Our reusable rose gold metal razor is designed for both men and women, offering a precision-crafted and comfortable zero-waste shaving experience. A sustainable and plastic-free solution for anyone who values a quality and eco-friendly shave. Each razor has a textured handle and ergonomic design that provides a secure grip and makes shaving even in hard-to-reach areas easier. We recommend purchasing this stand for convenient storage: <a href=\"https:\/\/ecoshop.ee\/en\/razors\/metallist-raseerija-alus-jamedam\/\" target=\"_blank\" rel=\"noopener\">click here!<\/a><\/p>\n<p>&nbsp;<\/p>\n<p><strong>The set includes:<\/strong><\/p>\n<ul>\n<li>1 x Metal Razor (Rose Gold)<\/li>\n<li>10 x blade set<\/li>\n<li>1 x kraft paper storage box<\/li>\n<\/ul>\n<p><strong>Product specifications:<\/strong><\/p>\n<ul>\n<li>Weight: 210g<\/li>\n<li>Dimensions: 15cm x 7.1cm x 4.6cm<\/li>\n<\/ul>\n<p><strong>Materials<\/strong>:<\/p>\n<ul>\n<li>Brass alloy, chrome plated<\/li>\n<\/ul>","protected":false},"excerpt":{"rendered":"<p>Meie korduvkasutatav roosakuldne metallist raseerija on m\u00f5eldud nii meestele kui naistele, pakkudes t\u00e4pselt viimistletud ja mugavat nullj\u00e4\u00e4tmete raseerimiskogemust. Kestlik ja plastivaba lahendus&hellip;<\/p>","protected":false},"featured_media":9097,"comment_status":"open","ping_status":"closed","template":"","meta":{"wprm-recipe-roundup-name":"","wprm-recipe-roundup-description":""},"product_brand":[12064],"product_cat":[280],"product_tag":[190],"class_list":{"0":"post-9096","1":"product","2":"type-product","3":"status-publish","4":"has-post-thumbnail","6":"product_brand-jungle-culture","7":"product_cat-raseerijad","8":"product_tag-raseerija","10":"first","11":"outofstock","12":"taxable","13":"shipping-taxable","14":"purchasable","15":"product-type-simple"},"supplier_id":9133,"supplier_sku":"","barcode":null,"atum_controlled":true,"out_stock_date":"2025-12-14 19:56:02","out_stock_threshold":null,"inheritable":false,"inbound_stock":0,"stock_on_hold":0,"sold_today":0,"sales_last_days":0,"reserved_stock":0,"customer_returns":0,"warehouse_damage":0,"lost_in_post":0,"other_logs":0,"out_stock_days":120,"lost_sales":350,"has_location":false,"update_date":"2026-04-13T21:43:02","atum_locations":[],"atum_stock_status":"outofstock","restock_status":false,"low_stock_amount":"","sales_update_date":"2026-03-07T01:16:14","calc_backorders":null,"aioseo_notices":[],"_links":{"self":[{"href":"https:\/\/ecoshop.ee\/en\/wp-json\/wp\/v2\/product\/9096","targetHints":{"allow":["GET"]}}],"collection":[{"href":"https:\/\/ecoshop.ee\/en\/wp-json\/wp\/v2\/product"}],"about":[{"href":"https:\/\/ecoshop.ee\/en\/wp-json\/wp\/v2\/types\/product"}],"replies":[{"embeddable":true,"href":"https:\/\/ecoshop.ee\/en\/wp-json\/wp\/v2\/comments?post=9096"}],"version-history":[{"count":0,"href":"https:\/\/ecoshop.ee\/en\/wp-json\/wp\/v2\/product\/9096\/revisions"}],"wp:featuredmedia":[{"embeddable":true,"href":"https:\/\/ecoshop.ee\/en\/wp-json\/wp\/v2\/media\/9097"}],"wp:attachment":[{"href":"https:\/\/ecoshop.ee\/en\/wp-json\/wp\/v2\/media?parent=9096"}],"wp:term":[{"taxonomy":"product_brand","embeddable":true,"href":"https:\/\/ecoshop.ee\/en\/wp-json\/wp\/v2\/product_brand?post=9096"},{"taxonomy":"product_cat","embeddable":true,"href":"https:\/\/ecoshop.ee\/en\/wp-json\/wp\/v2\/product_cat?post=9096"},{"taxonomy":"product_tag","embeddable":true,"href":"https:\/\/ecoshop.ee\/en\/wp-json\/wp\/v2\/product_tag?post=9096"}],"curies":[{"name":"wp","href":"https:\/\/api.w.org\/{rel}","templated":true}]}}