{"id":9105,"date":"2024-11-05T22:06:01","date_gmt":"2024-11-05T19:06:01","guid":{"rendered":"https:\/\/ecoshop.ee\/?post_type=product&#038;p=9105"},"modified":"2026-05-10T15:30:17","modified_gmt":"2026-05-10T12:30:17","slug":"pot-and-pan-scrubbing-brush-set","status":"publish","type":"product","link":"https:\/\/ecoshop.ee\/en\/noud-ja-koogitarbed\/potide-ja-pannide-kuurimisharjade-komplekt\/","title":{"rendered":"Pot and pan scrubbing brush set"},"content":{"rendered":"<p>Our two-piece pot and pan scrubber set is perfect for a variety of dishwashing tasks. The soft sisal fiber brush is ideal for cleaning ceramics, glassware and cutlery, while the sturdy coconut fiber brush can handle tough stains, baking trays and pans. The ergonomic design ensures a comfortable and secure grip. The versatile brushes can also be used for cleaning vegetables, scrubbing surfaces and treating metal surfaces.<\/p>\n<p><strong>The set includes:<\/strong><\/p>\n<ul>\n<li>1 x soft sisal scrubbing brush<\/li>\n<li>1 x strong coconut fiber scrubbing brush<\/li>\n<\/ul>\n<p><strong>Product specifications:<\/strong><\/p>\n<ul>\n<li>Weight: 125g<\/li>\n<li>Dimensions: 10cm x 8cm x 5.5cm<\/li>\n<\/ul>\n<p><strong>Materials<\/strong>:<\/p>\n<ul>\n<li>Bamboo, sisal fiber, coconut fiber<\/li>\n<\/ul>","protected":false},"excerpt":{"rendered":"<p>Meie kaheosaline potide ja pannide k\u00fc\u00fcrimisharjade komplekt sobib suurep\u00e4raselt erinevate n\u00f5udepesut\u00f6\u00f6de jaoks. Pehme sisalkiust hari on ideaalne keraamika, klaasn\u00f5ude ja s\u00f6\u00f6giriistade puhastamiseks,&hellip;<\/p>","protected":false},"featured_media":9107,"comment_status":"open","ping_status":"closed","template":"","meta":{"wprm-recipe-roundup-name":"","wprm-recipe-roundup-description":""},"product_brand":[12064],"product_cat":[247],"product_tag":[187],"class_list":{"0":"post-9105","1":"product","2":"type-product","3":"status-publish","4":"has-post-thumbnail","6":"product_brand-jungle-culture","7":"product_cat-noud-ja-koogitarbed","8":"product_tag-noudepesuharjad","10":"first","11":"instock","12":"taxable","13":"shipping-taxable","14":"purchasable","15":"product-type-simple"},"supplier_id":9133,"supplier_sku":"","barcode":null,"atum_controlled":true,"out_stock_date":null,"out_stock_threshold":null,"inheritable":false,"inbound_stock":0,"stock_on_hold":0,"sold_today":0,"sales_last_days":0,"reserved_stock":0,"customer_returns":0,"warehouse_damage":0,"lost_in_post":0,"other_logs":0,"out_stock_days":0,"lost_sales":0,"has_location":false,"update_date":"2026-05-10T12:31:17","atum_locations":[],"atum_stock_status":"instock","restock_status":false,"low_stock_amount":"","sales_update_date":"2026-05-10T12:31:17","calc_backorders":null,"aioseo_notices":[],"_links":{"self":[{"href":"https:\/\/ecoshop.ee\/en\/wp-json\/wp\/v2\/product\/9105","targetHints":{"allow":["GET"]}}],"collection":[{"href":"https:\/\/ecoshop.ee\/en\/wp-json\/wp\/v2\/product"}],"about":[{"href":"https:\/\/ecoshop.ee\/en\/wp-json\/wp\/v2\/types\/product"}],"replies":[{"embeddable":true,"href":"https:\/\/ecoshop.ee\/en\/wp-json\/wp\/v2\/comments?post=9105"}],"version-history":[{"count":0,"href":"https:\/\/ecoshop.ee\/en\/wp-json\/wp\/v2\/product\/9105\/revisions"}],"wp:featuredmedia":[{"embeddable":true,"href":"https:\/\/ecoshop.ee\/en\/wp-json\/wp\/v2\/media\/9107"}],"wp:attachment":[{"href":"https:\/\/ecoshop.ee\/en\/wp-json\/wp\/v2\/media?parent=9105"}],"wp:term":[{"taxonomy":"product_brand","embeddable":true,"href":"https:\/\/ecoshop.ee\/en\/wp-json\/wp\/v2\/product_brand?post=9105"},{"taxonomy":"product_cat","embeddable":true,"href":"https:\/\/ecoshop.ee\/en\/wp-json\/wp\/v2\/product_cat?post=9105"},{"taxonomy":"product_tag","embeddable":true,"href":"https:\/\/ecoshop.ee\/en\/wp-json\/wp\/v2\/product_tag?post=9105"}],"curies":[{"name":"wp","href":"https:\/\/api.w.org\/{rel}","templated":true}]}}