{"id":9125,"date":"2024-11-05T22:57:57","date_gmt":"2024-11-05T19:57:57","guid":{"rendered":"https:\/\/ecoshop.ee\/?post_type=product&#038;p=9125"},"modified":"2026-04-14T00:49:11","modified_gmt":"2026-04-13T21:49:11","slug":"large-bamboo-fruit-bowl-30cm","status":"publish","type":"product","link":"https:\/\/ecoshop.ee\/en\/noud-ja-koogitarbed\/suur-bambusest-puuviljakauss-30cm\/","title":{"rendered":"Large bamboo fruit bowl, 30cm"},"content":{"rendered":"<p>Our two-tone bamboo fruit bowl with a natural edge is a beautiful and practical addition to any home. Made in Vietnam by local artisans using the traditional bamboo fiber twisting technique, ensuring the bowl is plastic-free and unique.<\/p>\n<p>Each bowl is hand-painted and packaged in a recycled kraft paper box. With a modern and rustic design, the bowl is perfect for both the kitchen and as a centerpiece on the dining table. Use this bowl to store fruit or as an eye-catching table decoration.<\/p>\n<p><strong>The set includes:<\/strong><\/p>\n<ul>\n<li>1 x extra large bamboo fruit bowl (30cm)<\/li>\n<\/ul>\n<p><strong>Product specifications:<\/strong><\/p>\n<ul>\n<li>Packaged weight: 608g<\/li>\n<li>Dimensions: 30cm x 11.5cm x 30cm<\/li>\n<\/ul>\n<p><strong>Materials<\/strong>:<\/p>\n<ul>\n<li>Bamboo, water-based varnish<\/li>\n<\/ul>","protected":false},"excerpt":{"rendered":"<p>Meie kahetooniline bambusest puuviljakauss on loodusliku \u00e4\u00e4ristusega kaunis ja praktiline sisustuselement k\u00f5ikidesse kodudesse. Valmistatud Vietnamis kohalike k\u00e4sit\u00f6\u00f6liste poolt traditsioonilises bambuskiu keeramistehnikas, mis&hellip;<\/p>","protected":false},"featured_media":9126,"comment_status":"open","ping_status":"closed","template":"","meta":{"wprm-recipe-roundup-name":"","wprm-recipe-roundup-description":""},"product_brand":[12064],"product_cat":[247],"product_tag":[433,171],"class_list":{"0":"post-9125","1":"product","2":"type-product","3":"status-publish","4":"has-post-thumbnail","6":"product_brand-jungle-culture","7":"product_cat-noud-ja-koogitarbed","8":"product_tag-bambus","9":"product_tag-kauss","11":"first","12":"instock","13":"taxable","14":"shipping-taxable","15":"purchasable","16":"product-type-simple"},"supplier_id":9133,"supplier_sku":"","barcode":null,"atum_controlled":true,"out_stock_date":null,"out_stock_threshold":null,"inheritable":false,"inbound_stock":0,"stock_on_hold":0,"sold_today":0,"sales_last_days":0,"reserved_stock":0,"customer_returns":0,"warehouse_damage":0,"lost_in_post":0,"other_logs":0,"out_stock_days":0,"lost_sales":0,"has_location":false,"update_date":"2026-04-13T21:49:12","atum_locations":[],"atum_stock_status":"instock","restock_status":false,"low_stock_amount":1,"sales_update_date":"2026-03-07T01:16:14","calc_backorders":null,"aioseo_notices":[],"_links":{"self":[{"href":"https:\/\/ecoshop.ee\/en\/wp-json\/wp\/v2\/product\/9125","targetHints":{"allow":["GET"]}}],"collection":[{"href":"https:\/\/ecoshop.ee\/en\/wp-json\/wp\/v2\/product"}],"about":[{"href":"https:\/\/ecoshop.ee\/en\/wp-json\/wp\/v2\/types\/product"}],"replies":[{"embeddable":true,"href":"https:\/\/ecoshop.ee\/en\/wp-json\/wp\/v2\/comments?post=9125"}],"version-history":[{"count":0,"href":"https:\/\/ecoshop.ee\/en\/wp-json\/wp\/v2\/product\/9125\/revisions"}],"wp:featuredmedia":[{"embeddable":true,"href":"https:\/\/ecoshop.ee\/en\/wp-json\/wp\/v2\/media\/9126"}],"wp:attachment":[{"href":"https:\/\/ecoshop.ee\/en\/wp-json\/wp\/v2\/media?parent=9125"}],"wp:term":[{"taxonomy":"product_brand","embeddable":true,"href":"https:\/\/ecoshop.ee\/en\/wp-json\/wp\/v2\/product_brand?post=9125"},{"taxonomy":"product_cat","embeddable":true,"href":"https:\/\/ecoshop.ee\/en\/wp-json\/wp\/v2\/product_cat?post=9125"},{"taxonomy":"product_tag","embeddable":true,"href":"https:\/\/ecoshop.ee\/en\/wp-json\/wp\/v2\/product_tag?post=9125"}],"curies":[{"name":"wp","href":"https:\/\/api.w.org\/{rel}","templated":true}]}}