{"id":9789,"date":"2024-12-02T00:37:24","date_gmt":"2024-12-01T21:37:24","guid":{"rendered":"https:\/\/ecoshop.ee\/?post_type=product&#038;p=9789"},"modified":"2026-05-08T11:44:06","modified_gmt":"2026-05-08T08:44:06","slug":"bettr-granola-with-berries-and-coconut-organic-300g","status":"publish","type":"product","link":"https:\/\/ecoshop.ee\/en\/hommikusook-ja-granolad\/bettr-granola-marjade-ja-kookosega-mahe-300g\/","title":{"rendered":"Bett&#039;r granola with berries and coconut, organic, 300g"},"content":{"rendered":"<p>A nutritious and crunchy breakfast! Bett&#039;r granola combines gluten-free rolled oats, a variety of nuts, seeds, dried berries and coconut flakes. This rich blend is lightly sweetened with coconut nectar and rice syrup and baked until golden brown and perfectly crispy.<\/p>\n<ul>\n<li>Rich in seeds, nuts and coconut<\/li>\n<li>Gluten-free oatmeal<\/li>\n<li>Releases energy slowly throughout the day<\/li>\n<li>Coconut nectar adds a savory note<\/li>\n<\/ul>\n<p>The perfect way to add energy and flavor to your morning!<\/p>","protected":false},"excerpt":{"rendered":"<p>Toitev ja kr\u00f5mpsuv hommikus\u00f6\u00f6k! Bett\u2019r granola \u00fchendab gluteenivabad kaerahelbed, mitmesugused p\u00e4hklid, seemned, kuivatatud marjad ja kookoshelbed. Kogu see rikkalik segu on kergelt&hellip;<\/p>","protected":false},"featured_media":9790,"comment_status":"open","ping_status":"closed","template":"","meta":{"wprm-recipe-roundup-name":"","wprm-recipe-roundup-description":""},"product_brand":[11995],"product_cat":[514,240,303,302],"product_tag":[296,531,516,297],"class_list":{"0":"post-9789","1":"product","2":"type-product","3":"status-publish","4":"has-post-thumbnail","6":"product_brand-bettr","7":"product_cat-hommikusook-ja-granolad","8":"product_cat-allahinnatud","9":"product_cat-mahetooted","10":"product_cat-gluteenivaba","11":"product_tag-gluteenivaba","12":"product_tag-granola","13":"product_tag-hommikuhelbed","14":"product_tag-mahe","15":"j79_wcxd_expiry_type-best-before","17":"first","18":"instock","19":"sale","20":"taxable","21":"shipping-taxable","22":"purchasable","23":"product-type-simple"},"supplier_id":9165,"supplier_sku":"","barcode":"3800233680577","atum_controlled":true,"out_stock_date":null,"out_stock_threshold":null,"inheritable":false,"inbound_stock":0,"stock_on_hold":0,"sold_today":0,"sales_last_days":3,"reserved_stock":0,"customer_returns":0,"warehouse_damage":0,"lost_in_post":0,"other_logs":0,"out_stock_days":0,"lost_sales":0,"has_location":false,"update_date":"2026-05-12T12:37:21","atum_locations":[],"atum_stock_status":"instock","restock_status":true,"low_stock_amount":"","sales_update_date":"2026-05-12T12:37:21","calc_backorders":null,"aioseo_notices":[],"_links":{"self":[{"href":"https:\/\/ecoshop.ee\/en\/wp-json\/wp\/v2\/product\/9789","targetHints":{"allow":["GET"]}}],"collection":[{"href":"https:\/\/ecoshop.ee\/en\/wp-json\/wp\/v2\/product"}],"about":[{"href":"https:\/\/ecoshop.ee\/en\/wp-json\/wp\/v2\/types\/product"}],"replies":[{"embeddable":true,"href":"https:\/\/ecoshop.ee\/en\/wp-json\/wp\/v2\/comments?post=9789"}],"version-history":[{"count":0,"href":"https:\/\/ecoshop.ee\/en\/wp-json\/wp\/v2\/product\/9789\/revisions"}],"wp:featuredmedia":[{"embeddable":true,"href":"https:\/\/ecoshop.ee\/en\/wp-json\/wp\/v2\/media\/9790"}],"wp:attachment":[{"href":"https:\/\/ecoshop.ee\/en\/wp-json\/wp\/v2\/media?parent=9789"}],"wp:term":[{"taxonomy":"product_brand","embeddable":true,"href":"https:\/\/ecoshop.ee\/en\/wp-json\/wp\/v2\/product_brand?post=9789"},{"taxonomy":"product_cat","embeddable":true,"href":"https:\/\/ecoshop.ee\/en\/wp-json\/wp\/v2\/product_cat?post=9789"},{"taxonomy":"product_tag","embeddable":true,"href":"https:\/\/ecoshop.ee\/en\/wp-json\/wp\/v2\/product_tag?post=9789"}],"curies":[{"name":"wp","href":"https:\/\/api.w.org\/{rel}","templated":true}]}}