{"id":17,"date":"2024-05-09T16:36:28","date_gmt":"2024-05-09T16:36:28","guid":{"rendered":"https:\/\/ecoshop.ee\/about\/"},"modified":"2026-04-18T22:42:09","modified_gmt":"2026-04-18T19:42:09","slug":"tietoa-meista","status":"publish","type":"page","link":"https:\/\/ecoshop.ee\/fi\/meist\/","title":{"rendered":"Tietoa meist\u00e4"},"content":{"rendered":"<div data-elementor-type=\"wp-page\" data-elementor-id=\"17\" class=\"elementor elementor-17\">\n\t\t\t\t<div class=\"elementor-element elementor-element-b86ba8a e-flex e-con-boxed e-con e-parent\" data-id=\"b86ba8a\" data-element_type=\"container\">\n\t\t\t\t\t<div class=\"e-con-inner\">\n\t\t\t\t<div class=\"elementor-element elementor-element-172cca8 elementor-widget elementor-widget-spacer\" data-id=\"172cca8\" data-element_type=\"widget\" data-widget_type=\"spacer.default\">\n\t\t\t\t\t\t\t<div class=\"elementor-spacer\">\n\t\t\t<div class=\"elementor-spacer-inner\"><\/div>\n\t\t<\/div>\n\t\t\t\t\t\t<\/div>\n\t\t\t\t<div class=\"elementor-element elementor-element-0194182 elementor-widget elementor-widget-heading\" data-id=\"0194182\" data-element_type=\"widget\" data-widget_type=\"heading.default\">\n\t\t\t\t\t<h1 class=\"elementor-heading-title elementor-size-default\">Ecoshopin tavoitteena on tukea kest\u00e4v\u00e4\u00e4 ja tiedostavaa kuluttajakulttuuria.<\/h1>\t\t\t\t<\/div>\n\t\t\t\t<div class=\"elementor-element elementor-element-48f0cd3 elementor-widget elementor-widget-spacer\" data-id=\"48f0cd3\" data-element_type=\"widget\" data-widget_type=\"spacer.default\">\n\t\t\t\t\t\t\t<div class=\"elementor-spacer\">\n\t\t\t<div class=\"elementor-spacer-inner\"><\/div>\n\t\t<\/div>\n\t\t\t\t\t\t<\/div>\n\t\t<div class=\"elementor-element elementor-element-503e906 e-grid e-con-full e-con e-child\" data-id=\"503e906\" data-element_type=\"container\">\n\t\t\t\t<div class=\"elementor-element elementor-element-fe202df elementor-widget elementor-widget-text-editor\" data-id=\"fe202df\" data-element_type=\"widget\" data-widget_type=\"text-editor.default\">\n\t\t\t\t\t\t\t\t\t<h3 class=\"elementor-heading-title elementor-size-default\" style=\"text-align: left;\">Paremman tulevaisuuden puolesta!<\/h3><h6 style=\"text-align: left;\">Ecoshop on sitoutunut tekem\u00e4\u00e4n ymp\u00e4rist\u00f6yst\u00e4v\u00e4llisist\u00e4 ja eettisesti tuotetuista tuotteista helpompia kaikille, jotta yhdess\u00e4 voimme n\u00e4hd\u00e4 suurempia muutoksia kohti yhteiskunnan kest\u00e4v\u00e4mp\u00e4\u00e4 ja empaattisempaa kehityst\u00e4. Haluamme, ett\u00e4 kaikki ymp\u00e4rill\u00e4mme olevat ihmiset ja el\u00e4imet ovat terveit\u00e4 ja onnellisia ja ett\u00e4 elinymp\u00e4rist\u00f6mme on hyvin hoidettu j\u00e4lkel\u00e4isillemme. Siksi asetamme itsellemme korkeat standardit sek\u00e4 tuotteiden laadun ett\u00e4 alkuper\u00e4n suhteen.<\/h6><h6>Kun ostat meilt\u00e4, voit olla tyytyv\u00e4inen sek\u00e4 tuotteeseen ett\u00e4 itseesi!<\/h6>\t\t\t\t\t\t\t\t<\/div>\n\t\t<div class=\"elementor-element elementor-element-c6371da e-grid e-con-full e-con e-child\" data-id=\"c6371da\" data-element_type=\"container\">\n\t\t\t\t<div class=\"elementor-element elementor-element-c6e3208 elementor-widget elementor-widget-image\" data-id=\"c6e3208\" data-element_type=\"widget\" data-widget_type=\"image.default\">\n\t\t\t\t\t\t\t\t\t\t\t\t\t\t\t<img decoding=\"async\" src=\"https:\/\/ecoshop.ee\/wp-content\/uploads\/2024\/12\/child-8676534_1280.webp\" title=\"child-8676534_1280\" alt=\"child-8676534_1280\" loading=\"lazy\" data-no-translation=\"\" \/>\t\t\t\t\t\t\t\t\t\t\t\t\t\t\t<\/div>\n\t\t\t\t<\/div>\n\t\t\t\t<\/div>\n\t\t\t\t<div class=\"elementor-element elementor-element-5e46b19 elementor-widget elementor-widget-spacer\" data-id=\"5e46b19\" data-element_type=\"widget\" data-widget_type=\"spacer.default\">\n\t\t\t\t\t\t\t<div class=\"elementor-spacer\">\n\t\t\t<div class=\"elementor-spacer-inner\"><\/div>\n\t\t<\/div>\n\t\t\t\t\t\t<\/div>\n\t\t\t\t<div class=\"elementor-element elementor-element-5e31e6b elementor-widget elementor-widget-text-editor\" data-id=\"5e31e6b\" data-element_type=\"widget\" data-widget_type=\"text-editor.default\">\n\t\t\t\t\t\t\t\t\t<h3>Arvot<\/h3>\n<h6>Sanoin ja teoin tuemme kuluttajien liikett\u00e4 kohti uusiutuvia, ymp\u00e4rist\u00f6yst\u00e4v\u00e4llisi\u00e4 ja eettisi\u00e4 valintoja.<\/h6>\n<h6>Etsimme jatkuvasti tapoja laajentaa tuotevalikoimaamme, parantaa k\u00e4ytt\u00f6mukavuutta ja parantaa palvelun laatua.<\/h6>\t\t\t\t\t\t\t\t<\/div>\n\t\t\t\t<div class=\"elementor-element elementor-element-d6a4451 elementor-widget elementor-widget-spacer\" data-id=\"d6a4451\" data-element_type=\"widget\" data-widget_type=\"spacer.default\">\n\t\t\t\t\t\t\t<div class=\"elementor-spacer\">\n\t\t\t<div class=\"elementor-spacer-inner\"><\/div>\n\t\t<\/div>\n\t\t\t\t\t\t<\/div>\n\t\t\t\t<div class=\"elementor-element elementor-element-41d4688 elementor-align-center elementor-widget elementor-widget-ideapark-button\" data-id=\"41d4688\" data-element_type=\"widget\" data-widget_type=\"ideapark-button.default\">\n\t\t\t\t<div class=\"elementor-widget-container\">\n\t\t\t\t\t\t\t<div class=\"c-ip-button__wrap\">\n\t\t\t<a href=\"https:\/\/ecoshop.ee\/fi\/tietoinen-kuluttaminen\/\" class=\"c-button c-ip-button c-button--outline\" role=\"button\">\n\t\t\t\t\t\t\t\t<span class=\"c-ip-button__text\">Lue lis\u00e4\u00e4 tuotevalikoimastamme<\/span>\n\t\t\t\t\t\t\t<\/a>\n\t\t<\/div>\n\t\t\t\t\t\t<\/div>\n\t\t\t\t<\/div>\n\t\t\t\t<div class=\"elementor-element elementor-element-1517a88 elementor-widget elementor-widget-spacer\" data-id=\"1517a88\" data-element_type=\"widget\" data-widget_type=\"spacer.default\">\n\t\t\t\t\t\t\t<div class=\"elementor-spacer\">\n\t\t\t<div class=\"elementor-spacer-inner\"><\/div>\n\t\t<\/div>\n\t\t\t\t\t\t<\/div>\n\t\t\t\t\t<\/div>\n\t\t\t\t<\/div>\n\t\t\t\t<\/div>","protected":false},"excerpt":{"rendered":"<p>Ecoshopi eesm\u00e4rk on toetada j\u00e4tkusuutlikku ja teadlikku tarbimiskultuuri Ilusama tuleviku nimel! Ecoshopi p\u00fchendumus on teha keskkonnas\u00f5bralikul ja eetilisel teel valmistatud toodete k\u00e4ttesaadavus&hellip;<\/p>","protected":false},"author":1,"featured_media":0,"parent":0,"menu_order":0,"comment_status":"closed","ping_status":"closed","template":"elementor_header_footer","meta":{"wprm-recipe-roundup-name":"","wprm-recipe-roundup-description":"","footnotes":""},"class_list":["post-17","page","type-page","status-publish","hentry"],"aioseo_notices":[],"_links":{"self":[{"href":"https:\/\/ecoshop.ee\/fi\/wp-json\/wp\/v2\/pages\/17","targetHints":{"allow":["GET"]}}],"collection":[{"href":"https:\/\/ecoshop.ee\/fi\/wp-json\/wp\/v2\/pages"}],"about":[{"href":"https:\/\/ecoshop.ee\/fi\/wp-json\/wp\/v2\/types\/page"}],"author":[{"embeddable":true,"href":"https:\/\/ecoshop.ee\/fi\/wp-json\/wp\/v2\/users\/1"}],"replies":[{"embeddable":true,"href":"https:\/\/ecoshop.ee\/fi\/wp-json\/wp\/v2\/comments?post=17"}],"version-history":[{"count":4,"href":"https:\/\/ecoshop.ee\/fi\/wp-json\/wp\/v2\/pages\/17\/revisions"}],"predecessor-version":[{"id":395972,"href":"https:\/\/ecoshop.ee\/fi\/wp-json\/wp\/v2\/pages\/17\/revisions\/395972"}],"wp:attachment":[{"href":"https:\/\/ecoshop.ee\/fi\/wp-json\/wp\/v2\/media?parent=17"}],"curies":[{"name":"wp","href":"https:\/\/api.w.org\/{rel}","templated":true}]}}