{"id":3310,"date":"2024-05-11T21:14:00","date_gmt":"2024-05-11T18:14:00","guid":{"rendered":"https:\/\/ecoshop.ee\/?page_id=3310"},"modified":"2025-12-07T18:05:13","modified_gmt":"2025-12-07T15:05:13","slug":"tietosuojakaytanto","status":"publish","type":"page","link":"https:\/\/ecoshop.ee\/fi\/privaatsuspoliitika\/","title":{"rendered":"Tietosuojak\u00e4yt\u00e4nt\u00f6"},"content":{"rendered":"<div data-elementor-type=\"wp-page\" data-elementor-id=\"3310\" class=\"elementor elementor-3310\">\n\t\t\t\t<div class=\"elementor-element elementor-element-2d8891d e-flex e-con-boxed e-con e-parent\" data-id=\"2d8891d\" data-element_type=\"container\">\n\t\t\t\t\t<div class=\"e-con-inner\">\n\t\t\t\t<div class=\"elementor-element elementor-element-3e96c6b elementor-widget elementor-widget-heading\" data-id=\"3e96c6b\" data-element_type=\"widget\" data-widget_type=\"heading.default\">\n\t\t\t\t\t<h2 class=\"elementor-heading-title elementor-size-default\">Tietosuojak\u00e4yt\u00e4nt\u00f6<\/h2>\t\t\t\t<\/div>\n\t\t\t\t<div class=\"elementor-element elementor-element-1544e86 elementor-widget elementor-widget-spacer\" data-id=\"1544e86\" data-element_type=\"widget\" data-widget_type=\"spacer.default\">\n\t\t\t\t\t\t\t<div class=\"elementor-spacer\">\n\t\t\t<div class=\"elementor-spacer-inner\"><\/div>\n\t\t<\/div>\n\t\t\t\t\t\t<\/div>\n\t\t\t\t<div class=\"elementor-element elementor-element-91d63ac elementor-widget elementor-widget-text-editor\" data-id=\"91d63ac\" data-element_type=\"widget\" data-widget_type=\"text-editor.default\">\n\t\t\t\t\t\t\t\t\t<p>T\u00e4m\u00e4 tietosuojak\u00e4yt\u00e4nt\u00f6 selitt\u00e4\u00e4, miten PlantBased O\u00dc (rekisterinpit\u00e4j\u00e4), joka yll\u00e4pit\u00e4\u00e4 ecoshop.ee-verkkosivustoa, ker\u00e4\u00e4, k\u00e4ytt\u00e4\u00e4 ja suojaa henkil\u00f6tietojasi, kun k\u00e4yt\u00e4t verkkosivustoa tai teet ostoksia. PlantBased O\u00dc k\u00e4sittelee henkil\u00f6tietoja Euroopan unionin yleisen tietosuoja-asetuksen (GDPR) ja Viron lains\u00e4\u00e4d\u00e4nn\u00f6n mukaisesti.<\/p>\t\t\t\t\t\t\t\t<\/div>\n\t\t\t\t<div class=\"elementor-element elementor-element-46de130 elementor-widget elementor-widget-spacer\" data-id=\"46de130\" data-element_type=\"widget\" data-widget_type=\"spacer.default\">\n\t\t\t\t\t\t\t<div class=\"elementor-spacer\">\n\t\t\t<div class=\"elementor-spacer-inner\"><\/div>\n\t\t<\/div>\n\t\t\t\t\t\t<\/div>\n\t\t\t\t<div class=\"elementor-element elementor-element-9c1ca19 elementor-widget elementor-widget-heading\" data-id=\"9c1ca19\" data-element_type=\"widget\" data-widget_type=\"heading.default\">\n\t\t\t\t\t<h2 class=\"elementor-heading-title elementor-size-default\">Henkil\u00f6tietojen ker\u00e4\u00e4minen<\/h2>\t\t\t\t<\/div>\n\t\t\t\t\t<\/div>\n\t\t\t\t<\/div>\n\t\t<div class=\"elementor-element elementor-element-39206bd e-flex e-con-boxed e-con e-parent\" data-id=\"39206bd\" data-element_type=\"container\">\n\t\t\t\t\t<div class=\"e-con-inner\">\n\t\t\t\t<div class=\"elementor-element elementor-element-d65afc8 elementor-widget elementor-widget-spacer\" data-id=\"d65afc8\" data-element_type=\"widget\" data-widget_type=\"spacer.default\">\n\t\t\t\t\t\t\t<div class=\"elementor-spacer\">\n\t\t\t<div class=\"elementor-spacer-inner\"><\/div>\n\t\t<\/div>\n\t\t\t\t\t\t<\/div>\n\t\t\t\t<div class=\"elementor-element elementor-element-7f0657e elementor-widget elementor-widget-text-editor\" data-id=\"7f0657e\" data-element_type=\"widget\" data-widget_type=\"text-editor.default\">\n\t\t\t\t\t\t\t\t\t<p>K\u00e4ytt\u00e4m\u00e4ll\u00e4 verkkosivustoa ja tekem\u00e4ll\u00e4 maksutapahtumia suostut perushenkil\u00f6tietojesi ker\u00e4\u00e4miseen ja k\u00e4sittelyyn. Henkil\u00f6tietojen ker\u00e4\u00e4minen voi sis\u00e4lt\u00e4\u00e4 tietoja, kuten nimesi, osoitteesi, s\u00e4hk\u00f6postiosoitteesi, puhelinnumerosi, maksutietosi ja muita tietoja, jotka annat meille vapaaehtoisesti. Maksutietojasi ei tallenneta tietokantoihimme.<\/p>\t\t\t\t\t\t\t\t<\/div>\n\t\t\t\t<div class=\"elementor-element elementor-element-abf6f05 elementor-widget elementor-widget-spacer\" data-id=\"abf6f05\" data-element_type=\"widget\" data-widget_type=\"spacer.default\">\n\t\t\t\t\t\t\t<div class=\"elementor-spacer\">\n\t\t\t<div class=\"elementor-spacer-inner\"><\/div>\n\t\t<\/div>\n\t\t\t\t\t\t<\/div>\n\t\t\t\t<div class=\"elementor-element elementor-element-2d27dac elementor-widget elementor-widget-heading\" data-id=\"2d27dac\" data-element_type=\"widget\" data-widget_type=\"heading.default\">\n\t\t\t\t\t<h2 class=\"elementor-heading-title elementor-size-default\">K\u00e4yt\u00e4mme henkil\u00f6tietojasi seuraaviin tarkoituksiin:<\/h2>\t\t\t\t<\/div>\n\t\t\t\t\t<\/div>\n\t\t\t\t<\/div>\n\t\t<div class=\"elementor-element elementor-element-1641898 e-flex e-con-boxed e-con e-parent\" data-id=\"1641898\" data-element_type=\"container\">\n\t\t\t\t\t<div class=\"e-con-inner\">\n\t\t\t\t<div class=\"elementor-element elementor-element-9411d7e elementor-widget elementor-widget-spacer\" data-id=\"9411d7e\" data-element_type=\"widget\" data-widget_type=\"spacer.default\">\n\t\t\t\t\t\t\t<div class=\"elementor-spacer\">\n\t\t\t<div class=\"elementor-spacer-inner\"><\/div>\n\t\t<\/div>\n\t\t\t\t\t\t<\/div>\n\t\t\t\t<div class=\"elementor-element elementor-element-d9654bf elementor-widget elementor-widget-text-editor\" data-id=\"d9654bf\" data-element_type=\"widget\" data-widget_type=\"text-editor.default\">\n\t\t\t\t\t\t\t\t\t<ul><li>Tilausten t\u00e4ytt\u00e4minen ja palveluidemme tarjoaminen.<\/li><li>Tilauksiin ja tiedusteluihin liittyv\u00e4 viestint\u00e4 kanssasi.<\/li><li>Tilisi hallinta ja k\u00e4ytt\u00f6oikeuden tarjoaminen.<\/li><li>Verkkokaupan k\u00e4ytt\u00f6kokemuksen parantaminen<\/li><li>Markkinointi- ja myynninedist\u00e4mistarkoituksiin, jos olet antanut t\u00e4h\u00e4n suostumuksesi.<\/li><\/ul><div>Tietojen tallennuksen ja k\u00e4sittelyn oikeusperusta on <strong>GDPR:n 6 artikla<\/strong><\/div>\t\t\t\t\t\t\t\t<\/div>\n\t\t\t\t<div class=\"elementor-element elementor-element-8579632 elementor-widget elementor-widget-spacer\" data-id=\"8579632\" data-element_type=\"widget\" data-widget_type=\"spacer.default\">\n\t\t\t\t\t\t\t<div class=\"elementor-spacer\">\n\t\t\t<div class=\"elementor-spacer-inner\"><\/div>\n\t\t<\/div>\n\t\t\t\t\t\t<\/div>\n\t\t\t\t<div class=\"elementor-element elementor-element-fdf0d82 elementor-widget elementor-widget-heading\" data-id=\"fdf0d82\" data-element_type=\"widget\" data-widget_type=\"heading.default\">\n\t\t\t\t\t<h2 class=\"elementor-heading-title elementor-size-default\">Henkil\u00f6tietojen jakaminen<\/h2>\t\t\t\t<\/div>\n\t\t\t\t<div class=\"elementor-element elementor-element-1ed30c1 elementor-widget elementor-widget-spacer\" data-id=\"1ed30c1\" data-element_type=\"widget\" data-widget_type=\"spacer.default\">\n\t\t\t\t\t\t\t<div class=\"elementor-spacer\">\n\t\t\t<div class=\"elementor-spacer-inner\"><\/div>\n\t\t<\/div>\n\t\t\t\t\t\t<\/div>\n\t\t\t\t\t<\/div>\n\t\t\t\t<\/div>\n\t\t<div class=\"elementor-element elementor-element-681f414 e-con-full e-flex e-con e-parent\" data-id=\"681f414\" data-element_type=\"container\">\n\t\t\t\t<div class=\"elementor-element elementor-element-1e5dafc elementor-widget elementor-widget-text-editor\" data-id=\"1e5dafc\" data-element_type=\"widget\" data-widget_type=\"text-editor.default\">\n\t\t\t\t\t\t\t\t\t<p><span style=\"text-align: var(--text-align-left); letter-spacing: 0.28px; font-family: var(--font-text); color: var(--text-color);\">Verkkokaupan omistaja voi k\u00e4ytt\u00e4\u00e4 kolmannen osapuolen palveluita henkil\u00f6tietojen k\u00e4sittelyyn tai tallentamiseen.<\/span><\/p><p><span style=\"text-align: var(--text-align-left); letter-spacing: 0.28px; font-family: var(--font-text); color: var(--text-color);\">Maksujen suorittamista ja tilausten toimittamista varten siirr\u00e4mme tarvittavat henkil\u00f6tiedot valtuutetuille k\u00e4sittelij\u00f6ille Montonio Finance UAB, Smartposti O\u00dc, AS Eesti Post (Omniva), DPD Eesti AS, Venipak Eesti O\u00dc.\u00a0<\/span><\/p><p><span style=\"text-align: var(--text-align-left); letter-spacing: 0.28px; font-family: var(--font-text); color: var(--text-color);\"> Tarjoamme mahdollisuuden luoda tilin tai kirjautua sis\u00e4\u00e4n Google- tai Facebook-palveluntarjoajan kautta. Kun k\u00e4yt\u00e4t t\u00e4t\u00e4 ominaisuutta, valitsemasi palveluntarjoaja antaa meille perustietoja (kuten nimesi ja s\u00e4hk\u00f6postiosoitteesi). K\u00e4yt\u00e4mme n\u00e4it\u00e4 tietoja ainoastaan luodaksemme tai tunnistaaksemme sinut ecoshop.ee-ymp\u00e4rist\u00f6ss\u00e4.<br data-start=\"486\" data-end=\"489\" \/>Emme k\u00e4yt\u00e4 muita tietoja sosiaalisen median tililt\u00e4si, ja kaikkia tietoja k\u00e4sitell\u00e4\u00e4n t\u00e4m\u00e4n tietosuojak\u00e4yt\u00e4nn\u00f6n mukaisesti.<\/span><\/p><p>Emme jaa henkil\u00f6tietojasi kolmansille osapuolille ilman suostumustasi, ellei laki sit\u00e4 vaadi.<\/p>\t\t\t\t\t\t\t\t<\/div>\n\t\t\t\t<div class=\"elementor-element elementor-element-b990b51 elementor-widget elementor-widget-spacer\" data-id=\"b990b51\" data-element_type=\"widget\" data-widget_type=\"spacer.default\">\n\t\t\t\t\t\t\t<div class=\"elementor-spacer\">\n\t\t\t<div class=\"elementor-spacer-inner\"><\/div>\n\t\t<\/div>\n\t\t\t\t\t\t<\/div>\n\t\t\t\t<div class=\"elementor-element elementor-element-23e69ef elementor-widget elementor-widget-heading\" data-id=\"23e69ef\" data-element_type=\"widget\" data-widget_type=\"heading.default\">\n\t\t\t\t\t<h2 class=\"elementor-heading-title elementor-size-default\">Yst\u00e4v\u00e4llisin terveisinused<\/h2>\t\t\t\t<\/div>\n\t\t\t\t<div class=\"elementor-element elementor-element-73b8e25 elementor-widget elementor-widget-spacer\" data-id=\"73b8e25\" data-element_type=\"widget\" data-widget_type=\"spacer.default\">\n\t\t\t\t\t\t\t<div class=\"elementor-spacer\">\n\t\t\t<div class=\"elementor-spacer-inner\"><\/div>\n\t\t<\/div>\n\t\t\t\t\t\t<\/div>\n\t\t\t\t<div class=\"elementor-element elementor-element-46bf955 elementor-widget elementor-widget-text-editor\" data-id=\"46bf955\" data-element_type=\"widget\" data-widget_type=\"text-editor.default\">\n\t\t\t\t\t\t\t\t\t<p data-start=\"3303\" data-end=\"3345\">GDPR:n 15\u201322 artiklan nojalla sinulla on oikeus:<\/p><ul data-start=\"3347\" data-end=\"3644\"><li data-start=\"3347\" data-end=\"3386\"><p data-start=\"3349\" data-end=\"3386\">Hanki p\u00e4\u00e4sy henkil\u00f6tietoihisi<\/p><\/li><li data-start=\"3387\" data-end=\"3435\"><p data-start=\"3389\" data-end=\"3435\">Pyyd\u00e4 tietojen korjaamista tai poistamista<\/p><\/li><li data-start=\"3436\" data-end=\"3466\"><p data-start=\"3438\" data-end=\"3466\">Rajoita tietojenk\u00e4sittely\u00e4<\/p><\/li><li data-start=\"3467\" data-end=\"3512\"><p data-start=\"3469\" data-end=\"3512\">Vastusta tietojenk\u00e4sittely\u00e4<\/p><\/li><li data-start=\"3513\" data-end=\"3546\"><p data-start=\"3515\" data-end=\"3546\">Markkinointisuostumuksen peruuttaminen<\/p><\/li><li data-start=\"3547\" data-end=\"3579\"><p data-start=\"3549\" data-end=\"3579\">Pyyd\u00e4 tietojen siirrett\u00e4vyytt\u00e4<\/p><\/li><li data-start=\"3580\" data-end=\"3644\"><p data-start=\"3582\" data-end=\"3644\">L\u00e4het\u00e4 valitus <strong data-start=\"3597\" data-end=\"3628\">Tietosuojavaltuutetulle<\/strong> (<a class=\"decorated-link cursor-pointer\" rel=\"noopener\" data-start=\"3630\" data-end=\"3641\">info@aki.ee<\/a>)<\/p><\/li><\/ul>\t\t\t\t\t\t\t\t<\/div>\n\t\t\t\t<div class=\"elementor-element elementor-element-d6fcd76 elementor-widget elementor-widget-spacer\" data-id=\"d6fcd76\" data-element_type=\"widget\" data-widget_type=\"spacer.default\">\n\t\t\t\t\t\t\t<div class=\"elementor-spacer\">\n\t\t\t<div class=\"elementor-spacer-inner\"><\/div>\n\t\t<\/div>\n\t\t\t\t\t\t<\/div>\n\t\t\t\t<\/div>\n\t\t<div class=\"elementor-element elementor-element-c41fa2f e-flex e-con-boxed e-con e-parent\" data-id=\"c41fa2f\" data-element_type=\"container\">\n\t\t\t\t\t<div class=\"e-con-inner\">\n\t\t\t\t<div class=\"elementor-element elementor-element-d90fa30 elementor-widget elementor-widget-heading\" data-id=\"d90fa30\" data-element_type=\"widget\" data-widget_type=\"heading.default\">\n\t\t\t\t\t<h2 class=\"elementor-heading-title elementor-size-default\">Ev\u00e4steiden k\u00e4ytt\u00f6<\/h2>\t\t\t\t<\/div>\n\t\t\t\t<div class=\"elementor-element elementor-element-8741d14 elementor-widget elementor-widget-spacer\" data-id=\"8741d14\" data-element_type=\"widget\" data-widget_type=\"spacer.default\">\n\t\t\t\t\t\t\t<div class=\"elementor-spacer\">\n\t\t\t<div class=\"elementor-spacer-inner\"><\/div>\n\t\t<\/div>\n\t\t\t\t\t\t<\/div>\n\t\t\t\t\t<\/div>\n\t\t\t\t<\/div>\n\t\t<div class=\"elementor-element elementor-element-01fe085 e-flex e-con-boxed e-con e-parent\" data-id=\"01fe085\" data-element_type=\"container\">\n\t\t\t\t\t<div class=\"e-con-inner\">\n\t\t\t\t<div class=\"elementor-element elementor-element-1553a7d elementor-widget elementor-widget-text-editor\" data-id=\"1553a7d\" data-element_type=\"widget\" data-widget_type=\"text-editor.default\">\n\t\t\t\t\t\t\t\t\t<p>K\u00e4yt\u00e4mme ev\u00e4steit\u00e4 varmistaaksemme verkkokaupan toiminnan ja tallentaaksemme henkil\u00f6kohtaisia ostoskoreja. Voimme k\u00e4ytt\u00e4\u00e4 ev\u00e4steit\u00e4 my\u00f6s analysoidaksemme liikennett\u00e4 ja parantaaksemme ostokokemusta. Suostumuksellasi voimme k\u00e4ytt\u00e4\u00e4 ev\u00e4steit\u00e4 my\u00f6s markkinointitarkoituksiin.<\/p>\t\t\t\t\t\t\t\t<\/div>\n\t\t\t\t<div class=\"elementor-element elementor-element-17be749 elementor-widget elementor-widget-spacer\" data-id=\"17be749\" data-element_type=\"widget\" data-widget_type=\"spacer.default\">\n\t\t\t\t\t\t\t<div class=\"elementor-spacer\">\n\t\t\t<div class=\"elementor-spacer-inner\"><\/div>\n\t\t<\/div>\n\t\t\t\t\t\t<\/div>\n\t\t\t\t<div class=\"elementor-element elementor-element-ed6f9fb elementor-widget elementor-widget-heading\" data-id=\"ed6f9fb\" data-element_type=\"widget\" data-widget_type=\"heading.default\">\n\t\t\t\t\t<h2 class=\"elementor-heading-title elementor-size-default\">Tietojen s\u00e4ilytys<\/h2>\t\t\t\t<\/div>\n\t\t\t\t<div class=\"elementor-element elementor-element-d8c08c3 elementor-widget elementor-widget-spacer\" data-id=\"d8c08c3\" data-element_type=\"widget\" data-widget_type=\"spacer.default\">\n\t\t\t\t\t\t\t<div class=\"elementor-spacer\">\n\t\t\t<div class=\"elementor-spacer-inner\"><\/div>\n\t\t<\/div>\n\t\t\t\t\t\t<\/div>\n\t\t\t\t<div class=\"elementor-element elementor-element-87f52ae elementor-widget elementor-widget-text-editor\" data-id=\"87f52ae\" data-element_type=\"widget\" data-widget_type=\"text-editor.default\">\n\t\t\t\t\t\t\t\t\t<p data-start=\"2992\" data-end=\"3051\">S\u00e4ilyt\u00e4mme henkil\u00f6tietoja vain niin kauan kuin on tarpeen:<\/p><ul data-start=\"3053\" data-end=\"3273\"><li data-start=\"3053\" data-end=\"3113\"><p data-start=\"3055\" data-end=\"3113\">Tilaustiedot: <strong data-start=\"3072\" data-end=\"3086\">7 vuotta<\/strong> (kirjanpitovelvollisuus)<\/p><\/li><li data-start=\"3114\" data-end=\"3164\"><p data-start=\"3116\" data-end=\"3164\">K\u00e4ytt\u00e4j\u00e4tilin tiedot: tilin poistamiseen asti<\/p><\/li><li data-start=\"3165\" data-end=\"3213\"><p data-start=\"3167\" data-end=\"3213\">Markkinointisuostumus: kunnes peruutetaan<\/p><\/li><li data-start=\"3214\" data-end=\"3273\"><p data-start=\"3216\" data-end=\"3273\">Sosiaalisen median kirjautumistiedot: niin kauan kuin tili on aktiivinen<\/p><\/li><\/ul>\t\t\t\t\t\t\t\t<\/div>\n\t\t\t\t<div class=\"elementor-element elementor-element-e1a0944 elementor-widget elementor-widget-spacer\" data-id=\"e1a0944\" data-element_type=\"widget\" data-widget_type=\"spacer.default\">\n\t\t\t\t\t\t\t<div class=\"elementor-spacer\">\n\t\t\t<div class=\"elementor-spacer-inner\"><\/div>\n\t\t<\/div>\n\t\t\t\t\t\t<\/div>\n\t\t\t\t<div class=\"elementor-element elementor-element-7aeb6d1 elementor-widget elementor-widget-heading\" data-id=\"7aeb6d1\" data-element_type=\"widget\" data-widget_type=\"heading.default\">\n\t\t\t\t\t<h2 class=\"elementor-heading-title elementor-size-default\">Changeused:n tietosuojak\u00e4yt\u00e4nt\u00f6<\/h2>\t\t\t\t<\/div>\n\t\t\t\t<div class=\"elementor-element elementor-element-5a37598 elementor-widget elementor-widget-spacer\" data-id=\"5a37598\" data-element_type=\"widget\" data-widget_type=\"spacer.default\">\n\t\t\t\t\t\t\t<div class=\"elementor-spacer\">\n\t\t\t<div class=\"elementor-spacer-inner\"><\/div>\n\t\t<\/div>\n\t\t\t\t\t\t<\/div>\n\t\t\t\t<div class=\"elementor-element elementor-element-ab37e7e elementor-widget elementor-widget-text-editor\" data-id=\"ab37e7e\" data-element_type=\"widget\" data-widget_type=\"text-editor.default\">\n\t\t\t\t\t\t\t\t\t<p>Pid\u00e4t\u00e4mme oikeuden muuttaa tietosuojak\u00e4yt\u00e4nt\u00f6\u00e4mme milloin tahansa. Kehotamme sinua tarkistamaan sen s\u00e4\u00e4nn\u00f6llisesti. Muutokset julkaistaan verkkosivustolla ja ne astuvat voimaan v\u00e4litt\u00f6m\u00e4sti.<\/p>\t\t\t\t\t\t\t\t<\/div>\n\t\t\t\t<div class=\"elementor-element elementor-element-f858add elementor-widget elementor-widget-spacer\" data-id=\"f858add\" data-element_type=\"widget\" data-widget_type=\"spacer.default\">\n\t\t\t\t\t\t\t<div class=\"elementor-spacer\">\n\t\t\t<div class=\"elementor-spacer-inner\"><\/div>\n\t\t<\/div>\n\t\t\t\t\t\t<\/div>\n\t\t\t\t\t<\/div>\n\t\t\t\t<\/div>\n\t\t<div class=\"elementor-element elementor-element-11dc2ff e-flex e-con-boxed e-con e-parent\" data-id=\"11dc2ff\" data-element_type=\"container\">\n\t\t\t\t\t<div class=\"e-con-inner\">\n\t\t\t\t<div class=\"elementor-element elementor-element-4e9da99 elementor-widget elementor-widget-heading\" data-id=\"4e9da99\" data-element_type=\"widget\" data-widget_type=\"heading.default\">\n\t\t\t\t\t<h2 class=\"elementor-heading-title elementor-size-default\">Yhteystiedot<\/h2>\t\t\t\t<\/div>\n\t\t\t\t<div class=\"elementor-element elementor-element-d05c477 elementor-widget elementor-widget-spacer\" data-id=\"d05c477\" data-element_type=\"widget\" data-widget_type=\"spacer.default\">\n\t\t\t\t\t\t\t<div class=\"elementor-spacer\">\n\t\t\t<div class=\"elementor-spacer-inner\"><\/div>\n\t\t<\/div>\n\t\t\t\t\t\t<\/div>\n\t\t\t\t<div class=\"elementor-element elementor-element-ccbf9c9 elementor-widget elementor-widget-text-editor\" data-id=\"ccbf9c9\" data-element_type=\"widget\" data-widget_type=\"text-editor.default\">\n\t\t\t\t\t\t\t\t\t<p>Jos sinulla on kysytt\u00e4v\u00e4\u00e4 tai huolenaiheita tietosuojak\u00e4yt\u00e4nn\u00f6st\u00e4mme, ota meihin yhteytt\u00e4 osoitteessa <a href=\"http:\/\/ecoshop.ee\/fi\/yhteystiedot\/\">yhteydenottolomake<\/a> kautta tai kirjoittamalla info@ecoshop.ee<\/p>\t\t\t\t\t\t\t\t<\/div>\n\t\t\t\t<div class=\"elementor-element elementor-element-5b62275 elementor-widget elementor-widget-spacer\" data-id=\"5b62275\" data-element_type=\"widget\" data-widget_type=\"spacer.default\">\n\t\t\t\t\t\t\t<div class=\"elementor-spacer\">\n\t\t\t<div class=\"elementor-spacer-inner\"><\/div>\n\t\t<\/div>\n\t\t\t\t\t\t<\/div>\n\t\t\t\t<div class=\"elementor-element elementor-element-cde2e4b elementor-widget elementor-widget-text-editor\" data-id=\"cde2e4b\" data-element_type=\"widget\" data-widget_type=\"text-editor.default\">\n\t\t\t\t\t\t\t\t\t<p>Viimeksi muokattu: 07.12.2025<\/p>\t\t\t\t\t\t\t\t<\/div>\n\t\t\t\t\t<\/div>\n\t\t\t\t<\/div>\n\t\t\t\t<\/div>","protected":false},"excerpt":{"rendered":"<p>Privaatsuspoliitika K\u00e4esolev privaatsuspoliitika selgitab, kuidas ecoshop.ee veebilehte haldav PlantBased O\u00dc (vastutav t\u00f6\u00f6tleja) kogub, kasutab ja kaitseb teie isikuandmeid veebilehe kasutamisel v\u00f5i ostude&hellip;<\/p>","protected":false},"author":1,"featured_media":0,"parent":0,"menu_order":0,"comment_status":"closed","ping_status":"closed","template":"","meta":{"wprm-recipe-roundup-name":"","wprm-recipe-roundup-description":"","footnotes":""},"class_list":["post-3310","page","type-page","status-publish","hentry"],"aioseo_notices":[],"_links":{"self":[{"href":"https:\/\/ecoshop.ee\/fi\/wp-json\/wp\/v2\/pages\/3310","targetHints":{"allow":["GET"]}}],"collection":[{"href":"https:\/\/ecoshop.ee\/fi\/wp-json\/wp\/v2\/pages"}],"about":[{"href":"https:\/\/ecoshop.ee\/fi\/wp-json\/wp\/v2\/types\/page"}],"author":[{"embeddable":true,"href":"https:\/\/ecoshop.ee\/fi\/wp-json\/wp\/v2\/users\/1"}],"replies":[{"embeddable":true,"href":"https:\/\/ecoshop.ee\/fi\/wp-json\/wp\/v2\/comments?post=3310"}],"version-history":[{"count":0,"href":"https:\/\/ecoshop.ee\/fi\/wp-json\/wp\/v2\/pages\/3310\/revisions"}],"wp:attachment":[{"href":"https:\/\/ecoshop.ee\/fi\/wp-json\/wp\/v2\/media?parent=3310"}],"curies":[{"name":"wp","href":"https:\/\/api.w.org\/{rel}","templated":true}]}}